{"id":14999,"date":"2024-11-20T07:23:06","date_gmt":"2024-11-20T07:23:06","guid":{"rendered":"https:\/\/beautysba.co.uk\/product\/%d1%81%d0%be%d0%bb%d1%8c-%d0%b4%d0%bb%d1%8f-%d0%b2%d0%b0%d0%bd%d0%bd-%d0%b6%d0%b5%d0%bb%d0%b0%d0%bd%d0%b0-%d1%81-%d0%bf%d0%b5%d0%bd%d0%be%d0%b9-%d0%b8%d0%bb%d0%b0%d0%bd%d0%b3-%d0%b8%d0%bb%d0%b0%d0%bd\/"},"modified":"2024-11-20T07:32:56","modified_gmt":"2024-11-20T07:32:56","slug":"%d1%81%d0%be%d0%bb%d1%8c-%d0%b4%d0%bb%d1%8f-%d0%b2%d0%b0%d0%bd%d0%bd-%d0%b6%d0%b5%d0%bb%d0%b0%d0%bd%d0%b0-%d1%81-%d0%bf%d0%b5%d0%bd%d0%be%d0%b9-%d0%b8%d0%bb%d0%b0%d0%bd%d0%b3-%d0%b8%d0%bb%d0%b0%d0%bd","status":"publish","type":"product","link":"https:\/\/beautysba.co.uk\/lt\/produktas\/%d1%81%d0%be%d0%bb%d1%8c-%d0%b4%d0%bb%d1%8f-%d0%b2%d0%b0%d0%bd%d0%bd-%d0%b6%d0%b5%d0%bb%d0%b0%d0%bd%d0%b0-%d1%81-%d0%bf%d0%b5%d0%bd%d0%be%d0%b9-%d0%b8%d0%bb%d0%b0%d0%bd%d0%b3-%d0%b8%d0%bb%d0%b0%d0%bd\/","title":{"rendered":"&#8220;Gelana&#8221; vonios druska su Ylang-ylang putomis 500 g"},"content":{"rendered":"<p>Kar\u0161ta burbulin\u0117 vonia pad\u0117s atsipalaiduoti po ilgos ir sunkios dienos. O jei naudosite j\u016bros drusk\u0105 i\u0161 &#8220;Aqua Cosmetics&#8221;, gausite dvigubai didesn\u012f gydom\u0105j\u012f ir profilaktin\u012f poveik\u012f odai ir visam organizmui. J\u016bros druska su putomis &#8220;Ylang-ylang&#8221; pasi\u017eymi lengvu, bet labai subtiliu ir maloniu aromatu, kuris nukels jus \u012f piev\u0105 vidury \u017eydin\u010dio sodo ir leis atitraukti d\u0117mes\u012f nuo sunki\u0173 ir \u012ftempt\u0173 darbo dien\u0173. Produktas praturtintas baltuoju moliu, kuris gerina kraujotak\u0105 ir med\u017eiag\u0173 apykait\u0105, normalizuoja pagrindines odos funkcijas ir skatina kruop\u0161t\u0173 dermos valym\u0105. J\u016bros druska padeda pa\u0161alinti toksinus ir toksines med\u017eiagas, pa\u0161alinti keratinin\u012f sluoksn\u012f ir suteikti odai elastingumo, o ylang-ylang ekstraktas padeda atjauninti od\u0105 ir patikimai apsaugoti j\u0105 nuo neigiam\u0173 veiksni\u0173. Pasinerkite \u012f kvapni\u0105 &#8220;Aqua Cosmetics&#8221; voni\u0105, pamir\u0161kite visas problemas ir r\u016bpes\u010dius, atsipalaiduokite ir atgaukite j\u0117gas. Jus prad\u017eiugins tokios nuostabios vandens proced\u016bros! <\/p>\n","protected":false},"excerpt":{"rendered":"<p>Kar\u0161ta burbulin\u0117 vonia pad\u0117s atsipalaiduoti po ilgos ir sunkios dienos. O jei naudosite j\u016bros drusk\u0105 i\u0161 &#8220;Aqua Cosmetics&#8221;, gausite dvigubai didesn\u012f gydom\u0105j\u012f ir profilaktin\u012f poveik\u012f odai ir visam organizmui. J\u016bros druska su putomis &#8220;Ylang-ylang&#8221; pasi\u017eymi lengvu, bet labai subtiliu ir maloniu aromatu, kuris nukels jus \u012f piev\u0105 vidury \u017eydin\u010dio sodo ir leis atitraukti d\u0117mes\u012f nuo [&hellip;]<\/p>\n","protected":false},"featured_media":14997,"comment_status":"open","ping_status":"closed","template":"","meta":[],"product_brand":[],"product_cat":[191,276],"product_tag":[],"class_list":{"0":"post-14999","1":"product","2":"type-product","3":"status-publish","4":"has-post-thumbnail","6":"product_cat-tualeto-reikmenys","7":"product_cat----lt","9":"first","10":"instock","11":"shipping-taxable","12":"purchasable","13":"product-type-simple"},"_links":{"self":[{"href":"https:\/\/beautysba.co.uk\/lt\/wp-json\/wp\/v2\/product\/14999","targetHints":{"allow":["GET"]}}],"collection":[{"href":"https:\/\/beautysba.co.uk\/lt\/wp-json\/wp\/v2\/product"}],"about":[{"href":"https:\/\/beautysba.co.uk\/lt\/wp-json\/wp\/v2\/types\/product"}],"replies":[{"embeddable":true,"href":"https:\/\/beautysba.co.uk\/lt\/wp-json\/wp\/v2\/comments?post=14999"}],"wp:featuredmedia":[{"embeddable":true,"href":"https:\/\/beautysba.co.uk\/lt\/wp-json\/wp\/v2\/media\/14997"}],"wp:attachment":[{"href":"https:\/\/beautysba.co.uk\/lt\/wp-json\/wp\/v2\/media?parent=14999"}],"wp:term":[{"taxonomy":"product_brand","embeddable":true,"href":"https:\/\/beautysba.co.uk\/lt\/wp-json\/wp\/v2\/product_brand?post=14999"},{"taxonomy":"product_cat","embeddable":true,"href":"https:\/\/beautysba.co.uk\/lt\/wp-json\/wp\/v2\/product_cat?post=14999"},{"taxonomy":"product_tag","embeddable":true,"href":"https:\/\/beautysba.co.uk\/lt\/wp-json\/wp\/v2\/product_tag?post=14999"}],"curies":[{"name":"wp","href":"https:\/\/api.w.org\/{rel}","templated":true}]}}