{"id":15005,"date":"2024-11-20T07:30:34","date_gmt":"2024-11-20T07:30:34","guid":{"rendered":"https:\/\/beautysba.co.uk\/product\/%d1%88%d0%b2%d0%b5%d0%b4%d1%81%d0%ba%d0%b8%d0%b5-%d0%ba%d0%b0%d0%bf%d0%bb%d0%b8-500%d0%bc%d0%bb-40-%d1%82%d1%80%d0%b0%d0%b2-%d0%b4%d0%bb%d1%8f-%d0%b6%d0%b5%d0%bb%d1%83%d0%b4%d0%be%d1%87%d0%bd%d0%be\/"},"modified":"2024-11-20T07:32:43","modified_gmt":"2024-11-20T07:32:43","slug":"%d1%88%d0%b2%d0%b5%d0%b4%d1%81%d0%ba%d0%b8%d0%b5-%d0%ba%d0%b0%d0%bf%d0%bb%d0%b8-500%d0%bc%d0%bb-40-%d1%82%d1%80%d0%b0%d0%b2-%d0%b4%d0%bb%d1%8f-%d0%b6%d0%b5%d0%bb%d1%83%d0%b4%d0%be%d1%87%d0%bd%d0%be","status":"publish","type":"product","link":"https:\/\/beautysba.co.uk\/lt\/produktas\/%d1%88%d0%b2%d0%b5%d0%b4%d1%81%d0%ba%d0%b8%d0%b5-%d0%ba%d0%b0%d0%bf%d0%bb%d0%b8-500%d0%bc%d0%bb-40-%d1%82%d1%80%d0%b0%d0%b2-%d0%b4%d0%bb%d1%8f-%d0%b6%d0%b5%d0%bb%d1%83%d0%b4%d0%be%d1%87%d0%bd%d0%be\/","title":{"rendered":"\u0160vedi\u0161ki la\u0161ai 500ml (40 \u017eoleli\u0173 vir\u0161kinimo traktui)"},"content":{"rendered":"<p>\u0160vedi\u0161ki la\u0161ai i\u0161 40 \u017eoleli\u0173 &#8211; tai gydomoji galia \u017eoleli\u0173, kurios liaudies medicinoje naudojamos jau daugel\u012f am\u017ei\u0173. \u0160i unikali 40 vaista\u017eoli\u0173 kompozicija tinkt\u016bros pavidalu skirta i\u0161oriniam ir vidiniam vartojimui, vir\u0161kinimo sistemos sutrikimams, vir\u0161kinimui normalizuoti, med\u017eiag\u0173 apykaitai gerinti, kraujui, kepenims, inkstams, \u017earnynui valyti, padeda detoksikuoti organizm\u0105. La\u0161us taip pat galima vartoti: nudegimams, \u017eaizdoms, opoms, spuogams, b\u0117rimams, nusilpusiam imunitetui, gripui, gerkl\u0117s skausmui ir kt. \u0160vedi\u0161k\u0173 la\u0161\u0173 vartojimas pasi\u017eymi: antiseptiniu poveikiu, \u017eaizd\u0173 gijimu, prie\u0161u\u017edegiminiu, imunostimuliuojan\u010diu, prie\u0161grybeliniu, atsikos\u0117jim\u0105 lengvinan\u010diu poveikiu. Biologi\u0161kai aktyvus papildas i\u0161 40 vaista\u017eoli\u0173 u\u017epil\u0173 &#8211; tai ir papildomas vitamin\u0173, mineral\u0173, aminor\u016bg\u0161\u010di\u0173 ir eterini\u0173 aliej\u0173 \u0161altinis, palaikantis \u017emogaus organizmo j\u0117gas. Vartojimo b\u016bdas: vartoti po 2 desertinius \u0161auk\u0161telius (20 ml) per dien\u0105, galima skiesti vandeniu. Sud\u0117tis (2 desertiniai \u0161auk\u0161tai po 20 ml): Sud\u0117tis: auksa\u017eied\u017ei\u0173 gyslo\u010di\u0173 ekstraktas 63,03 mg, pomidoro ekstraktas 60,03 mg, m\u0117lyni\u0173 lap\u0173 ekstraktas 63,03 mg, gvazdik\u0117li\u0173 ekstraktas 63,03 mg, any\u017ei\u0173 ekstraktas 60,03 mg, kinini\u0173 ro\u017ei\u0173 \u017eiedlapi\u0173 ekstraktas 31,28 mg, plantanso ekstraktas 31,28 mg, pankolio vaisi\u0173 ekstraktas 31,28 mg, saldymed\u017eio \u0161akn\u0173 ekstraktas 31,28 mg, pipirm\u0117\u010di\u0173 lap\u0173 ekstraktas 31,28 mg, imbiero \u0161akn\u0173 ekstraktas 31,28 mg, pakalnut\u0117s ekstraktas 31,28 mg, cinamono \u017eiev\u0117s ekstraktas 31,28 mg, bra\u0161ki\u0173 lap\u0173 ekstraktas 31,28 mg, paprastosios \u0161andros ekstraktas 31,28 mg, melisos ekstraktas 15,44 mg, cikorijos \u0161akn\u0173 ekstraktas 15,44 mg, \u0161eivamed\u017eio \u017eied\u0173 ekstraktas 15,44 mg, ramun\u0117li\u0173 \u017eied\u0173 ekstraktas 15,44 mg, rozmarino lap\u0173 ekstraktas 15,44 mg,44 mg, lemon peel extract 15.44 mg, raspberry leaf extract 6.23 mg, oregano extract 5.41 mg, caraway fruit extract 4.98 mg, basil extract 4.16 mg, juniper fruit extract 2.90 mg, marjoram extract 2.08 mg, goldenseal extract 1.25 mg, lavender extract 0.78 mg, linden flower extract 0.78 mg, calendula extract 0,78 mg, \u0161alavijo lap\u0173 ekstraktas 0,78 mg, \u010diobreli\u0173 ekstraktas 0,78 mg, dilg\u0117li\u0173 ekstraktas 0,63 mg, kalendr\u0173 vaisi\u0173 ekstraktas 0,59 mg, krauja\u017eoli\u0173 ekstraktas 0,59 mg, kiaulpieni\u0173 \u0161akn\u0173 ekstraktas 0,59 mg, er\u0161k\u0117tuogi\u0173 vaisi\u0173 ekstraktas 0,59 mg, kinini\u0173 arbatmed\u017ei\u0173 ekstraktas 0,59 mg, kurkumino ekstraktas 0,59 mg.<\/p>\n","protected":false},"excerpt":{"rendered":"<p>\u0160vedi\u0161ki la\u0161ai i\u0161 40 \u017eoleli\u0173 &#8211; tai gydomoji galia \u017eoleli\u0173, kurios liaudies medicinoje naudojamos jau daugel\u012f am\u017ei\u0173. \u0160i unikali 40 vaista\u017eoli\u0173 kompozicija tinkt\u016bros pavidalu skirta i\u0161oriniam ir vidiniam vartojimui, vir\u0161kinimo sistemos sutrikimams, vir\u0161kinimui normalizuoti, med\u017eiag\u0173 apykaitai gerinti, kraujui, kepenims, inkstams, \u017earnynui valyti, padeda detoksikuoti organizm\u0105. La\u0161us taip pat galima vartoti: nudegimams, \u017eaizdoms, opoms, spuogams, b\u0117rimams, [&hellip;]<\/p>\n","protected":false},"featured_media":15003,"comment_status":"open","ping_status":"closed","template":"","meta":[],"product_brand":[],"product_cat":[217,220],"product_tag":[],"class_list":{"0":"post-15005","1":"product","2":"type-product","3":"status-publish","4":"has-post-thumbnail","6":"product_cat-sveikatos-prieziura","7":"product_cat-zarnyno-sveikata","9":"first","10":"instock","11":"shipping-taxable","12":"purchasable","13":"product-type-simple"},"_links":{"self":[{"href":"https:\/\/beautysba.co.uk\/lt\/wp-json\/wp\/v2\/product\/15005","targetHints":{"allow":["GET"]}}],"collection":[{"href":"https:\/\/beautysba.co.uk\/lt\/wp-json\/wp\/v2\/product"}],"about":[{"href":"https:\/\/beautysba.co.uk\/lt\/wp-json\/wp\/v2\/types\/product"}],"replies":[{"embeddable":true,"href":"https:\/\/beautysba.co.uk\/lt\/wp-json\/wp\/v2\/comments?post=15005"}],"wp:featuredmedia":[{"embeddable":true,"href":"https:\/\/beautysba.co.uk\/lt\/wp-json\/wp\/v2\/media\/15003"}],"wp:attachment":[{"href":"https:\/\/beautysba.co.uk\/lt\/wp-json\/wp\/v2\/media?parent=15005"}],"wp:term":[{"taxonomy":"product_brand","embeddable":true,"href":"https:\/\/beautysba.co.uk\/lt\/wp-json\/wp\/v2\/product_brand?post=15005"},{"taxonomy":"product_cat","embeddable":true,"href":"https:\/\/beautysba.co.uk\/lt\/wp-json\/wp\/v2\/product_cat?post=15005"},{"taxonomy":"product_tag","embeddable":true,"href":"https:\/\/beautysba.co.uk\/lt\/wp-json\/wp\/v2\/product_tag?post=15005"}],"curies":[{"name":"wp","href":"https:\/\/api.w.org\/{rel}","templated":true}]}}