{"id":15007,"date":"2024-11-20T07:20:19","date_gmt":"2024-11-20T07:20:19","guid":{"rendered":"https:\/\/beautysba.co.uk\/product\/%d1%81%d0%be%d0%bb%d1%8c-%d1%81-%d0%bf%d0%b5%d0%bd%d0%be%d0%b9-%d0%b8-%d0%ba%d0%b0%d0%be%d0%bb%d0%b8%d0%bd%d0%be%d0%bc-%d0%b6%d0%b5%d0%bb%d0%b0%d0%bd%d0%b0-%d0%b6%d0%be%d0%b6%d0%be%d0%b1%d0%b0-500\/"},"modified":"2024-11-20T07:32:47","modified_gmt":"2024-11-20T07:32:47","slug":"%d1%81%d0%be%d0%bb%d1%8c-%d1%81-%d0%bf%d0%b5%d0%bd%d0%be%d0%b9-%d0%b8-%d0%ba%d0%b0%d0%be%d0%bb%d0%b8%d0%bd%d0%be%d0%bc-%d0%b6%d0%b5%d0%bb%d0%b0%d0%bd%d0%b0-%d0%b6%d0%be%d0%b6%d0%be%d0%b1%d0%b0-500","status":"publish","type":"product","link":"https:\/\/beautysba.co.uk\/lt\/produktas\/%d1%81%d0%be%d0%bb%d1%8c-%d1%81-%d0%bf%d0%b5%d0%bd%d0%be%d0%b9-%d0%b8-%d0%ba%d0%b0%d0%be%d0%bb%d0%b8%d0%bd%d0%be%d0%bc-%d0%b6%d0%b5%d0%bb%d0%b0%d0%bd%d0%b0-%d0%b6%d0%be%d0%b6%d0%be%d0%b1%d0%b0-500\/","title":{"rendered":"Druska su putomis ir kaolinu &#8220;Gelana Jojoba&#8221; 500 g"},"content":{"rendered":"<p>J\u016bros druska vonioms su jojobos putomis. Druskos vonia su \u0161velniomis putomis ir subtiliu aromatu palengvina dienos stres\u0105. Jojoba pasi\u017eymi normalizuojan\u010diomis savyb\u0117mis, maitina ir dr\u0117kina od\u0105, turi ry\u0161k\u0173 prie\u0161u\u017edegimin\u012f poveik\u012f. Kaolinas (baltasis molis) normalizuoja pagrindines odos funkcijas, gerina kraujotak\u0105 ir med\u017eiag\u0173 apykait\u0105.   <\/p>\n","protected":false},"excerpt":{"rendered":"<p>J\u016bros druska vonioms su jojobos putomis. Druskos vonia su \u0161velniomis putomis ir subtiliu aromatu palengvina dienos stres\u0105. Jojoba pasi\u017eymi normalizuojan\u010diomis savyb\u0117mis, maitina ir dr\u0117kina od\u0105, turi ry\u0161k\u0173 prie\u0161u\u017edegimin\u012f poveik\u012f. Kaolinas (baltasis molis) normalizuoja pagrindines odos funkcijas, gerina kraujotak\u0105 ir med\u017eiag\u0173 apykait\u0105.<\/p>\n","protected":false},"featured_media":14987,"comment_status":"open","ping_status":"closed","template":"","meta":[],"product_brand":[],"product_cat":[191,276],"product_tag":[],"class_list":{"0":"post-15007","1":"product","2":"type-product","3":"status-publish","4":"has-post-thumbnail","6":"product_cat-tualeto-reikmenys","7":"product_cat----lt","9":"first","10":"instock","11":"shipping-taxable","12":"purchasable","13":"product-type-simple"},"_links":{"self":[{"href":"https:\/\/beautysba.co.uk\/lt\/wp-json\/wp\/v2\/product\/15007","targetHints":{"allow":["GET"]}}],"collection":[{"href":"https:\/\/beautysba.co.uk\/lt\/wp-json\/wp\/v2\/product"}],"about":[{"href":"https:\/\/beautysba.co.uk\/lt\/wp-json\/wp\/v2\/types\/product"}],"replies":[{"embeddable":true,"href":"https:\/\/beautysba.co.uk\/lt\/wp-json\/wp\/v2\/comments?post=15007"}],"wp:featuredmedia":[{"embeddable":true,"href":"https:\/\/beautysba.co.uk\/lt\/wp-json\/wp\/v2\/media\/14987"}],"wp:attachment":[{"href":"https:\/\/beautysba.co.uk\/lt\/wp-json\/wp\/v2\/media?parent=15007"}],"wp:term":[{"taxonomy":"product_brand","embeddable":true,"href":"https:\/\/beautysba.co.uk\/lt\/wp-json\/wp\/v2\/product_brand?post=15007"},{"taxonomy":"product_cat","embeddable":true,"href":"https:\/\/beautysba.co.uk\/lt\/wp-json\/wp\/v2\/product_cat?post=15007"},{"taxonomy":"product_tag","embeddable":true,"href":"https:\/\/beautysba.co.uk\/lt\/wp-json\/wp\/v2\/product_tag?post=15007"}],"curies":[{"name":"wp","href":"https:\/\/api.w.org\/{rel}","templated":true}]}}