{"id":15056,"date":"2025-01-16T08:34:38","date_gmt":"2025-01-16T08:34:38","guid":{"rendered":"https:\/\/beautysba.co.uk\/product\/herbal-traditions-%d0%bc%d1%8b%d0%bb%d0%be-%d0%b4%d0%b5%d0%b3%d1%82%d1%8f%d1%80%d0%bd%d0%be%d0%b5-140-%d0%b3\/"},"modified":"2025-01-16T10:29:56","modified_gmt":"2025-01-16T10:29:56","slug":"herbal-traditions-%d0%bc%d1%8b%d0%bb%d0%be-%d0%b4%d0%b5%d0%b3%d1%82%d1%8f%d1%80%d0%bd%d0%be%d0%b5-140-%d0%b3","status":"publish","type":"product","link":"https:\/\/beautysba.co.uk\/lt\/produktas\/herbal-traditions-%d0%bc%d1%8b%d0%bb%d0%be-%d0%b4%d0%b5%d0%b3%d1%82%d1%8f%d1%80%d0%bd%d0%be%d0%b5-140-%d0%b3\/","title":{"rendered":"&#8220;Herbal Traditions&#8221; deguto muilas, 140 g"},"content":{"rendered":"<p>Kietasis tualetinis muilas su antiseptin\u0117mis savyb\u0117mis ir tradiciniu aromatu \u0161velniai valo ir maitina od\u0105, jos nei\u0161sausindamas, tod\u0117l ji tampa \u0161velni ir gaivi. Tinka kasdien naudoti visai \u0161eimai. Kaip naudoti: reikiam\u0105 muilo kiek\u012f u\u017etepkite ant dr\u0117gnos odos. Masa\u017euokite, kol susidarys putos, tada nuplaukite \u0161iltu vandeniu. Atsargumo priemon\u0117s: naudokite tik k\u016bno prausimui. Nenaudokite esant \u017eaizdoms, u\u017edegimui ir odos sudirgimui. Nutraukite naudojim\u0105, jei atsiranda odos paraudimas, sudirginimas, nie\u017eulys, patinimas ir kiti simptomai. Patekus \u012f akis, gausiai praplauti \u0161variu vandeniu.        Laikyti vaikams nepasiekiamoje vietoje.<\/p>\n","protected":false},"excerpt":{"rendered":"<p>Kietasis tualetinis muilas su antiseptin\u0117mis savyb\u0117mis ir tradiciniu aromatu \u0161velniai valo ir maitina od\u0105, jos nei\u0161sausindamas, tod\u0117l ji tampa \u0161velni ir gaivi. Tinka kasdien naudoti visai \u0161eimai. Kaip naudoti: reikiam\u0105 muilo kiek\u012f u\u017etepkite ant dr\u0117gnos odos. Masa\u017euokite, kol susidarys putos, tada nuplaukite \u0161iltu vandeniu. Atsargumo priemon\u0117s: naudokite tik k\u016bno prausimui. Nenaudokite esant \u017eaizdoms, u\u017edegimui ir [&hellip;]<\/p>\n","protected":false},"featured_media":15054,"comment_status":"open","ping_status":"closed","template":"","meta":[],"product_brand":[],"product_cat":[200,128,191,127,310,311],"product_tag":[],"class_list":{"0":"post-15056","1":"product","2":"type-product","3":"status-publish","4":"has-post-thumbnail","6":"product_cat-namams","7":"product_cat-spuogu-demiu-gydymas","8":"product_cat-tualeto-reikmenys","9":"product_cat-veidas","10":"product_cat----lt","11":"product_cat--lt-2","13":"first","14":"instock","15":"shipping-taxable","16":"purchasable","17":"product-type-simple"},"_links":{"self":[{"href":"https:\/\/beautysba.co.uk\/lt\/wp-json\/wp\/v2\/product\/15056","targetHints":{"allow":["GET"]}}],"collection":[{"href":"https:\/\/beautysba.co.uk\/lt\/wp-json\/wp\/v2\/product"}],"about":[{"href":"https:\/\/beautysba.co.uk\/lt\/wp-json\/wp\/v2\/types\/product"}],"replies":[{"embeddable":true,"href":"https:\/\/beautysba.co.uk\/lt\/wp-json\/wp\/v2\/comments?post=15056"}],"wp:featuredmedia":[{"embeddable":true,"href":"https:\/\/beautysba.co.uk\/lt\/wp-json\/wp\/v2\/media\/15054"}],"wp:attachment":[{"href":"https:\/\/beautysba.co.uk\/lt\/wp-json\/wp\/v2\/media?parent=15056"}],"wp:term":[{"taxonomy":"product_brand","embeddable":true,"href":"https:\/\/beautysba.co.uk\/lt\/wp-json\/wp\/v2\/product_brand?post=15056"},{"taxonomy":"product_cat","embeddable":true,"href":"https:\/\/beautysba.co.uk\/lt\/wp-json\/wp\/v2\/product_cat?post=15056"},{"taxonomy":"product_tag","embeddable":true,"href":"https:\/\/beautysba.co.uk\/lt\/wp-json\/wp\/v2\/product_tag?post=15056"}],"curies":[{"name":"wp","href":"https:\/\/api.w.org\/{rel}","templated":true}]}}