{"id":15074,"date":"2025-01-16T08:43:16","date_gmt":"2025-01-16T08:43:16","guid":{"rendered":"https:\/\/beautysba.co.uk\/product\/%d1%81%d0%b8%d0%bb%d0%b8%d0%bc%d0%b0%d1%80%d0%b8%d0%bd-70-gold-30-%d1%82%d0%b0%d0%b1%d0%bb%d0%b5%d1%82%d0%be%d0%ba\/"},"modified":"2025-01-16T10:29:57","modified_gmt":"2025-01-16T10:29:57","slug":"%d1%81%d0%b8%d0%bb%d0%b8%d0%bc%d0%b0%d1%80%d0%b8%d0%bd-70-gold-30-%d1%82%d0%b0%d0%b1%d0%bb%d0%b5%d1%82%d0%be%d0%ba","status":"publish","type":"product","link":"https:\/\/beautysba.co.uk\/lt\/produktas\/%d1%81%d0%b8%d0%bb%d0%b8%d0%bc%d0%b0%d1%80%d0%b8%d0%bd-70-gold-30-%d1%82%d0%b0%d0%b1%d0%bb%d0%b5%d1%82%d0%be%d0%ba\/","title":{"rendered":"Silimarinas 70 Gold, 30 table\u010di\u0173"},"content":{"rendered":"<p>&#8220;Sylimarin 70 Gold&#8221; yra maisto papildas, kurio sud\u0117tyje yra ekstrakto i\u0161 pieno rakta\u017eoli\u0173 s\u0117kl\u0173. Ekstraktas papildo mityb\u0105 sudedamosiomis dalimis, kurios padeda kepen\u0173 veiklai, vir\u0161kinimui ir organizmo detoksikacijai. Pieni\u0173 rakta\u017eoli\u0173 s\u0117klos padeda tul\u017eiai gamintis ir kepen\u0173 l\u0105stel\u0117ms bei audiniams atsinaujinti. Pieni\u0173 rakta\u017eol\u0117s apsaugo kepen\u0173 l\u0105steles ir audinius nuo oksidacin\u0117s pa\u017eaidos ir i\u0161orini\u0173 veiksni\u0173. Jis palaiko fiziologines kepen\u0173 valymo funkcijas ir padeda palaikyti tinkam\u0105 cukraus kiek\u012f kraujyje. Rekomenduojama paros doz\u0117: Suaugusiesiems &#8211; 1-2 tablet\u0117s per dien\u0105 po valgio. <\/p>\n<p>Ingridientai:<\/p>\n<p>celiulioz\u0117 (u\u017epildas), pieni\u0173 er\u0161k\u0117tuogi\u0173 (Silybum marianum) s\u0117kl\u0173 ekstraktas, standartizuotas \u012f 70 % silimarino, riebal\u0173 r\u016bg\u0161\u010di\u0173 magnio druskos, silicio dioksidas (lipnum\u0105 ma\u017einanti med\u017eiaga), hidroksipropilmetilceliulioz\u0117 (stabilizatorius), polidekstroz\u0117 (u\u017epildas), titano dioksidas (da\u017eiklis), etilenglikolis (glajin\u0117 med\u017eiaga).<\/p>\n<p>Sudedamosios dalies pavadinimas 1 tablet\u0117 2 tablet\u0117s Pieno rakta\u017eoli\u0173 ekstraktas, standartizuotas iki 70 % silimarino 100 mg 200 mg Silimarinas 70 mg 140 mg Kontraindikacijos: Nerekomenduojama vartoti produkto n\u0117\u0161tumo ir \u017eindymo laikotarpiu, taip pat \u017emon\u0117ms, kurie yra alergi\u0161ki bet kuriai i\u0161 produkto sudedam\u0173j\u0173 dali\u0173.<\/p>\n","protected":false},"excerpt":{"rendered":"<p>&#8220;Sylimarin 70 Gold&#8221; yra maisto papildas, kurio sud\u0117tyje yra ekstrakto i\u0161 pieno rakta\u017eoli\u0173 s\u0117kl\u0173. Ekstraktas papildo mityb\u0105 sudedamosiomis dalimis, kurios padeda kepen\u0173 veiklai, vir\u0161kinimui ir organizmo detoksikacijai. Pieni\u0173 rakta\u017eoli\u0173 s\u0117klos padeda tul\u017eiai gamintis ir kepen\u0173 l\u0105stel\u0117ms bei audiniams atsinaujinti. Pieni\u0173 rakta\u017eol\u0117s apsaugo kepen\u0173 l\u0105steles ir audinius nuo oksidacin\u0117s pa\u017eaidos ir i\u0161orini\u0173 veiksni\u0173. Jis palaiko fiziologines [&hellip;]<\/p>\n","protected":false},"featured_media":15072,"comment_status":"open","ping_status":"closed","template":"","meta":[],"product_brand":[],"product_cat":[192,217,220],"product_tag":[],"class_list":{"0":"post-15074","1":"product","2":"type-product","3":"status-publish","4":"has-post-thumbnail","6":"product_cat-naujienos","7":"product_cat-sveikatos-prieziura","8":"product_cat-zarnyno-sveikata","10":"first","11":"instock","12":"shipping-taxable","13":"purchasable","14":"product-type-simple"},"_links":{"self":[{"href":"https:\/\/beautysba.co.uk\/lt\/wp-json\/wp\/v2\/product\/15074","targetHints":{"allow":["GET"]}}],"collection":[{"href":"https:\/\/beautysba.co.uk\/lt\/wp-json\/wp\/v2\/product"}],"about":[{"href":"https:\/\/beautysba.co.uk\/lt\/wp-json\/wp\/v2\/types\/product"}],"replies":[{"embeddable":true,"href":"https:\/\/beautysba.co.uk\/lt\/wp-json\/wp\/v2\/comments?post=15074"}],"wp:featuredmedia":[{"embeddable":true,"href":"https:\/\/beautysba.co.uk\/lt\/wp-json\/wp\/v2\/media\/15072"}],"wp:attachment":[{"href":"https:\/\/beautysba.co.uk\/lt\/wp-json\/wp\/v2\/media?parent=15074"}],"wp:term":[{"taxonomy":"product_brand","embeddable":true,"href":"https:\/\/beautysba.co.uk\/lt\/wp-json\/wp\/v2\/product_brand?post=15074"},{"taxonomy":"product_cat","embeddable":true,"href":"https:\/\/beautysba.co.uk\/lt\/wp-json\/wp\/v2\/product_cat?post=15074"},{"taxonomy":"product_tag","embeddable":true,"href":"https:\/\/beautysba.co.uk\/lt\/wp-json\/wp\/v2\/product_tag?post=15074"}],"curies":[{"name":"wp","href":"https:\/\/api.w.org\/{rel}","templated":true}]}}