{"id":15122,"date":"2025-01-16T08:56:35","date_gmt":"2025-01-16T08:56:35","guid":{"rendered":"https:\/\/beautysba.co.uk\/product\/dizao-%d0%bc%d0%b0%d1%81%d0%ba%d0%b0-100-%d0%b3%d0%b8%d0%b0%d0%bb%d1%83%d1%80%d0%be%d0%bd%d0%be%d0%b2%d0%b0%d1%8f-%d0%ba%d0%b8%d1%81%d0%bb%d0%be%d1%82%d0%b0-36%d0%b3\/"},"modified":"2025-01-16T10:28:35","modified_gmt":"2025-01-16T10:28:35","slug":"dizao-%d0%bc%d0%b0%d1%81%d0%ba%d0%b0-100-%d0%b3%d0%b8%d0%b0%d0%bb%d1%83%d1%80%d0%be%d0%bd%d0%be%d0%b2%d0%b0%d1%8f-%d0%ba%d0%b8%d1%81%d0%bb%d0%be%d1%82%d0%b0-36%d0%b3","status":"publish","type":"product","link":"https:\/\/beautysba.co.uk\/lt\/produktas\/dizao-%d0%bc%d0%b0%d1%81%d0%ba%d0%b0-100-%d0%b3%d0%b8%d0%b0%d0%bb%d1%83%d1%80%d0%be%d0%bd%d0%be%d0%b2%d0%b0%d1%8f-%d0%ba%d0%b8%d1%81%d0%bb%d0%be%d1%82%d0%b0-36%d0%b3\/","title":{"rendered":"DIZAO 100% hialurono r\u016bg\u0161ties kauk\u0117 36g"},"content":{"rendered":"<p>Intensyviai dr\u0117kina od\u0105 ir didina jos elastingum\u0105. NAUDOJIMAS:U\u017etepkite kauk\u0119 ant \u0161varaus veido ir kaklo, palikite 15 minu\u010di\u0173.<\/p>\n<p> Nuplaukite vandeniu. Tada u\u017etepkite plon\u0105 hialurono r\u016bg\u0161ties kremo sluoksn\u012f ir palaukite, kol jis visi\u0161kai \u012fsigers. Rekomenduojama kauk\u0119 naudoti kasdien 12 dien\u0173, v\u0117liau 1-2 kartus per savait\u0119. \u012eSP\u0116JIMAS: skirta tik i\u0161oriniam naudojimui. <\/p>\n<p> Vengti patekimo \u012f akis. Patekus \u012f akis, praplaukite jas dideliu kiekiu vandens. Laikyti vaikams nepasiekiamoje vietoje. Jei pasirei\u0161kia alergin\u0117 reakcija, nutraukite produkto vartojim\u0105.<\/p>\n","protected":false},"excerpt":{"rendered":"<p>Intensyviai dr\u0117kina od\u0105 ir didina jos elastingum\u0105. NAUDOJIMAS:U\u017etepkite kauk\u0119 ant \u0161varaus veido ir kaklo, palikite 15 minu\u010di\u0173. Nuplaukite vandeniu. Tada u\u017etepkite plon\u0105 hialurono r\u016bg\u0161ties kremo sluoksn\u012f ir palaukite, kol jis visi\u0161kai \u012fsigers. Rekomenduojama kauk\u0119 naudoti kasdien 12 dien\u0173, v\u0117liau 1-2 kartus per savait\u0119. \u012eSP\u0116JIMAS: skirta tik i\u0161oriniam naudojimui. Vengti patekimo \u012f akis. Patekus \u012f akis, [&hellip;]<\/p>\n","protected":false},"featured_media":15120,"comment_status":"open","ping_status":"closed","template":"","meta":[],"product_brand":[],"product_cat":[192,127,204],"product_tag":[],"class_list":{"0":"post-15122","1":"product","2":"type-product","3":"status-publish","4":"has-post-thumbnail","6":"product_cat-naujienos","7":"product_cat-veidas","8":"product_cat-veido-kaukes","10":"first","11":"instock","12":"shipping-taxable","13":"purchasable","14":"product-type-simple"},"_links":{"self":[{"href":"https:\/\/beautysba.co.uk\/lt\/wp-json\/wp\/v2\/product\/15122","targetHints":{"allow":["GET"]}}],"collection":[{"href":"https:\/\/beautysba.co.uk\/lt\/wp-json\/wp\/v2\/product"}],"about":[{"href":"https:\/\/beautysba.co.uk\/lt\/wp-json\/wp\/v2\/types\/product"}],"replies":[{"embeddable":true,"href":"https:\/\/beautysba.co.uk\/lt\/wp-json\/wp\/v2\/comments?post=15122"}],"wp:featuredmedia":[{"embeddable":true,"href":"https:\/\/beautysba.co.uk\/lt\/wp-json\/wp\/v2\/media\/15120"}],"wp:attachment":[{"href":"https:\/\/beautysba.co.uk\/lt\/wp-json\/wp\/v2\/media?parent=15122"}],"wp:term":[{"taxonomy":"product_brand","embeddable":true,"href":"https:\/\/beautysba.co.uk\/lt\/wp-json\/wp\/v2\/product_brand?post=15122"},{"taxonomy":"product_cat","embeddable":true,"href":"https:\/\/beautysba.co.uk\/lt\/wp-json\/wp\/v2\/product_cat?post=15122"},{"taxonomy":"product_tag","embeddable":true,"href":"https:\/\/beautysba.co.uk\/lt\/wp-json\/wp\/v2\/product_tag?post=15122"}],"curies":[{"name":"wp","href":"https:\/\/api.w.org\/{rel}","templated":true}]}}