{"id":15129,"date":"2025-01-16T08:57:49","date_gmt":"2025-01-16T08:57:49","guid":{"rendered":"https:\/\/beautysba.co.uk\/product\/%d0%bc%d0%b0%d1%81%d0%ba%d0%b0-%d0%b4%d0%bb%d1%8f-%d0%bb%d0%b8%d1%86%d0%b0-%d0%b8-%d1%88%d0%b5%d0%b8-%d1%83%d0%bb%d0%b8%d1%82%d0%ba%d0%b0-28-%d0%b3-1-%d1%88%d1%82-dizao\/"},"modified":"2025-01-16T10:28:36","modified_gmt":"2025-01-16T10:28:36","slug":"%d0%bc%d0%b0%d1%81%d0%ba%d0%b0-%d0%b4%d0%bb%d1%8f-%d0%bb%d0%b8%d1%86%d0%b0-%d0%b8-%d1%88%d0%b5%d0%b8-%d1%83%d0%bb%d0%b8%d1%82%d0%ba%d0%b0-28-%d0%b3-1-%d1%88%d1%82-dizao","status":"publish","type":"product","link":"https:\/\/beautysba.co.uk\/lt\/produktas\/%d0%bc%d0%b0%d1%81%d0%ba%d0%b0-%d0%b4%d0%bb%d1%8f-%d0%bb%d0%b8%d1%86%d0%b0-%d0%b8-%d1%88%d0%b5%d0%b8-%d1%83%d0%bb%d0%b8%d1%82%d0%ba%d0%b0-28-%d0%b3-1-%d1%88%d1%82-dizao\/","title":{"rendered":"Veido ir kaklo kauk\u0117 &#8220;Sraig\u0117&#8221;, 28 g\/1 vnt.DIZAO"},"content":{"rendered":"<p>&#8220;Dizao&#8221; nat\u016braliose veido kauk\u0117se yra 99,6 % nat\u016brali\u0173 ingredient\u0173. Sveika veido oda ir gyvybingumo kupina oda &#8211; tai, k\u0105 kiekviena moteris nori matyti veidrodyje. Norint apsaugoti jautri\u0105 veido od\u0105 nuo \u017ealingo poveikio ir ankstyvo sen\u0117jimo, b\u016btina j\u0105 giliai dr\u0117kinti ir lyginti. Snail One-Step Hyaluronic Mask &#8211; tai salonin\u0117 odos prie\u017ei\u016bros proced\u016bra, d\u0117l kurios nereikia lankytis gro\u017eio salonuose ir pas kosmetologus. Sud\u0117tyje n\u0117ra paraben\u0173. NAUDOJIMAS: Kauk\u0119 tepkite ant nuvalytos veido ir kaklo odos 15 minu\u010di\u0173, ypating\u0105 d\u0117mes\u012f skirdami rauk\u0161l\u0117ms. Nuimkite kauk\u0119 ir nuplaukite veid\u0105 vandeniu. Kosmetologai rekomenduoja \u0161i\u0105 kauk\u0119 naudoti kasdien 5 dienas, o v\u0117liau 1-2 kartus per savait\u0119, kad poveikis i\u0161likt\u0173. \u012eSP\u0116JIMAI: Nenaudokite esant padid\u0117jusiam jautrumui bet kuriai sudedamajai daliai.    <\/p>\n<p> Tik i\u0161oriniam naudojimui. Jei pasirei\u0161kia alergin\u0117s reakcijos, nutraukite vartojim\u0105 ir kreipkit\u0117s \u012f gydytoj\u0105. Vengti patekimo \u012f akis. Patekus \u012f akis, kruop\u0161\u010diai nuplaukite vandeniu. Laikyti sausoje, tamsioje, vaikams nepasiekiamoje vietoje nuo 5\u00baC iki +25\u00baC temperat\u016broje. <\/p>\n","protected":false},"excerpt":{"rendered":"<p>&#8220;Dizao&#8221; nat\u016braliose veido kauk\u0117se yra 99,6 % nat\u016brali\u0173 ingredient\u0173. Sveika veido oda ir gyvybingumo kupina oda &#8211; tai, k\u0105 kiekviena moteris nori matyti veidrodyje. Norint apsaugoti jautri\u0105 veido od\u0105 nuo \u017ealingo poveikio ir ankstyvo sen\u0117jimo, b\u016btina j\u0105 giliai dr\u0117kinti ir lyginti. Snail One-Step Hyaluronic Mask &#8211; tai salonin\u0117 odos prie\u017ei\u016bros proced\u016bra, d\u0117l kurios nereikia lankytis [&hellip;]<\/p>\n","protected":false},"featured_media":15126,"comment_status":"open","ping_status":"closed","template":"","meta":[],"product_brand":[],"product_cat":[192,127,204],"product_tag":[],"class_list":{"0":"post-15129","1":"product","2":"type-product","3":"status-publish","4":"has-post-thumbnail","6":"product_cat-naujienos","7":"product_cat-veidas","8":"product_cat-veido-kaukes","10":"first","11":"instock","12":"shipping-taxable","13":"purchasable","14":"product-type-simple"},"_links":{"self":[{"href":"https:\/\/beautysba.co.uk\/lt\/wp-json\/wp\/v2\/product\/15129","targetHints":{"allow":["GET"]}}],"collection":[{"href":"https:\/\/beautysba.co.uk\/lt\/wp-json\/wp\/v2\/product"}],"about":[{"href":"https:\/\/beautysba.co.uk\/lt\/wp-json\/wp\/v2\/types\/product"}],"replies":[{"embeddable":true,"href":"https:\/\/beautysba.co.uk\/lt\/wp-json\/wp\/v2\/comments?post=15129"}],"wp:featuredmedia":[{"embeddable":true,"href":"https:\/\/beautysba.co.uk\/lt\/wp-json\/wp\/v2\/media\/15126"}],"wp:attachment":[{"href":"https:\/\/beautysba.co.uk\/lt\/wp-json\/wp\/v2\/media?parent=15129"}],"wp:term":[{"taxonomy":"product_brand","embeddable":true,"href":"https:\/\/beautysba.co.uk\/lt\/wp-json\/wp\/v2\/product_brand?post=15129"},{"taxonomy":"product_cat","embeddable":true,"href":"https:\/\/beautysba.co.uk\/lt\/wp-json\/wp\/v2\/product_cat?post=15129"},{"taxonomy":"product_tag","embeddable":true,"href":"https:\/\/beautysba.co.uk\/lt\/wp-json\/wp\/v2\/product_tag?post=15129"}],"curies":[{"name":"wp","href":"https:\/\/api.w.org\/{rel}","templated":true}]}}