{"id":15159,"date":"2025-01-16T09:26:35","date_gmt":"2025-01-16T09:26:35","guid":{"rendered":"https:\/\/beautysba.co.uk\/product\/%d0%bc%d0%b0%d1%81%d0%ba%d0%b0-%d0%b4%d0%bb%d1%8f-%d0%bb%d0%b8%d1%86%d0%b0-%d0%b8-%d0%bf%d0%be%d0%b4%d0%b1%d0%be%d1%80%d0%be%d0%b4%d0%ba%d0%b0-%d0%bb%d0%b8%d0%bb%d0%b8%d1%8f-%d0%b8-%d0%b7%d0%b5%d0%bb\/"},"modified":"2025-01-16T10:28:36","modified_gmt":"2025-01-16T10:28:36","slug":"%d0%bc%d0%b0%d1%81%d0%ba%d0%b0-%d0%b4%d0%bb%d1%8f-%d0%bb%d0%b8%d1%86%d0%b0-%d0%b8-%d0%bf%d0%be%d0%b4%d0%b1%d0%be%d1%80%d0%be%d0%b4%d0%ba%d0%b0-%d0%bb%d0%b8%d0%bb%d0%b8%d1%8f-%d0%b8-%d0%b7%d0%b5%d0%bb","status":"publish","type":"product","link":"https:\/\/beautysba.co.uk\/lt\/produktas\/%d0%bc%d0%b0%d1%81%d0%ba%d0%b0-%d0%b4%d0%bb%d1%8f-%d0%bb%d0%b8%d1%86%d0%b0-%d0%b8-%d0%bf%d0%be%d0%b4%d0%b1%d0%be%d1%80%d0%be%d0%b4%d0%ba%d0%b0-%d0%bb%d0%b8%d0%bb%d0%b8%d1%8f-%d0%b8-%d0%b7%d0%b5%d0%bb\/","title":{"rendered":"Lelij\u0173 ir \u017ealiosios arbatos veido ir smakro kauk\u0117, 30 g DIZAO"},"content":{"rendered":"<p>&#8220;Dizao&#8221; naujoji &#8220;Self Love Magic&#8221; serija skirta palaikyti sveik\u0105 veido od\u0105, apsaugoti jautri\u0105 od\u0105 nuo \u017ealingo poveikio ir ankstyvo sen\u0117jimo. &#8220;Self Love Magic&#8221; veido kauk\u0117s &#8211; puikus pasirinkimas visiems, vertinantiems sav\u0119s prie\u017ei\u016br\u0105 ir gro\u017e\u012f. Poveikis: \u0160vari oda be blizgesio T zonoje Intensyviai dr\u0117kina, matina Puiki nuotaika Self Love Energy kartu su lelij\u0173 ekstraktu \u0161velniai, bet veiksmingai valo ir ramina od\u0105. Kauk\u0117 pasi\u017eymi gaivinamosiomis savyb\u0117mis, matina od\u0105 ir vizualiai susiaurina poras. D\u0117l \u017ealiosios arbatos ekstrakto padeda i\u0161lyginti veido spalv\u0105, suteikia odai stangrumo ir elastingumo. Tai puikus priedas, dr\u0117kinantis od\u0105 ir saugantis j\u0105 nuo neigiamo UV spinduli\u0173 poveikio. Lelij\u0173 ir \u017ealiosios arbatos veido ir smakro kauk\u0117 puikiai valo, matina T zon\u0105, giliai dr\u0117kina ir gaivina. <\/p>\n","protected":false},"excerpt":{"rendered":"<p>&#8220;Dizao&#8221; naujoji &#8220;Self Love Magic&#8221; serija skirta palaikyti sveik\u0105 veido od\u0105, apsaugoti jautri\u0105 od\u0105 nuo \u017ealingo poveikio ir ankstyvo sen\u0117jimo. &#8220;Self Love Magic&#8221; veido kauk\u0117s &#8211; puikus pasirinkimas visiems, vertinantiems sav\u0119s prie\u017ei\u016br\u0105 ir gro\u017e\u012f. Poveikis: \u0160vari oda be blizgesio T zonoje Intensyviai dr\u0117kina, matina Puiki nuotaika Self Love Energy kartu su lelij\u0173 ekstraktu \u0161velniai, bet [&hellip;]<\/p>\n","protected":false},"featured_media":15157,"comment_status":"open","ping_status":"closed","template":"","meta":[],"product_brand":[],"product_cat":[192,127,204],"product_tag":[],"class_list":{"0":"post-15159","1":"product","2":"type-product","3":"status-publish","4":"has-post-thumbnail","6":"product_cat-naujienos","7":"product_cat-veidas","8":"product_cat-veido-kaukes","10":"first","11":"instock","12":"shipping-taxable","13":"purchasable","14":"product-type-simple"},"_links":{"self":[{"href":"https:\/\/beautysba.co.uk\/lt\/wp-json\/wp\/v2\/product\/15159","targetHints":{"allow":["GET"]}}],"collection":[{"href":"https:\/\/beautysba.co.uk\/lt\/wp-json\/wp\/v2\/product"}],"about":[{"href":"https:\/\/beautysba.co.uk\/lt\/wp-json\/wp\/v2\/types\/product"}],"replies":[{"embeddable":true,"href":"https:\/\/beautysba.co.uk\/lt\/wp-json\/wp\/v2\/comments?post=15159"}],"wp:featuredmedia":[{"embeddable":true,"href":"https:\/\/beautysba.co.uk\/lt\/wp-json\/wp\/v2\/media\/15157"}],"wp:attachment":[{"href":"https:\/\/beautysba.co.uk\/lt\/wp-json\/wp\/v2\/media?parent=15159"}],"wp:term":[{"taxonomy":"product_brand","embeddable":true,"href":"https:\/\/beautysba.co.uk\/lt\/wp-json\/wp\/v2\/product_brand?post=15159"},{"taxonomy":"product_cat","embeddable":true,"href":"https:\/\/beautysba.co.uk\/lt\/wp-json\/wp\/v2\/product_cat?post=15159"},{"taxonomy":"product_tag","embeddable":true,"href":"https:\/\/beautysba.co.uk\/lt\/wp-json\/wp\/v2\/product_tag?post=15159"}],"curies":[{"name":"wp","href":"https:\/\/api.w.org\/{rel}","templated":true}]}}