{"id":15189,"date":"2025-01-16T09:36:11","date_gmt":"2025-01-16T09:36:11","guid":{"rendered":"https:\/\/beautysba.co.uk\/product\/%d0%b1%d0%b0%d0%bb%d1%8c%d0%b7%d0%b0%d0%bc-%d0%b4%d0%bb%d1%8f-%d1%82%d0%b5%d0%bb%d0%b0-%d1%81-%d1%8f%d0%b4%d0%be%d0%bc-%d1%81%d0%ba%d0%be%d1%80%d0%bf%d0%b8%d0%be%d0%bd%d0%b0%d0%bf%d1%87%d0%b5%d0%bb\/"},"modified":"2025-01-16T10:28:12","modified_gmt":"2025-01-16T10:28:12","slug":"%d0%b1%d0%b0%d0%bb%d1%8c%d0%b7%d0%b0%d0%bc-%d0%b4%d0%bb%d1%8f-%d1%82%d0%b5%d0%bb%d0%b0-%d1%81-%d1%8f%d0%b4%d0%be%d0%bc-%d1%81%d0%ba%d0%be%d1%80%d0%bf%d0%b8%d0%be%d0%bd%d0%b0%d0%bf%d1%87%d0%b5%d0%bb","status":"publish","type":"product","link":"https:\/\/beautysba.co.uk\/lt\/produktas\/%d0%b1%d0%b0%d0%bb%d1%8c%d0%b7%d0%b0%d0%bc-%d0%b4%d0%bb%d1%8f-%d1%82%d0%b5%d0%bb%d0%b0-%d1%81-%d1%8f%d0%b4%d0%be%d0%bc-%d1%81%d0%ba%d0%be%d1%80%d0%bf%d0%b8%d0%be%d0%bd%d0%b0%d0%bf%d1%87%d0%b5%d0%bb\/","title":{"rendered":"K\u016bno balzamas su skorpion\u0173, bi\u010di\u0173 ir vor\u0173 nuodais Warming fbt 75ml"},"content":{"rendered":"<p>K\u016bno balzamas &#8220;Quick Recovery Trio Venom&#8221; yra nat\u016brali priemon\u0117, padedanti spr\u0119sti raumen\u0173 ir kaul\u0173 sistemos problemas. Jis pasi\u017eymi prie\u0161u\u017edegiminiu, skausm\u0105 mal\u0161inan\u010diu ir tonizuojan\u010diu poveikiu. U\u017etepta ant odos priemon\u0117 ma\u017eina u\u017edegim\u0105, \u0161alina skausm\u0105, ma\u017eina patinim\u0105 ir \u0161ildo. Balzamas prasiskverbia \u012f giliuosius audinius, veikia skausmo ir u\u017edegimo prie\u017eastis. Aktyvieji balzamo komponentai blokuoja prostaglandin\u0173, atsaking\u0173 u\u017e u\u017edegim\u0105 ir skausm\u0105, gamyb\u0105. Grynasis t\u016bris: 75 ml INCI sud\u0117tis: \u017er. ant pakuot\u0117s. Naudojimas: tepkite krem\u0105-balzam\u0105 ant pa\u017eeist\u0173 viet\u0173 2-3 kartus per dien\u0105 arba pagal poreik\u012f. \u012etrinkite \u012f od\u0105, kol visi\u0161kai \u012fsigers. \u012esp\u0117jimas: Nenaudoti esant padid\u0117jusiam jautrumui bet kuriai sudedamajai daliai.    <\/p>\n<p> Tik i\u0161oriniam naudojimui. Jei pasirei\u0161kia alergin\u0117s reakcijos, nutraukite vartojim\u0105 ir kreipkit\u0117s \u012f gydytoj\u0105. Laikyti nuo 5\u00b0C iki +25\u00b0C temperat\u016broje, sausoje, apsaugotoje nuo \u0161viesos ir vaikams nepasiekiamoje vietoje. Paruo\u0161ta iki: \u017er. ant pakuot\u0117s.<\/p>\n","protected":false},"excerpt":{"rendered":"<p>K\u016bno balzamas &#8220;Quick Recovery Trio Venom&#8221; yra nat\u016brali priemon\u0117, padedanti spr\u0119sti raumen\u0173 ir kaul\u0173 sistemos problemas. Jis pasi\u017eymi prie\u0161u\u017edegiminiu, skausm\u0105 mal\u0161inan\u010diu ir tonizuojan\u010diu poveikiu. U\u017etepta ant odos priemon\u0117 ma\u017eina u\u017edegim\u0105, \u0161alina skausm\u0105, ma\u017eina patinim\u0105 ir \u0161ildo. Balzamas prasiskverbia \u012f giliuosius audinius, veikia skausmo ir u\u017edegimo prie\u017eastis. Aktyvieji balzamo komponentai blokuoja prostaglandin\u0173, atsaking\u0173 u\u017e u\u017edegim\u0105 ir [&hellip;]<\/p>\n","protected":false},"featured_media":15187,"comment_status":"open","ping_status":"closed","template":"","meta":[],"product_brand":[],"product_cat":[218,192,217],"product_tag":[],"class_list":{"0":"post-15189","1":"product","2":"type-product","3":"status-publish","4":"has-post-thumbnail","6":"product_cat-kuno-prieziura","7":"product_cat-naujienos","8":"product_cat-sveikatos-prieziura","10":"first","11":"instock","12":"shipping-taxable","13":"purchasable","14":"product-type-simple"},"_links":{"self":[{"href":"https:\/\/beautysba.co.uk\/lt\/wp-json\/wp\/v2\/product\/15189","targetHints":{"allow":["GET"]}}],"collection":[{"href":"https:\/\/beautysba.co.uk\/lt\/wp-json\/wp\/v2\/product"}],"about":[{"href":"https:\/\/beautysba.co.uk\/lt\/wp-json\/wp\/v2\/types\/product"}],"replies":[{"embeddable":true,"href":"https:\/\/beautysba.co.uk\/lt\/wp-json\/wp\/v2\/comments?post=15189"}],"wp:featuredmedia":[{"embeddable":true,"href":"https:\/\/beautysba.co.uk\/lt\/wp-json\/wp\/v2\/media\/15187"}],"wp:attachment":[{"href":"https:\/\/beautysba.co.uk\/lt\/wp-json\/wp\/v2\/media?parent=15189"}],"wp:term":[{"taxonomy":"product_brand","embeddable":true,"href":"https:\/\/beautysba.co.uk\/lt\/wp-json\/wp\/v2\/product_brand?post=15189"},{"taxonomy":"product_cat","embeddable":true,"href":"https:\/\/beautysba.co.uk\/lt\/wp-json\/wp\/v2\/product_cat?post=15189"},{"taxonomy":"product_tag","embeddable":true,"href":"https:\/\/beautysba.co.uk\/lt\/wp-json\/wp\/v2\/product_tag?post=15189"}],"curies":[{"name":"wp","href":"https:\/\/api.w.org\/{rel}","templated":true}]}}