{"id":15195,"date":"2025-01-16T09:37:51","date_gmt":"2025-01-16T09:37:51","guid":{"rendered":"https:\/\/beautysba.co.uk\/product\/%d0%b1%d0%b0%d0%bb%d1%8c%d0%b7%d0%b0%d0%bc-%d0%b4%d0%bb%d1%8f-%d1%82%d0%b5%d0%bb%d0%b0-%d0%be%d1%85%d0%bb%d0%b0%d0%b6%d0%b4%d0%b0%d1%8e%d1%89%d0%b8%d0%b9-%d0%b1%d1%8b%d1%81%d1%82%d1%80%d0%b0%d1%8f\/"},"modified":"2025-01-16T10:28:12","modified_gmt":"2025-01-16T10:28:12","slug":"%d0%b1%d0%b0%d0%bb%d1%8c%d0%b7%d0%b0%d0%bc-%d0%b4%d0%bb%d1%8f-%d1%82%d0%b5%d0%bb%d0%b0-%d0%be%d1%85%d0%bb%d0%b0%d0%b6%d0%b4%d0%b0%d1%8e%d1%89%d0%b8%d0%b9-%d0%b1%d1%8b%d1%81%d1%82%d1%80%d0%b0%d1%8f","status":"publish","type":"product","link":"https:\/\/beautysba.co.uk\/lt\/produktas\/%d0%b1%d0%b0%d0%bb%d1%8c%d0%b7%d0%b0%d0%bc-%d0%b4%d0%bb%d1%8f-%d1%82%d0%b5%d0%bb%d0%b0-%d0%be%d1%85%d0%bb%d0%b0%d0%b6%d0%b4%d0%b0%d1%8e%d1%89%d0%b8%d0%b9-%d0%b1%d1%8b%d1%81%d1%82%d1%80%d0%b0%d1%8f\/","title":{"rendered":"K\u016bno balzamas &#8220;Medusa Venom&#8221; v\u0117sinantis greitas atsinaujinimas 75ml"},"content":{"rendered":"<p>&#8220;Fast Regeneration Medusa Venom&#8221; kremas-balzamas skirtas \u012fvairaus sunkumo nugaros ir s\u0105nari\u0173 lig\u0173 aktyviam gydymui ir profilaktikai. Jis pasi\u017eymi unikaliomis prie\u0161u\u017edegimin\u0117mis ir skausm\u0105 mal\u0161inan\u010diomis savyb\u0117mis. Gelis veiksmingai ma\u017eina patinim\u0105, gerina kraujotak\u0105 ir ma\u017eina drusk\u0173 kaupim\u0105si pa\u017eeistose vietose. Jis pasi\u017eymi raminamuoju ir atpalaiduojamuoju poveikiu. Med\u016bz\u0173 nuodai stimuliuoja kraujotak\u0105, o tai skatina greit\u0105 audini\u0173 regeneracij\u0105 ir didina odos elastingum\u0105. Bodyaga yra nat\u016brali odos ir s\u0105nari\u0173 atsinaujinimo priemon\u0117. Ji padeda greitai u\u017egydyti odos sudirgimus ir \u012fbr\u0117\u017eimus. Bisabololis pasi\u017eymi stipriomis prie\u0161u\u017edegimin\u0117mis savyb\u0117mis, kurios padeda greitai suma\u017einti u\u017edegim\u0105. Imbiero sud\u0117tyje yra antioksidant\u0173, kurie padeda kovoti su aplinkos \u017eala ir skatina aktyv\u0173 l\u0105steli\u0173 atstatym\u0105. NAUDOJIMAS: Krem\u0105-balzam\u0105 tepkite ant problemini\u0173 viet\u0173 2-3 kartus per dien\u0105 arba pagal poreik\u012f. \u012etrinkite \u012f od\u0105, kol visi\u0161kai \u012fsigers. \u012eSP\u0116JIMAI: Nenaudokite, jei esate padid\u0117jusio jautrumo bet kuriai sudedamajai daliai.        <\/p>\n<p> Tik i\u0161oriniam naudojimui. Jei pasirei\u0161kia alergin\u0117s reakcijos, nutraukite vartojim\u0105 ir kreipkit\u0117s \u012f gydytoj\u0105. Laikyti nuo +5\u00baC iki +25\u00baC temperat\u016broje, sausoje, tamsioje, vaikams nepasiekiamoje vietoje. Gamintojas: PhytoBioTechnologies LLC, Ukraina.<\/p>\n","protected":false},"excerpt":{"rendered":"<p>&#8220;Fast Regeneration Medusa Venom&#8221; kremas-balzamas skirtas \u012fvairaus sunkumo nugaros ir s\u0105nari\u0173 lig\u0173 aktyviam gydymui ir profilaktikai. Jis pasi\u017eymi unikaliomis prie\u0161u\u017edegimin\u0117mis ir skausm\u0105 mal\u0161inan\u010diomis savyb\u0117mis. Gelis veiksmingai ma\u017eina patinim\u0105, gerina kraujotak\u0105 ir ma\u017eina drusk\u0173 kaupim\u0105si pa\u017eeistose vietose. Jis pasi\u017eymi raminamuoju ir atpalaiduojamuoju poveikiu. Med\u016bz\u0173 nuodai stimuliuoja kraujotak\u0105, o tai skatina greit\u0105 audini\u0173 regeneracij\u0105 ir didina odos [&hellip;]<\/p>\n","protected":false},"featured_media":15193,"comment_status":"open","ping_status":"closed","template":"","meta":[],"product_brand":[],"product_cat":[218,192,217],"product_tag":[],"class_list":{"0":"post-15195","1":"product","2":"type-product","3":"status-publish","4":"has-post-thumbnail","6":"product_cat-kuno-prieziura","7":"product_cat-naujienos","8":"product_cat-sveikatos-prieziura","10":"first","11":"outofstock","12":"shipping-taxable","13":"purchasable","14":"product-type-simple"},"_links":{"self":[{"href":"https:\/\/beautysba.co.uk\/lt\/wp-json\/wp\/v2\/product\/15195","targetHints":{"allow":["GET"]}}],"collection":[{"href":"https:\/\/beautysba.co.uk\/lt\/wp-json\/wp\/v2\/product"}],"about":[{"href":"https:\/\/beautysba.co.uk\/lt\/wp-json\/wp\/v2\/types\/product"}],"replies":[{"embeddable":true,"href":"https:\/\/beautysba.co.uk\/lt\/wp-json\/wp\/v2\/comments?post=15195"}],"wp:featuredmedia":[{"embeddable":true,"href":"https:\/\/beautysba.co.uk\/lt\/wp-json\/wp\/v2\/media\/15193"}],"wp:attachment":[{"href":"https:\/\/beautysba.co.uk\/lt\/wp-json\/wp\/v2\/media?parent=15195"}],"wp:term":[{"taxonomy":"product_brand","embeddable":true,"href":"https:\/\/beautysba.co.uk\/lt\/wp-json\/wp\/v2\/product_brand?post=15195"},{"taxonomy":"product_cat","embeddable":true,"href":"https:\/\/beautysba.co.uk\/lt\/wp-json\/wp\/v2\/product_cat?post=15195"},{"taxonomy":"product_tag","embeddable":true,"href":"https:\/\/beautysba.co.uk\/lt\/wp-json\/wp\/v2\/product_tag?post=15195"}],"curies":[{"name":"wp","href":"https:\/\/api.w.org\/{rel}","templated":true}]}}