{"id":15201,"date":"2025-01-16T09:46:13","date_gmt":"2025-01-16T09:46:13","guid":{"rendered":"https:\/\/beautysba.co.uk\/product\/%d0%bc%d1%83%d1%85%d0%be%d0%bc%d0%be%d1%80-%d0%b1%d0%b0%d0%bb%d1%8c%d0%b7%d0%b0%d0%bc-%d0%b4%d0%bb%d1%8f-%d1%82%d0%b5%d0%bb%d0%b0-75-%d0%bc%d0%bb-fbt\/"},"modified":"2025-01-16T10:28:42","modified_gmt":"2025-01-16T10:28:42","slug":"%d0%bc%d1%83%d1%85%d0%be%d0%bc%d0%be%d1%80-%d0%b1%d0%b0%d0%bb%d1%8c%d0%b7%d0%b0%d0%bc-%d0%b4%d0%bb%d1%8f-%d1%82%d0%b5%d0%bb%d0%b0-75-%d0%bc%d0%bb-fbt","status":"publish","type":"product","link":"https:\/\/beautysba.co.uk\/lt\/produktas\/%d0%bc%d1%83%d1%85%d0%be%d0%bc%d0%be%d1%80-%d0%b1%d0%b0%d0%bb%d1%8c%d0%b7%d0%b0%d0%bc-%d0%b4%d0%bb%d1%8f-%d1%82%d0%b5%d0%bb%d0%b0-75-%d0%bc%d0%bb-fbt\/","title":{"rendered":"Fly agaric k\u016bno balzamas, 75 ml fbt"},"content":{"rendered":"<p>&#8220;Fito Bio Technologies&#8221; musi\u0173 agarik\u0173 k\u016bno balzamas yra nat\u016brali priemon\u0117, skirta s\u0105nari\u0173 ir raumen\u0173 skausmui mal\u0161inti. Jo sud\u0117tyje yra veikli\u0173j\u0173 med\u017eiag\u0173, kurios ne tik mal\u0161ina u\u017edegim\u0105, bet ir gerina audini\u0173 b\u016bkl\u0119.<br \/>\nPrivalumai \u0160ildomasis poveikis: d\u0117l musi\u0173 agarikos ekstrakto ir kit\u0173 nat\u016brali\u0173 komponent\u0173 balzamas pasi\u017eymi stipriu \u0161ildomuoju poveikiu, kuris padeda pagerinti kraujotak\u0105 ir suma\u017einti skausm\u0105. Kompleksinis regeneruojamasis poveikis: Chondroitinas ir gliukozaminas regeneruoja kremzlin\u012f audin\u012f, didina s\u0105nari\u0173 judrum\u0105 ir juos stiprina. Nat\u016bral\u016bs komponentai: Balzamo sud\u0117tyje taip pat yra toki\u0173 augal\u0173 ekstrakt\u0173, kaip sinavadas, vijoklis, auksinis \u016bsas, mumija, kurie papildo ir sustiprina jo gydom\u0105sias savybes. <\/p>\n<p>Sud\u0117tis<\/p>\n<p>Muchamed\u017eio ekstraktas Chondroitino sulfatas Gliukozamino HCL Sabelnik Zivokost Bi\u010di\u0173 nuodai Auksinis \u016bsas Mumija Indikacijos S\u0105nari\u0173 ir raumen\u0173 skausmo ir u\u017edegimo mal\u0161inimas. Pagalba sergant raumen\u0173 ir kaul\u0173 sistemos ligomis (artritu, artroze). Audini\u0173 atsigavimas po traum\u0173 ir sumu\u0161im\u0173.<br \/>\nKaip naudoti Tepkite problemines odos vietas 2-3 kartus per dien\u0105 arba pagal poreik\u012f lengvais masa\u017einiais judesiais. Atsargumo priemon\u0117s: Vengti s\u0105ly\u010dio su pa\u017eeista oda ir gleivin\u0117mis. Gamintojas: Fito Bio Technologies, Kijevas, Ukraina.<\/p>\n","protected":false},"excerpt":{"rendered":"<p>&#8220;Fito Bio Technologies&#8221; musi\u0173 agarik\u0173 k\u016bno balzamas yra nat\u016brali priemon\u0117, skirta s\u0105nari\u0173 ir raumen\u0173 skausmui mal\u0161inti. Jo sud\u0117tyje yra veikli\u0173j\u0173 med\u017eiag\u0173, kurios ne tik mal\u0161ina u\u017edegim\u0105, bet ir gerina audini\u0173 b\u016bkl\u0119. Privalumai \u0160ildomasis poveikis: d\u0117l musi\u0173 agarikos ekstrakto ir kit\u0173 nat\u016brali\u0173 komponent\u0173 balzamas pasi\u017eymi stipriu \u0161ildomuoju poveikiu, kuris padeda pagerinti kraujotak\u0105 ir suma\u017einti skausm\u0105. Kompleksinis [&hellip;]<\/p>\n","protected":false},"featured_media":15199,"comment_status":"open","ping_status":"closed","template":"","meta":[],"product_brand":[],"product_cat":[218,192,217],"product_tag":[],"class_list":{"0":"post-15201","1":"product","2":"type-product","3":"status-publish","4":"has-post-thumbnail","6":"product_cat-kuno-prieziura","7":"product_cat-naujienos","8":"product_cat-sveikatos-prieziura","10":"first","11":"instock","12":"shipping-taxable","13":"purchasable","14":"product-type-simple"},"_links":{"self":[{"href":"https:\/\/beautysba.co.uk\/lt\/wp-json\/wp\/v2\/product\/15201","targetHints":{"allow":["GET"]}}],"collection":[{"href":"https:\/\/beautysba.co.uk\/lt\/wp-json\/wp\/v2\/product"}],"about":[{"href":"https:\/\/beautysba.co.uk\/lt\/wp-json\/wp\/v2\/types\/product"}],"replies":[{"embeddable":true,"href":"https:\/\/beautysba.co.uk\/lt\/wp-json\/wp\/v2\/comments?post=15201"}],"wp:featuredmedia":[{"embeddable":true,"href":"https:\/\/beautysba.co.uk\/lt\/wp-json\/wp\/v2\/media\/15199"}],"wp:attachment":[{"href":"https:\/\/beautysba.co.uk\/lt\/wp-json\/wp\/v2\/media?parent=15201"}],"wp:term":[{"taxonomy":"product_brand","embeddable":true,"href":"https:\/\/beautysba.co.uk\/lt\/wp-json\/wp\/v2\/product_brand?post=15201"},{"taxonomy":"product_cat","embeddable":true,"href":"https:\/\/beautysba.co.uk\/lt\/wp-json\/wp\/v2\/product_cat?post=15201"},{"taxonomy":"product_tag","embeddable":true,"href":"https:\/\/beautysba.co.uk\/lt\/wp-json\/wp\/v2\/product_tag?post=15201"}],"curies":[{"name":"wp","href":"https:\/\/api.w.org\/{rel}","templated":true}]}}