{"id":15213,"date":"2025-01-16T09:49:00","date_gmt":"2025-01-16T09:49:00","guid":{"rendered":"https:\/\/beautysba.co.uk\/product\/%d0%ba%d1%80%d0%b5%d0%bc-%d0%b1%d0%b0%d0%bb%d1%8c%d0%b7%d0%b0%d0%bc-%d0%b4%d0%bb%d1%8f-%d1%82%d0%b5%d0%bb%d0%b0-%d1%87%d0%b0%d0%b3%d0%b0-75-%d0%bc%d0%bb-fbt\/"},"modified":"2025-01-16T10:26:14","modified_gmt":"2025-01-16T10:26:14","slug":"%d0%ba%d1%80%d0%b5%d0%bc-%d0%b1%d0%b0%d0%bb%d1%8c%d0%b7%d0%b0%d0%bc-%d0%b4%d0%bb%d1%8f-%d1%82%d0%b5%d0%bb%d0%b0-%d1%87%d0%b0%d0%b3%d0%b0-75-%d0%bc%d0%bb-fbt","status":"publish","type":"product","link":"https:\/\/beautysba.co.uk\/lt\/produktas\/%d0%ba%d1%80%d0%b5%d0%bc-%d0%b1%d0%b0%d0%bb%d1%8c%d0%b7%d0%b0%d0%bc-%d0%b4%d0%bb%d1%8f-%d1%82%d0%b5%d0%bb%d0%b0-%d1%87%d0%b0%d0%b3%d0%b0-75-%d0%bc%d0%bb-fbt\/","title":{"rendered":"\u010cagos k\u016bno kremas-balzamas 75 ml fbt"},"content":{"rendered":"<p>Kremas-balzamas k\u016bnui Chaga pasi\u017eymi \u017eaizdas gydan\u010diu, antibakteriniu, prie\u0161grybeliniu poveikiu, teigiamai veikia gydant p\u016blingus b\u0117rimus, yra nat\u016bralus antibiotikas, didinantis organizmo gynybines j\u0117gas, veiksmingas gydant potrauminius randus, pooperacinius randus, antspaudus ir sustor\u0117jimus. Kremas-balzamas neutralizuoja kremzlinio audinio destrukcij\u0105, skatina s\u0105nari\u0173 (sinovijos) skys\u010dio atsistatym\u0105, ma\u017eina raumen\u0173 spazmus &#8211; vien\u0105 i\u0161 pagrindini\u0173 skausmo sindromo prie\u017eas\u010di\u0173, gerina sergan\u010di\u0173 s\u0105nari\u0173 med\u017eiag\u0173 apykait\u0105 ir kraujotak\u0105, skatina toksin\u0173 ir drusk\u0173 sankaup\u0173 \u0161alinim\u0105. <\/p>\n<p>Produkto privalumai:<\/p>\n<p>Greitai ir giliai \u012fsiskverbia \u012f audinius, tod\u0117l tampa veiksmingesnis. Skatina pa\u017eeistos odos regeneracij\u0105. Pagreitina \u017eaizd\u0173 gijim\u0105 nepalikdamas rand\u0173; padeda mal\u0161inti skausm\u0105 ir u\u017edegim\u0105. Turi baktericidini\u0173 ir antiseptini\u0173 savybi\u0173. Mink\u0161tina ir dr\u0117kina od\u0105. Kaip naudoti: nedidel\u012f kiek\u012f balzamo lengvais masa\u017euojamaisiais judesiais u\u017etepkite ant problemini\u0173 viet\u0173, kol visi\u0161kai \u012fsigers.<\/p>\n<p> Tepkite 2-3 kartus per dien\u0105.<\/p>\n<p>Kontraindikacijos: individualus komponent\u0173 netoleravimas.<\/p>\n<p>Laikymo s\u0105lygos: Laikyti v\u0117sioje ir sausoje vietoje. Laikyti vaikams nepasiekiamoje vietoje.<\/p>\n<p>Pakuot\u0117s forma: 75 ml t\u016bbel\u0117. \u0160is produktas n\u0117ra vaistas.<\/p>\n<p>Sudedamosios dalys: Glicerinas, glicerinas, glicerilo stearatas, cetearilo alkoholis, kalio cetilo fosfatas, Inonotus Obliquus ekstraktas, tokoferilo acetatas, retinilo palmitatas, Hippophae Rhamnoides aliejus, Ceteareth-20, Ceteareth-12, cetilo palmitatas, Akrilat\u0173\/C10-30 alkilo akrilato kry\u017epolimeras, natrio hidroksidas, parfumas, alkoholis, natrio benzoatas, Helianthus Annuus s\u0117kl\u0173 aliejus, tokoferolis, fenoksietanolis, etilheksilglicerinas, benzilo salicilatas, heksil cinamalas, limonenas, linalolis.<\/p>\n","protected":false},"excerpt":{"rendered":"<p>Kremas-balzamas k\u016bnui Chaga pasi\u017eymi \u017eaizdas gydan\u010diu, antibakteriniu, prie\u0161grybeliniu poveikiu, teigiamai veikia gydant p\u016blingus b\u0117rimus, yra nat\u016bralus antibiotikas, didinantis organizmo gynybines j\u0117gas, veiksmingas gydant potrauminius randus, pooperacinius randus, antspaudus ir sustor\u0117jimus. Kremas-balzamas neutralizuoja kremzlinio audinio destrukcij\u0105, skatina s\u0105nari\u0173 (sinovijos) skys\u010dio atsistatym\u0105, ma\u017eina raumen\u0173 spazmus &#8211; vien\u0105 i\u0161 pagrindini\u0173 skausmo sindromo prie\u017eas\u010di\u0173, gerina sergan\u010di\u0173 s\u0105nari\u0173 med\u017eiag\u0173 apykait\u0105 [&hellip;]<\/p>\n","protected":false},"featured_media":15211,"comment_status":"open","ping_status":"closed","template":"","meta":[],"product_brand":[],"product_cat":[218,192,217],"product_tag":[],"class_list":{"0":"post-15213","1":"product","2":"type-product","3":"status-publish","4":"has-post-thumbnail","6":"product_cat-kuno-prieziura","7":"product_cat-naujienos","8":"product_cat-sveikatos-prieziura","10":"first","11":"instock","12":"shipping-taxable","13":"purchasable","14":"product-type-simple"},"_links":{"self":[{"href":"https:\/\/beautysba.co.uk\/lt\/wp-json\/wp\/v2\/product\/15213","targetHints":{"allow":["GET"]}}],"collection":[{"href":"https:\/\/beautysba.co.uk\/lt\/wp-json\/wp\/v2\/product"}],"about":[{"href":"https:\/\/beautysba.co.uk\/lt\/wp-json\/wp\/v2\/types\/product"}],"replies":[{"embeddable":true,"href":"https:\/\/beautysba.co.uk\/lt\/wp-json\/wp\/v2\/comments?post=15213"}],"wp:featuredmedia":[{"embeddable":true,"href":"https:\/\/beautysba.co.uk\/lt\/wp-json\/wp\/v2\/media\/15211"}],"wp:attachment":[{"href":"https:\/\/beautysba.co.uk\/lt\/wp-json\/wp\/v2\/media?parent=15213"}],"wp:term":[{"taxonomy":"product_brand","embeddable":true,"href":"https:\/\/beautysba.co.uk\/lt\/wp-json\/wp\/v2\/product_brand?post=15213"},{"taxonomy":"product_cat","embeddable":true,"href":"https:\/\/beautysba.co.uk\/lt\/wp-json\/wp\/v2\/product_cat?post=15213"},{"taxonomy":"product_tag","embeddable":true,"href":"https:\/\/beautysba.co.uk\/lt\/wp-json\/wp\/v2\/product_tag?post=15213"}],"curies":[{"name":"wp","href":"https:\/\/api.w.org\/{rel}","templated":true}]}}