{"id":15243,"date":"2025-01-16T09:55:54","date_gmt":"2025-01-16T09:55:54","guid":{"rendered":"https:\/\/beautysba.co.uk\/product\/%d0%ba%d1%80%d0%b5%d0%bc-%d0%b1%d0%b0%d0%bb%d1%8c%d0%b7%d0%b0%d0%bc-%d0%b4%d0%bb%d1%8f-%d1%82%d0%b5%d0%bb%d0%b0-%d0%bc%d1%83%d0%bc%d0%b8%d0%b5-shilajit-75-%d0%bc%d0%bb-ftb\/"},"modified":"2025-01-16T10:25:45","modified_gmt":"2025-01-16T10:25:45","slug":"%d0%ba%d1%80%d0%b5%d0%bc-%d0%b1%d0%b0%d0%bb%d1%8c%d0%b7%d0%b0%d0%bc-%d0%b4%d0%bb%d1%8f-%d1%82%d0%b5%d0%bb%d0%b0-%d0%bc%d1%83%d0%bc%d0%b8%d0%b5-shilajit-75-%d0%bc%d0%bb-ftb","status":"publish","type":"product","link":"https:\/\/beautysba.co.uk\/lt\/produktas\/%d0%ba%d1%80%d0%b5%d0%bc-%d0%b1%d0%b0%d0%bb%d1%8c%d0%b7%d0%b0%d0%bc-%d0%b4%d0%bb%d1%8f-%d1%82%d0%b5%d0%bb%d0%b0-%d0%bc%d1%83%d0%bc%d0%b8%d0%b5-shilajit-75-%d0%bc%d0%bb-ftb\/","title":{"rendered":"Kremas-balzamas k\u016bnui Mumie (Shilajit) 75 ml ftb"},"content":{"rendered":"<p>Kremas-balzamas k\u016bnui &#8220;Mumie&#8221; turi \u017eaizdas gydant\u012f ir regeneruojant\u012f poveik\u012f. Regeneruojamosios mumie savyb\u0117s sustiprintos tradicin\u0117mis, per daugel\u012f met\u0173 patikrintomis regeneracij\u0105 skatinan\u010diomis priemon\u0117mis &#8211; tai vitaminai A ir E, alantoinas. Mumie \u017eymiai suma\u017eina skausm\u0105, skatina drusk\u0173 pasi\u0161alinim\u0105, stimuliuoja audini\u0173 atsistatym\u0105, gerina kraujotak\u0105 tepimo vietoje, veikia raminamai, turi antiseptin\u012f poveik\u012f. Mumie yra stiprus biostimuliatorius, stiprinantis pa\u017eeist\u0173 audini\u0173 atsinaujinimo procesus, antitoksin\u0117 ir tonizuojanti priemon\u0117.   <\/p>\n<p>Produkto privalumai:<\/p>\n<p>Skatina \u017eaizd\u0173 gijim\u0105. Skatina audini\u0173 atstatym\u0105.<\/p>\n<p>Gerina kraujotak\u0105.<br \/>\nRamina ir dezinfekuoja od\u0105. Kaip naudoti: nedidel\u012f kiek\u012f balzamo lengvais masa\u017euojamaisiais judesiais u\u017etepkite ant problemini\u0173 viet\u0173, kol visi\u0161kai \u012fsigers.<br \/>\n Tepkite 2-3 kartus per dien\u0105.<\/p>\n<p>Individualus komponent\u0173 netoleravimas.<\/p>\n<p>Laikymo s\u0105lygos Laikyti v\u0117sioje ir sausoje vietoje.<\/p>\n<p>Laikyti vaikams nepasiekiamoje vietoje.<\/p>\n<p>Pakuot\u0117s forma: 75 ml t\u016bbel\u0117.<\/p>\n<p>\u0160is produktas n\u0117ra vaistas.<\/p>\n<p>Sudedamosios dalys: Glicerinas, glicerinas, glicerilo stearatas, niacinamidas, kalio cetilo fosfatas, cetearilo alkoholis, Altajaus gintaro ekstraktas, Cupressus Sempervirens lap\u0173, rie\u0161ut\u0173 ir stiebeli\u0173 aliejus, mentolis, cetaretas-20, cetaretas-12, cetilo palmitatas, Akrilat\u0173\/C10-30 alkilo akrilato kry\u017epolimeras, trietanolaminas, ksantano derva, parfumas, alkoholis, natrio benzoatas, fenoksietanolis, etilheksilglicerinas, benzilo salicilatas, heksil cinamalas, limonenas, linalolis.<\/p>\n","protected":false},"excerpt":{"rendered":"<p>Kremas-balzamas k\u016bnui &#8220;Mumie&#8221; turi \u017eaizdas gydant\u012f ir regeneruojant\u012f poveik\u012f. Regeneruojamosios mumie savyb\u0117s sustiprintos tradicin\u0117mis, per daugel\u012f met\u0173 patikrintomis regeneracij\u0105 skatinan\u010diomis priemon\u0117mis &#8211; tai vitaminai A ir E, alantoinas. Mumie \u017eymiai suma\u017eina skausm\u0105, skatina drusk\u0173 pasi\u0161alinim\u0105, stimuliuoja audini\u0173 atsistatym\u0105, gerina kraujotak\u0105 tepimo vietoje, veikia raminamai, turi antiseptin\u012f poveik\u012f. Mumie yra stiprus biostimuliatorius, stiprinantis pa\u017eeist\u0173 audini\u0173 atsinaujinimo [&hellip;]<\/p>\n","protected":false},"featured_media":15241,"comment_status":"open","ping_status":"closed","template":"","meta":[],"product_brand":[],"product_cat":[218,192,217],"product_tag":[],"class_list":{"0":"post-15243","1":"product","2":"type-product","3":"status-publish","4":"has-post-thumbnail","6":"product_cat-kuno-prieziura","7":"product_cat-naujienos","8":"product_cat-sveikatos-prieziura","10":"first","11":"instock","12":"shipping-taxable","13":"purchasable","14":"product-type-simple"},"_links":{"self":[{"href":"https:\/\/beautysba.co.uk\/lt\/wp-json\/wp\/v2\/product\/15243","targetHints":{"allow":["GET"]}}],"collection":[{"href":"https:\/\/beautysba.co.uk\/lt\/wp-json\/wp\/v2\/product"}],"about":[{"href":"https:\/\/beautysba.co.uk\/lt\/wp-json\/wp\/v2\/types\/product"}],"replies":[{"embeddable":true,"href":"https:\/\/beautysba.co.uk\/lt\/wp-json\/wp\/v2\/comments?post=15243"}],"wp:featuredmedia":[{"embeddable":true,"href":"https:\/\/beautysba.co.uk\/lt\/wp-json\/wp\/v2\/media\/15241"}],"wp:attachment":[{"href":"https:\/\/beautysba.co.uk\/lt\/wp-json\/wp\/v2\/media?parent=15243"}],"wp:term":[{"taxonomy":"product_brand","embeddable":true,"href":"https:\/\/beautysba.co.uk\/lt\/wp-json\/wp\/v2\/product_brand?post=15243"},{"taxonomy":"product_cat","embeddable":true,"href":"https:\/\/beautysba.co.uk\/lt\/wp-json\/wp\/v2\/product_cat?post=15243"},{"taxonomy":"product_tag","embeddable":true,"href":"https:\/\/beautysba.co.uk\/lt\/wp-json\/wp\/v2\/product_tag?post=15243"}],"curies":[{"name":"wp","href":"https:\/\/api.w.org\/{rel}","templated":true}]}}