{"id":15249,"date":"2025-01-16T09:59:14","date_gmt":"2025-01-16T09:59:14","guid":{"rendered":"https:\/\/beautysba.co.uk\/product\/%d0%bb%d0%be%d1%81%d1%8c%d0%be%d0%bd-%d0%b4%d0%bb%d1%8f-%d0%bb%d0%b8%d1%86%d0%b0-%d0%b8-%d1%88%d0%b5%d0%b8-%d0%b4%d0%bb%d1%8f-%d0%b6%d0%b8%d1%80%d0%bd%d0%be%d0%b9-%d0%ba%d0%be%d0%b6%d0%b8-acne-control\/"},"modified":"2025-01-16T10:26:15","modified_gmt":"2025-01-16T10:26:15","slug":"%d0%bb%d0%be%d1%81%d1%8c%d0%be%d0%bd-%d0%b4%d0%bb%d1%8f-%d0%bb%d0%b8%d1%86%d0%b0-%d0%b8-%d1%88%d0%b5%d0%b8-%d0%b4%d0%bb%d1%8f-%d0%b6%d0%b8%d1%80%d0%bd%d0%be%d0%b9-%d0%ba%d0%be%d0%b6%d0%b8-acne-control","status":"publish","type":"product","link":"https:\/\/beautysba.co.uk\/lt\/produktas\/%d0%bb%d0%be%d1%81%d1%8c%d0%be%d0%bd-%d0%b4%d0%bb%d1%8f-%d0%bb%d0%b8%d1%86%d0%b0-%d0%b8-%d1%88%d0%b5%d0%b8-%d0%b4%d0%bb%d1%8f-%d0%b6%d0%b8%d1%80%d0%bd%d0%be%d0%b9-%d0%ba%d0%be%d0%b6%d0%b8-acne-control\/","title":{"rendered":"Veido ir kaklo losjonas riebiai odai Acne Control, 100 ml MedicalFort"},"content":{"rendered":"<p>&#8220;MedicalFort&#8221; losjonas skirtas riebiai ir \u012f spuogus linkusiai veido ir kaklo odai pri\u017ei\u016br\u0117ti. Jis veiksmingai valo od\u0105, pa\u0161alina rieb\u0173 blizges\u012f ir sutraukia poras. Nat\u016bral\u016bs ekstraktai ir salicilo r\u016bg\u0161tis padeda atkurti odos pusiausvyr\u0105, ma\u017eina u\u017edegim\u0105, paraudim\u0105 ir riebal\u0173 pertekli\u0173. Losjonas \u0161velniai nu\u0161vei\u010dia negyvas odos l\u0105steles, tod\u0117l oda tampa gaivi ir \u0161vari.<br \/>\nSud\u0117tis: tiksli\u0105 sud\u0117t\u012f rasite ant pakuot\u0117s.<br \/>\nKaip naudoti: U\u017etepkite losjono ant vatos diskelio ir \u0161velniai nuvalykite veid\u0105 palei masa\u017eo linijas, vengdami odos tempimo. Produkt\u0105 naudokite ryte ir (arba) vakare pagal poreik\u012f.<\/p>\n<p>\u012esp\u0117jimai: Nenaudokite, jei jautr\u016bs bet kuriai sudedamajai daliai. Jei pasirei\u0161k\u0117 alergin\u0117s reakcijos, nutraukite naudojim\u0105 ir kreipkit\u0117s \u012f gydytoj\u0105. Skirta tik i\u0161oriniam naudojimui. Venkite patekimo \u012f akis. Patekus \u012f akis, kruop\u0161\u010diai praplaukite vandeniu. Laikyti +5\u00baC &#8211; +25\u00baC temperat\u016broje, sausoje, tamsioje, vaikams nepasiekiamoje vietoje.   <\/p>\n","protected":false},"excerpt":{"rendered":"<p>&#8220;MedicalFort&#8221; losjonas skirtas riebiai ir \u012f spuogus linkusiai veido ir kaklo odai pri\u017ei\u016br\u0117ti. Jis veiksmingai valo od\u0105, pa\u0161alina rieb\u0173 blizges\u012f ir sutraukia poras. Nat\u016bral\u016bs ekstraktai ir salicilo r\u016bg\u0161tis padeda atkurti odos pusiausvyr\u0105, ma\u017eina u\u017edegim\u0105, paraudim\u0105 ir riebal\u0173 pertekli\u0173. Losjonas \u0161velniai nu\u0161vei\u010dia negyvas odos l\u0105steles, tod\u0117l oda tampa gaivi ir \u0161vari. Sud\u0117tis: tiksli\u0105 sud\u0117t\u012f rasite ant [&hellip;]<\/p>\n","protected":false},"featured_media":15247,"comment_status":"open","ping_status":"closed","template":"","meta":[],"product_brand":[],"product_cat":[192,128,130,127],"product_tag":[],"class_list":{"0":"post-15249","1":"product","2":"type-product","3":"status-publish","4":"has-post-thumbnail","6":"product_cat-naujienos","7":"product_cat-spuogu-demiu-gydymas","8":"product_cat-valomieji-kremai","9":"product_cat-veidas","11":"first","12":"outofstock","13":"shipping-taxable","14":"purchasable","15":"product-type-simple"},"_links":{"self":[{"href":"https:\/\/beautysba.co.uk\/lt\/wp-json\/wp\/v2\/product\/15249","targetHints":{"allow":["GET"]}}],"collection":[{"href":"https:\/\/beautysba.co.uk\/lt\/wp-json\/wp\/v2\/product"}],"about":[{"href":"https:\/\/beautysba.co.uk\/lt\/wp-json\/wp\/v2\/types\/product"}],"replies":[{"embeddable":true,"href":"https:\/\/beautysba.co.uk\/lt\/wp-json\/wp\/v2\/comments?post=15249"}],"wp:featuredmedia":[{"embeddable":true,"href":"https:\/\/beautysba.co.uk\/lt\/wp-json\/wp\/v2\/media\/15247"}],"wp:attachment":[{"href":"https:\/\/beautysba.co.uk\/lt\/wp-json\/wp\/v2\/media?parent=15249"}],"wp:term":[{"taxonomy":"product_brand","embeddable":true,"href":"https:\/\/beautysba.co.uk\/lt\/wp-json\/wp\/v2\/product_brand?post=15249"},{"taxonomy":"product_cat","embeddable":true,"href":"https:\/\/beautysba.co.uk\/lt\/wp-json\/wp\/v2\/product_cat?post=15249"},{"taxonomy":"product_tag","embeddable":true,"href":"https:\/\/beautysba.co.uk\/lt\/wp-json\/wp\/v2\/product_tag?post=15249"}],"curies":[{"name":"wp","href":"https:\/\/api.w.org\/{rel}","templated":true}]}}