{"id":15255,"date":"2025-01-16T10:02:18","date_gmt":"2025-01-16T10:02:18","guid":{"rendered":"https:\/\/beautysba.co.uk\/product\/%d0%bb%d0%be%d1%81%d1%8c%d0%be%d0%bd-%d0%b4%d0%bb%d1%8f-%d0%bb%d0%b8%d1%86%d0%b0-%d1%81-%d0%be%d0%b3%d1%83%d1%80%d1%86%d0%be%d0%bc-100-%d0%bc%d0%bb-medicalfort\/"},"modified":"2025-01-16T10:25:44","modified_gmt":"2025-01-16T10:25:44","slug":"%d0%bb%d0%be%d1%81%d1%8c%d0%be%d0%bd-%d0%b4%d0%bb%d1%8f-%d0%bb%d0%b8%d1%86%d0%b0-%d1%81-%d0%be%d0%b3%d1%83%d1%80%d1%86%d0%be%d0%bc-100-%d0%bc%d0%bb-medicalfort","status":"publish","type":"product","link":"https:\/\/beautysba.co.uk\/lt\/produktas\/%d0%bb%d0%be%d1%81%d1%8c%d0%be%d0%bd-%d0%b4%d0%bb%d1%8f-%d0%bb%d0%b8%d1%86%d0%b0-%d1%81-%d0%be%d0%b3%d1%83%d1%80%d1%86%d0%be%d0%bc-100-%d0%bc%d0%bb-medicalfort\/","title":{"rendered":"veido losjonas su agurkais, 100 ml MedicalFort"},"content":{"rendered":"<p>&#8220;MedicalFort&#8221; agurk\u0173 ekstrakto veido losjonas giliai puosel\u0117ja od\u0105, padeda j\u0105 skaistinti, maitinti ir lyginti. Losjonas veiksmingai pa\u0161alina sudirgim\u0105, valo ir jaunina od\u0105, palikdamas malon\u0173, gaiv\u0173 agurk\u0173 kvap\u0105. Sud\u0117tyje esantis agurk\u0173 ekstraktas, citrin\u0173 r\u016bg\u0161tis, boro r\u016bg\u0161tis ir glicerinas dr\u0117kina ir valo od\u0105, kartu suteikdamas skaistinam\u0105j\u012f poveik\u012f.<br \/>\nNaudojimas: sudr\u0117kinkite vatos diskel\u012f losjonu ir \u0161velniai nuvalykite od\u0105. Losjon\u0105 galima naudoti ryte ir (arba) vakare pagal poreik\u012f. \u012esp\u0117jimai: Nenaudokite, jei esate padid\u0117jusio jautrumo bet kuriai sudedamajai daliai. Jei pasirei\u0161k\u0117 alergin\u0117 reakcija, nutraukite naudojim\u0105 ir kreipkit\u0117s \u012f gydytoj\u0105.  <\/p>\n<p>Tik i\u0161oriniam naudojimui.<br \/>\nVenkite, kad losjonas nepatekt\u0173 \u012f akis. Patekus \u012f akis, kruop\u0161\u010diai nuplaukite vandeniu. Laikyti nuo +5\u00baC iki +25\u00baC temperat\u016broje, sausoje, tamsioje, vaikams nepasiekiamoje vietoje. T\u016bris: 100 ml <\/p>\n","protected":false},"excerpt":{"rendered":"<p>&#8220;MedicalFort&#8221; agurk\u0173 ekstrakto veido losjonas giliai puosel\u0117ja od\u0105, padeda j\u0105 skaistinti, maitinti ir lyginti. Losjonas veiksmingai pa\u0161alina sudirgim\u0105, valo ir jaunina od\u0105, palikdamas malon\u0173, gaiv\u0173 agurk\u0173 kvap\u0105. Sud\u0117tyje esantis agurk\u0173 ekstraktas, citrin\u0173 r\u016bg\u0161tis, boro r\u016bg\u0161tis ir glicerinas dr\u0117kina ir valo od\u0105, kartu suteikdamas skaistinam\u0105j\u012f poveik\u012f. Naudojimas: sudr\u0117kinkite vatos diskel\u012f losjonu ir \u0161velniai nuvalykite od\u0105. Losjon\u0105 [&hellip;]<\/p>\n","protected":false},"featured_media":15253,"comment_status":"open","ping_status":"closed","template":"","meta":[],"product_brand":[],"product_cat":[192,130,127],"product_tag":[],"class_list":{"0":"post-15255","1":"product","2":"type-product","3":"status-publish","4":"has-post-thumbnail","6":"product_cat-naujienos","7":"product_cat-valomieji-kremai","8":"product_cat-veidas","10":"first","11":"outofstock","12":"shipping-taxable","13":"purchasable","14":"product-type-simple"},"_links":{"self":[{"href":"https:\/\/beautysba.co.uk\/lt\/wp-json\/wp\/v2\/product\/15255","targetHints":{"allow":["GET"]}}],"collection":[{"href":"https:\/\/beautysba.co.uk\/lt\/wp-json\/wp\/v2\/product"}],"about":[{"href":"https:\/\/beautysba.co.uk\/lt\/wp-json\/wp\/v2\/types\/product"}],"replies":[{"embeddable":true,"href":"https:\/\/beautysba.co.uk\/lt\/wp-json\/wp\/v2\/comments?post=15255"}],"wp:featuredmedia":[{"embeddable":true,"href":"https:\/\/beautysba.co.uk\/lt\/wp-json\/wp\/v2\/media\/15253"}],"wp:attachment":[{"href":"https:\/\/beautysba.co.uk\/lt\/wp-json\/wp\/v2\/media?parent=15255"}],"wp:term":[{"taxonomy":"product_brand","embeddable":true,"href":"https:\/\/beautysba.co.uk\/lt\/wp-json\/wp\/v2\/product_brand?post=15255"},{"taxonomy":"product_cat","embeddable":true,"href":"https:\/\/beautysba.co.uk\/lt\/wp-json\/wp\/v2\/product_cat?post=15255"},{"taxonomy":"product_tag","embeddable":true,"href":"https:\/\/beautysba.co.uk\/lt\/wp-json\/wp\/v2\/product_tag?post=15255"}],"curies":[{"name":"wp","href":"https:\/\/api.w.org\/{rel}","templated":true}]}}