{"id":15297,"date":"2025-01-16T10:17:38","date_gmt":"2025-01-16T10:17:38","guid":{"rendered":"https:\/\/beautysba.co.uk\/product\/%d0%b1%d0%b8%d0%be%d1%82%d0%b8%d0%bd-10000-%d0%bc%d0%b8%d0%ba%d1%80%d0%be%d0%b3%d1%80%d0%b0%d0%bc%d0%bc-500%d0%bc%d0%bb\/"},"modified":"2025-01-16T10:25:57","modified_gmt":"2025-01-16T10:25:57","slug":"%d0%b1%d0%b8%d0%be%d1%82%d0%b8%d0%bd-10000-%d0%bc%d0%b8%d0%ba%d1%80%d0%be%d0%b3%d1%80%d0%b0%d0%bc%d0%bc-500%d0%bc%d0%bb","status":"publish","type":"product","link":"https:\/\/beautysba.co.uk\/lt\/produktas\/%d0%b1%d0%b8%d0%be%d1%82%d0%b8%d0%bd-10000-%d0%bc%d0%b8%d0%ba%d1%80%d0%be%d0%b3%d1%80%d0%b0%d0%bc%d0%bc-500%d0%bc%d0%bb\/","title":{"rendered":"Biotinas 10000 mikrogram\u0173 500ml"},"content":{"rendered":"<p>Skystas papildas sveikiems ir blizgantiems plaukams, \u0161variai odai ir stipriems nagams. Biotinas, arba vitaminas B7, yra vandenyje tirpus fermentas, nat\u016braliai gaminamas organizme. Jis pirmiausia gars\u0117ja savo teigiamu poveikiu plaukams, odai ir nagams. Skysta formul\u0117 garantuoja greitesn\u012f \u012fsisavinim\u0105 ir stipr\u0173 poveik\u012f organizmui. Be to, biotinas atlieka svarb\u0173 vaidmen\u012f palaikant veiksming\u0105 energijos ir makroelement\u0173 apykait\u0105, taip pat palaiko nerv\u0173 sistem\u0105 ir jos funkcijas. SUDEDAMOSIOS DALYS: Daugiasluoksnis filtruotas vanduo, vitaminas C, aromatas (nat\u016bralus apelsin\u0173), r\u016bg\u0161tingum\u0105 reguliuojanti med\u017eiaga (citrin\u0173 r\u016bg\u0161tis), \u0161vie\u017eum\u0105 i\u0161sauganti med\u017eiaga (kalio sorbatas, natrio benzoatas), biotinas, saldiklis (steviolio glikozidai, sacharoz\u0117), nat\u016bralus da\u017eiklis (beta karotenas). 100 % nat\u016bralus skonis ir da\u017eiklis. Be geneti\u0161kai modifikuot\u0173 organizm\u0173, be cukraus, kvie\u010di\u0173, glitimo, sojos, kiau\u0161ini\u0173, rie\u0161ut\u0173 ir pieno. Vos 15 ml per dien\u0105 u\u017etikrins biotino paros norm\u0105. Vienas buteliukas skirtas 33 dien\u0173 vartojimui. Rekomenduojamas 3 m\u0117nesi\u0173 ar ilgesnis kursas. Biotinas teigiamai veikia:<\/p>\n<p>Plauk\u0173 kokybei Odos sveikatai Nag\u0173 sveikatai Energijos apykaitai Nerv\u0173 sistemos veiklai<\/p>\n","protected":false},"excerpt":{"rendered":"<p>Skystas papildas sveikiems ir blizgantiems plaukams, \u0161variai odai ir stipriems nagams. Biotinas, arba vitaminas B7, yra vandenyje tirpus fermentas, nat\u016braliai gaminamas organizme. Jis pirmiausia gars\u0117ja savo teigiamu poveikiu plaukams, odai ir nagams. Skysta formul\u0117 garantuoja greitesn\u012f \u012fsisavinim\u0105 ir stipr\u0173 poveik\u012f organizmui. Be to, biotinas atlieka svarb\u0173 vaidmen\u012f palaikant veiksming\u0105 energijos ir makroelement\u0173 apykait\u0105, taip pat [&hellip;]<\/p>\n","protected":false},"featured_media":15295,"comment_status":"open","ping_status":"closed","template":"","meta":[],"product_brand":[],"product_cat":[328,217,220],"product_tag":[],"class_list":{"0":"post-15297","1":"product","2":"type-product","3":"status-publish","4":"has-post-thumbnail","6":"product_cat-moteru-sveikata","7":"product_cat-sveikatos-prieziura","8":"product_cat-zarnyno-sveikata","10":"first","11":"instock","12":"shipping-taxable","13":"purchasable","14":"product-type-simple"},"_links":{"self":[{"href":"https:\/\/beautysba.co.uk\/lt\/wp-json\/wp\/v2\/product\/15297","targetHints":{"allow":["GET"]}}],"collection":[{"href":"https:\/\/beautysba.co.uk\/lt\/wp-json\/wp\/v2\/product"}],"about":[{"href":"https:\/\/beautysba.co.uk\/lt\/wp-json\/wp\/v2\/types\/product"}],"replies":[{"embeddable":true,"href":"https:\/\/beautysba.co.uk\/lt\/wp-json\/wp\/v2\/comments?post=15297"}],"wp:featuredmedia":[{"embeddable":true,"href":"https:\/\/beautysba.co.uk\/lt\/wp-json\/wp\/v2\/media\/15295"}],"wp:attachment":[{"href":"https:\/\/beautysba.co.uk\/lt\/wp-json\/wp\/v2\/media?parent=15297"}],"wp:term":[{"taxonomy":"product_brand","embeddable":true,"href":"https:\/\/beautysba.co.uk\/lt\/wp-json\/wp\/v2\/product_brand?post=15297"},{"taxonomy":"product_cat","embeddable":true,"href":"https:\/\/beautysba.co.uk\/lt\/wp-json\/wp\/v2\/product_cat?post=15297"},{"taxonomy":"product_tag","embeddable":true,"href":"https:\/\/beautysba.co.uk\/lt\/wp-json\/wp\/v2\/product_tag?post=15297"}],"curies":[{"name":"wp","href":"https:\/\/api.w.org\/{rel}","templated":true}]}}