{"id":15303,"date":"2025-01-16T10:19:21","date_gmt":"2025-01-16T10:19:21","guid":{"rendered":"https:\/\/beautysba.co.uk\/product\/%d1%87%d0%b0%d0%b3%d0%b0-%d1%8d%d0%bb%d0%b8%d0%ba%d1%81%d0%b8%d1%80-%d1%81-%d1%87%d0%b5%d1%80%d0%bd%d0%be%d0%b9-%d1%81%d0%bc%d0%be%d1%80%d0%be%d0%b4%d0%b8%d0%bd%d0%be%d0%b9-500-%d0%bc%d0%bb\/"},"modified":"2025-02-14T19:48:01","modified_gmt":"2025-02-14T19:48:01","slug":"%d1%87%d0%b0%d0%b3%d0%b0-%d1%8d%d0%bb%d0%b8%d0%ba%d1%81%d0%b8%d1%80-%d1%81-%d1%87%d0%b5%d1%80%d0%bd%d0%be%d0%b9-%d1%81%d0%bc%d0%be%d1%80%d0%be%d0%b4%d0%b8%d0%bd%d0%be%d0%b9-500-%d0%bc%d0%bb","status":"publish","type":"product","link":"https:\/\/beautysba.co.uk\/lt\/produktas\/%d1%87%d0%b0%d0%b3%d0%b0-%d1%8d%d0%bb%d0%b8%d0%ba%d1%81%d0%b8%d1%80-%d1%81-%d1%87%d0%b5%d1%80%d0%bd%d0%be%d0%b9-%d1%81%d0%bc%d0%be%d1%80%d0%be%d0%b4%d0%b8%d0%bd%d0%be%d0%b9-500-%d0%bc%d0%bb\/","title":{"rendered":"\u010cagos eliksyras su juodaisiais serbentais 500 ml"},"content":{"rendered":"<p>Maisto papildas su \u010daga 500 ml<\/p>\n<p>Sud\u0117tis:<\/p>\n<p>I\u0161grynintas vanduo \u010cagos ekstraktas (1:5) Juod\u0173j\u0173 serbent\u0173 ekstraktas (1:5) Cukraus sirupas Citrinos r\u016bg\u0161tis (r\u016bg\u0161tingum\u0105 reguliuojanti med\u017eiaga) Natrio benzoatas Askorbo r\u016bg\u0161tis (antioksidantas) Produkto apra\u0161ymas: Nat\u016bralus maisto priedas su \u010dagos ir juod\u0173j\u0173 serbent\u0173 ekstraktu. D\u0117l nat\u016brali\u0173 sudedam\u0173j\u0173 dali\u0173 produktas laikymo metu gali sudaryti nuos\u0117d\u0173, kurios lengvai i\u0161tirpsta pakratant.<\/p>\n<p>Naudojimo rekomendacijos:<\/p>\n<p>Rekomenduojama paros doz\u0117 yra 30 ml, kurioje yra 7,5 ml \u010dagos (Inonotus obliquus) ekstrakto 1:5. Vartokite po 10-15 ml 1-2 kartus per dien\u0105 20-30 min. prie\u0161 valg\u012f. Geriausiems rezultatams pasiekti produkt\u0105 vartokite 3-5 m\u0117nesius su 1 savait\u0117s pertraukomis. Svarb\u016bs \u012fsp\u0117jimai: nevartoti kaip visavert\u0117s ir subalansuotos mitybos pakaitalo.  <\/p>\n<p>Nevir\u0161ykite rekomenduojamos paros doz\u0117s.<\/p>\n<p>Laikyti vaikams nepasiekiamoje vietoje.<\/p>\n<p>Nenaudokite, jei netoleruojate sudedam\u0173j\u0173 dali\u0173. Nerekomenduojama vartoti n\u0117\u0161\u010diosioms ir maitinan\u010dioms motinoms.<\/p>\n<p>Laikymo s\u0105lygos:<\/p>\n<p>Laikykite kambario temperat\u016broje apsaugotoje originalioje pakuot\u0117je.<\/p>\n","protected":false},"excerpt":{"rendered":"<p>Maisto papildas su \u010daga 500 ml Sud\u0117tis: I\u0161grynintas vanduo \u010cagos ekstraktas (1:5) Juod\u0173j\u0173 serbent\u0173 ekstraktas (1:5) Cukraus sirupas Citrinos r\u016bg\u0161tis (r\u016bg\u0161tingum\u0105 reguliuojanti med\u017eiaga) Natrio benzoatas Askorbo r\u016bg\u0161tis (antioksidantas) Produkto apra\u0161ymas: Nat\u016bralus maisto priedas su \u010dagos ir juod\u0173j\u0173 serbent\u0173 ekstraktu. D\u0117l nat\u016brali\u0173 sudedam\u0173j\u0173 dali\u0173 produktas laikymo metu gali sudaryti nuos\u0117d\u0173, kurios lengvai i\u0161tirpsta pakratant. Naudojimo rekomendacijos: [&hellip;]<\/p>\n","protected":false},"featured_media":15301,"comment_status":"open","ping_status":"closed","template":"","meta":[],"product_brand":[],"product_cat":[333,217,220],"product_tag":[],"class_list":{"0":"post-15303","1":"product","2":"type-product","3":"status-publish","4":"has-post-thumbnail","6":"product_cat-persalimo-ligoms-ir-psichinei-sveikatai","7":"product_cat-sveikatos-prieziura","8":"product_cat-zarnyno-sveikata","10":"first","11":"instock","12":"shipping-taxable","13":"purchasable","14":"product-type-simple"},"_links":{"self":[{"href":"https:\/\/beautysba.co.uk\/lt\/wp-json\/wp\/v2\/product\/15303","targetHints":{"allow":["GET"]}}],"collection":[{"href":"https:\/\/beautysba.co.uk\/lt\/wp-json\/wp\/v2\/product"}],"about":[{"href":"https:\/\/beautysba.co.uk\/lt\/wp-json\/wp\/v2\/types\/product"}],"replies":[{"embeddable":true,"href":"https:\/\/beautysba.co.uk\/lt\/wp-json\/wp\/v2\/comments?post=15303"}],"wp:featuredmedia":[{"embeddable":true,"href":"https:\/\/beautysba.co.uk\/lt\/wp-json\/wp\/v2\/media\/15301"}],"wp:attachment":[{"href":"https:\/\/beautysba.co.uk\/lt\/wp-json\/wp\/v2\/media?parent=15303"}],"wp:term":[{"taxonomy":"product_brand","embeddable":true,"href":"https:\/\/beautysba.co.uk\/lt\/wp-json\/wp\/v2\/product_brand?post=15303"},{"taxonomy":"product_cat","embeddable":true,"href":"https:\/\/beautysba.co.uk\/lt\/wp-json\/wp\/v2\/product_cat?post=15303"},{"taxonomy":"product_tag","embeddable":true,"href":"https:\/\/beautysba.co.uk\/lt\/wp-json\/wp\/v2\/product_tag?post=15303"}],"curies":[{"name":"wp","href":"https:\/\/api.w.org\/{rel}","templated":true}]}}