{"id":15309,"date":"2025-01-16T10:20:38","date_gmt":"2025-01-16T10:20:38","guid":{"rendered":"https:\/\/beautysba.co.uk\/product\/%d1%87%d0%b0%d0%b3%d0%b0-%d1%8d%d0%bb%d0%b8%d0%ba%d1%81%d0%b8%d1%80-%d1%81-%d0%bb%d0%b8%d0%bc%d0%be%d0%bd%d0%be%d0%bc-500-%d0%bc%d0%bb\/"},"modified":"2025-01-16T10:25:59","modified_gmt":"2025-01-16T10:25:59","slug":"%d1%87%d0%b0%d0%b3%d0%b0-%d1%8d%d0%bb%d0%b8%d0%ba%d1%81%d0%b8%d1%80-%d1%81-%d0%bb%d0%b8%d0%bc%d0%be%d0%bd%d0%be%d0%bc-500-%d0%bc%d0%bb","status":"publish","type":"product","link":"https:\/\/beautysba.co.uk\/lt\/produktas\/%d1%87%d0%b0%d0%b3%d0%b0-%d1%8d%d0%bb%d0%b8%d0%ba%d1%81%d0%b8%d1%80-%d1%81-%d0%bb%d0%b8%d0%bc%d0%be%d0%bd%d0%be%d0%bc-500-%d0%bc%d0%bb\/","title":{"rendered":"\u010cagos eliksyras su citrina 500 ml"},"content":{"rendered":"<p>Eliksyras &#8220;\u010caga su citrina&#8221; 500 ml Maisto papildas su \u010daga<\/p>\n<p>Sud\u0117tis:<\/p>\n<p>I\u0161grynintas vanduo \u010cagos ekstraktas 1:5 (Inonotus obliquus) Citrin\u0173 ekstraktas 3:10 Cukraus sirupas Citrinos r\u016bg\u0161tis (r\u016bg\u0161tingum\u0105 reguliuojanti med\u017eiaga) Natrio benzoatas Askorbo r\u016bg\u0161tis (antioksidantas) Laikymas: Nat\u016bralios kilm\u0117s produktas. Laikymo metu gali susidaryti nuos\u0117d\u0173, kurios i\u0161tirpsta pakratant prie\u0161 vartojim\u0105. Rekomenduojama paros doz\u0117 &#8211; 30 ml. \u010cag\u0173 ekstrakto kiekis 1:5 &#8211; 7,5 ml. Rekomenduojama vartoti po 10-15 ml 1-2 kartus per dien\u0105 20-30 min. prie\u0161 valg\u012f. Rekomenduojama preparat\u0105 vartoti 3-5 m\u0117nesius su 1 savait\u0117s pertraukomis. \u012esp\u0117jimai: nevartoti kaip visavert\u0117s mitybos pakaitalo. Nevir\u0161ykite rekomenduojamos paros doz\u0117s.<\/p>\n<p>Laikyti vaikams nepasiekiamoje vietoje.<\/p>\n<p>Naudokite atsargiai, jei netoleruojate sudedam\u0173j\u0173 dali\u0173. Laikykite v\u0117sioje ir sausoje vietoje. Atidaryt\u0105 laikyti \u0161aldytuve. Papildoma informacija ant pakuot\u0117s.<\/p>\n","protected":false},"excerpt":{"rendered":"<p>Eliksyras &#8220;\u010caga su citrina&#8221; 500 ml Maisto papildas su \u010daga Sud\u0117tis: I\u0161grynintas vanduo \u010cagos ekstraktas 1:5 (Inonotus obliquus) Citrin\u0173 ekstraktas 3:10 Cukraus sirupas Citrinos r\u016bg\u0161tis (r\u016bg\u0161tingum\u0105 reguliuojanti med\u017eiaga) Natrio benzoatas Askorbo r\u016bg\u0161tis (antioksidantas) Laikymas: Nat\u016bralios kilm\u0117s produktas. Laikymo metu gali susidaryti nuos\u0117d\u0173, kurios i\u0161tirpsta pakratant prie\u0161 vartojim\u0105. Rekomenduojama paros doz\u0117 &#8211; 30 ml. \u010cag\u0173 ekstrakto [&hellip;]<\/p>\n","protected":false},"featured_media":15307,"comment_status":"open","ping_status":"closed","template":"","meta":[],"product_brand":[],"product_cat":[217,220],"product_tag":[],"class_list":{"0":"post-15309","1":"product","2":"type-product","3":"status-publish","4":"has-post-thumbnail","6":"product_cat-sveikatos-prieziura","7":"product_cat-zarnyno-sveikata","9":"first","10":"instock","11":"shipping-taxable","12":"purchasable","13":"product-type-simple"},"_links":{"self":[{"href":"https:\/\/beautysba.co.uk\/lt\/wp-json\/wp\/v2\/product\/15309","targetHints":{"allow":["GET"]}}],"collection":[{"href":"https:\/\/beautysba.co.uk\/lt\/wp-json\/wp\/v2\/product"}],"about":[{"href":"https:\/\/beautysba.co.uk\/lt\/wp-json\/wp\/v2\/types\/product"}],"replies":[{"embeddable":true,"href":"https:\/\/beautysba.co.uk\/lt\/wp-json\/wp\/v2\/comments?post=15309"}],"wp:featuredmedia":[{"embeddable":true,"href":"https:\/\/beautysba.co.uk\/lt\/wp-json\/wp\/v2\/media\/15307"}],"wp:attachment":[{"href":"https:\/\/beautysba.co.uk\/lt\/wp-json\/wp\/v2\/media?parent=15309"}],"wp:term":[{"taxonomy":"product_brand","embeddable":true,"href":"https:\/\/beautysba.co.uk\/lt\/wp-json\/wp\/v2\/product_brand?post=15309"},{"taxonomy":"product_cat","embeddable":true,"href":"https:\/\/beautysba.co.uk\/lt\/wp-json\/wp\/v2\/product_cat?post=15309"},{"taxonomy":"product_tag","embeddable":true,"href":"https:\/\/beautysba.co.uk\/lt\/wp-json\/wp\/v2\/product_tag?post=15309"}],"curies":[{"name":"wp","href":"https:\/\/api.w.org\/{rel}","templated":true}]}}