{"id":15315,"date":"2025-01-16T10:22:18","date_gmt":"2025-01-16T10:22:18","guid":{"rendered":"https:\/\/beautysba.co.uk\/product\/%d1%86%d0%b8%d0%ba%d0%be%d1%80%d0%b8%d0%b9-%d1%80%d0%b0%d1%81%d1%82%d0%b2%d0%be%d1%80%d0%b8%d0%bc%d1%8b%d0%b9-%d0%bf%d0%b0%d1%81%d1%82%d0%be%d0%be%d0%b1%d1%80%d0%b0%d0%b7%d0%bd%d1%8b%d0%b9-200g\/"},"modified":"2025-01-16T10:25:58","modified_gmt":"2025-01-16T10:25:58","slug":"%d1%86%d0%b8%d0%ba%d0%be%d1%80%d0%b8%d0%b9-%d1%80%d0%b0%d1%81%d1%82%d0%b2%d0%be%d1%80%d0%b8%d0%bc%d1%8b%d0%b9-%d0%bf%d0%b0%d1%81%d1%82%d0%be%d0%be%d0%b1%d1%80%d0%b0%d0%b7%d0%bd%d1%8b%d0%b9-200g","status":"publish","type":"product","link":"https:\/\/beautysba.co.uk\/lt\/produktas\/%d1%86%d0%b8%d0%ba%d0%be%d1%80%d0%b8%d0%b9-%d1%80%d0%b0%d1%81%d1%82%d0%b2%d0%be%d1%80%d0%b8%d0%bc%d1%8b%d0%b9-%d0%bf%d0%b0%d1%81%d1%82%d0%be%d0%be%d0%b1%d1%80%d0%b0%d0%b7%d0%bd%d1%8b%d0%b9-200g\/","title":{"rendered":"Tirp\u016bs tr\u016bka\u017eol\u0117s (pasta) 200g"},"content":{"rendered":"<p>Tai puikus tirpi\u0173 maistini\u0173 skaidul\u0173 (\u012fskaitant inulin\u0105) \u0161altinis. Tai nepakei\u010diamas g\u0117rimas visiems, kurie stengiasi gyventi sveikai. D\u0117l didelio inulino kiekio cikorijos padeda ma\u017einti cukraus kiek\u012f kraujyje, gerina med\u017eiag\u0173 apykait\u0105 ir vir\u0161kinim\u0105. Ji pasi\u017eymi tonizuojan\u010diomis, antimikrobin\u0117mis ir prie\u0161u\u017edegimin\u0117mis savyb\u0117mis. Cikorijose yra polisacharido inulino, fruktoz\u0117s, glikozito intibino (suteikia g\u0117rimui b\u016bding\u0105 kartok\u0105 skon\u012f), vitamin\u0173 (B1, B2, PP, C), cholino, baltym\u0173, pektino, tanin\u0173, organini\u0173 r\u016bg\u0161\u010di\u0173, karotino, mineral\u0173 (Na, Ca, Mg, K, Fe, P), mikroelement\u0173, taip pat kit\u0173 \u017emogaus gyvenimui reikaling\u0173 nauding\u0173 med\u017eiag\u0173. Cikorijose n\u0117ra kofeino, ma\u017eina nervin\u012f jaudrum\u0105, cukraus kiek\u012f kraujyje, gerina vir\u0161kinim\u0105. Reguliarus cikorij\u0173 vartojimas pad\u0117s \u017emogui i\u0161valyti organizm\u0105 nuo toksin\u0173, toksin\u0173, radioaktyvi\u0173j\u0173 med\u017eiag\u0173 ir sunki\u0173j\u0173 metal\u0173. Grynasis svoris 200 gr, geneti\u0161kai nemodifikuota<\/p>\n","protected":false},"excerpt":{"rendered":"<p>Tai puikus tirpi\u0173 maistini\u0173 skaidul\u0173 (\u012fskaitant inulin\u0105) \u0161altinis. Tai nepakei\u010diamas g\u0117rimas visiems, kurie stengiasi gyventi sveikai. D\u0117l didelio inulino kiekio cikorijos padeda ma\u017einti cukraus kiek\u012f kraujyje, gerina med\u017eiag\u0173 apykait\u0105 ir vir\u0161kinim\u0105. Ji pasi\u017eymi tonizuojan\u010diomis, antimikrobin\u0117mis ir prie\u0161u\u017edegimin\u0117mis savyb\u0117mis. Cikorijose yra polisacharido inulino, fruktoz\u0117s, glikozito intibino (suteikia g\u0117rimui b\u016bding\u0105 kartok\u0105 skon\u012f), vitamin\u0173 (B1, B2, PP, C), [&hellip;]<\/p>\n","protected":false},"featured_media":15313,"comment_status":"open","ping_status":"closed","template":"","meta":[],"product_brand":[],"product_cat":[217,220,270],"product_tag":[],"class_list":{"0":"post-15315","1":"product","2":"type-product","3":"status-publish","4":"has-post-thumbnail","6":"product_cat-sveikatos-prieziura","7":"product_cat-zarnyno-sveikata","8":"product_cat----lt","10":"first","11":"outofstock","12":"shipping-taxable","13":"purchasable","14":"product-type-simple"},"_links":{"self":[{"href":"https:\/\/beautysba.co.uk\/lt\/wp-json\/wp\/v2\/product\/15315","targetHints":{"allow":["GET"]}}],"collection":[{"href":"https:\/\/beautysba.co.uk\/lt\/wp-json\/wp\/v2\/product"}],"about":[{"href":"https:\/\/beautysba.co.uk\/lt\/wp-json\/wp\/v2\/types\/product"}],"replies":[{"embeddable":true,"href":"https:\/\/beautysba.co.uk\/lt\/wp-json\/wp\/v2\/comments?post=15315"}],"wp:featuredmedia":[{"embeddable":true,"href":"https:\/\/beautysba.co.uk\/lt\/wp-json\/wp\/v2\/media\/15313"}],"wp:attachment":[{"href":"https:\/\/beautysba.co.uk\/lt\/wp-json\/wp\/v2\/media?parent=15315"}],"wp:term":[{"taxonomy":"product_brand","embeddable":true,"href":"https:\/\/beautysba.co.uk\/lt\/wp-json\/wp\/v2\/product_brand?post=15315"},{"taxonomy":"product_cat","embeddable":true,"href":"https:\/\/beautysba.co.uk\/lt\/wp-json\/wp\/v2\/product_cat?post=15315"},{"taxonomy":"product_tag","embeddable":true,"href":"https:\/\/beautysba.co.uk\/lt\/wp-json\/wp\/v2\/product_tag?post=15315"}],"curies":[{"name":"wp","href":"https:\/\/api.w.org\/{rel}","templated":true}]}}