{"id":15321,"date":"2025-01-16T10:23:41","date_gmt":"2025-01-16T10:23:41","guid":{"rendered":"https:\/\/beautysba.co.uk\/product\/%d0%b3%d0%bb%d0%b8%d1%86%d0%b5%d1%80%d0%b8%d0%bd%d0%be%d0%b2%d1%8b%d0%b5-%d1%80%d0%b5%d0%ba%d1%82%d0%b0%d0%bb%d1%8c%d0%bd%d1%8b%d0%b5-%d1%81%d1%83%d0%bf%d0%bf%d0%be%d0%b7%d0%b8%d1%82%d0%be%d1%80%d0%b8\/"},"modified":"2025-01-16T10:25:59","modified_gmt":"2025-01-16T10:25:59","slug":"%d0%b3%d0%bb%d0%b8%d1%86%d0%b5%d1%80%d0%b8%d0%bd%d0%be%d0%b2%d1%8b%d0%b5-%d1%80%d0%b5%d0%ba%d1%82%d0%b0%d0%bb%d1%8c%d0%bd%d1%8b%d0%b5-%d1%81%d1%83%d0%bf%d0%bf%d0%be%d0%b7%d0%b8%d1%82%d0%be%d1%80%d0%b8","status":"publish","type":"product","link":"https:\/\/beautysba.co.uk\/lt\/produktas\/%d0%b3%d0%bb%d0%b8%d1%86%d0%b5%d1%80%d0%b8%d0%bd%d0%be%d0%b2%d1%8b%d0%b5-%d1%80%d0%b5%d0%ba%d1%82%d0%b0%d0%bb%d1%8c%d0%bd%d1%8b%d0%b5-%d1%81%d1%83%d0%bf%d0%bf%d0%be%d0%b7%d0%b8%d1%82%d0%be%d1%80%d0%b8\/","title":{"rendered":"Glicerino rektalin\u0117s \u017evakut\u0117s suaugusiesiems, 12 vnt., JutaVit"},"content":{"rendered":"<p>Glicerino \u017evakut\u0117s yra \u0161velni priemon\u0117 nuo viduri\u0173 u\u017ekiet\u0117jimo, skirta palengvinti tu\u0161tinim\u0105si. Jie \u012fvairiais b\u016bdais padeda tu\u0161tinimosi procesui. Susilietus su gleivine, sukeliamas \u017earnyno tu\u0161tinimosi refleksas. Glicerinas sumink\u0161tina u\u017esistov\u0117jusias i\u0161mat\u0173 mases, padidina j\u0173 t\u016br\u012f apatin\u0117je storosios \u017earnos dalyje ir sukuria slydimo efekt\u0105, tod\u0117l tu\u0161tinimosi procesas tampa greitas ir lengvas. Glicerino \u017evakut\u0117s ilgai i\u0161laiko savo form\u0105 ir savaime nei\u0161tirpsta, nes tiesiojoje \u017earnoje esan\u010dio skys\u010dio nepakanka joms i\u0161tirpdyti. Kiekis: Glicerino \u017evakut\u0117s 2500 mg &#8211; suaugusiesiems \/ 12 \u017evaku\u010di\u0173.<\/p>\n<p>Sudedamosios dalys \/ INCI: Glicerinas Natrio stearatas Natrio karbonatas Naudojimas: Glicerino \u017evakut\u0117s skirtos palengvinti tu\u0161tinim\u0105si po suspaust\u0173 ar sukiet\u0117jusi\u0173 i\u0161mat\u0173, nes lokaliai dirgina tiesiosios \u017earnos gleivin\u0119 ir turi slydimo poveik\u012f. \u017dvakut\u0117je esantis glicerinas padeda i\u0161tu\u0161tinti \u017earnyn\u0105, sumink\u0161tina ir sudr\u0117kina u\u017esistov\u0117jusi\u0105 i\u0161mat\u0173 mas\u0119, padidina jos t\u016br\u012f storosios \u017earnos apatin\u0117je dalyje ir palengvina tu\u0161tinim\u0105si.     <\/p>\n<p>Kontraindikacijos:<\/p>\n<p>Nevartokite, jei jau\u010diate \u016bm\u0173 pilvo skausm\u0105 arba neai\u0161kios kilm\u0117s skausm\u0105. Nenaudokite, jei esate padid\u0117jusio jautrumo glicerino \u017evaku\u010di\u0173 sudedamosioms dalims. Nenaudokite, jei sergate tiesiosios \u017earnos u\u017edegimu, \u012ftr\u016bkimais ar kraujuojan\u010diu hemorojumi. Dozavimas: suaugusiesiems: 1-2 \u017evakut\u0117s per dien\u0105. Pasitarkite su gydytoju d\u0117l \u017evaku\u010di\u0173 naudojimo jaunesniems nei 1 met\u0173 vaikams. Vartojimo instrukcija: Atidarykite folij\u0105 nuo a\u0161traus \u017evakut\u0117s galo ir i\u0161imkite pakuot\u0119. \u012eki\u0161kite \u017evakut\u0119 a\u0161triuoju galu \u012f i\u0161ang\u0119. Poveikis pasirei\u0161kia per 30 minu\u010di\u0173 po panaudojimo. Vienkartin\u0117 glicerino \u017evakut\u0117 skirta nedelsiant vienkartiniam naudojimui. Negalima naudoti pakartotinai. Vartojimas n\u0117\u0161tumo ir \u017eindymo laikotarpiu: Glicerino 2500 mg \u017evakutes galima vartoti n\u0117\u0161\u010dioms ir \u017eindan\u010dioms moterims.<\/p>\n<p>Laikymo s\u0105lygos:<\/p>\n<p>Laikykite sausoje vietoje nuo +4 \u00b0C iki +30 \u00b0C temperat\u016broje.<br \/>\nLaikyti vaikams nepasiekiamoje vietoje.<br \/>\nNenaudokite, jei pakuot\u0117 pa\u017eeista. Nenaudokite pasibaigus ant pakuot\u0117s nurodytam galiojimo laikui. Apie bet kok\u012f sunk\u0173 \u0161alutin\u012f poveik\u012f prane\u0161kite gamintojui arba valstybin\u0117ms institucijoms.<\/p>\n","protected":false},"excerpt":{"rendered":"<p>Glicerino \u017evakut\u0117s yra \u0161velni priemon\u0117 nuo viduri\u0173 u\u017ekiet\u0117jimo, skirta palengvinti tu\u0161tinim\u0105si. Jie \u012fvairiais b\u016bdais padeda tu\u0161tinimosi procesui. Susilietus su gleivine, sukeliamas \u017earnyno tu\u0161tinimosi refleksas. Glicerinas sumink\u0161tina u\u017esistov\u0117jusias i\u0161mat\u0173 mases, padidina j\u0173 t\u016br\u012f apatin\u0117je storosios \u017earnos dalyje ir sukuria slydimo efekt\u0105, tod\u0117l tu\u0161tinimosi procesas tampa greitas ir lengvas. Glicerino \u017evakut\u0117s ilgai i\u0161laiko savo form\u0105 ir savaime [&hellip;]<\/p>\n","protected":false},"featured_media":15319,"comment_status":"open","ping_status":"closed","template":"","meta":[],"product_brand":[],"product_cat":[218,192,201,217],"product_tag":[],"class_list":{"0":"post-15321","1":"product","2":"type-product","3":"status-publish","4":"has-post-thumbnail","6":"product_cat-kuno-prieziura","7":"product_cat-naujienos","8":"product_cat-skausmo-malsinimas","9":"product_cat-sveikatos-prieziura","11":"first","12":"outofstock","13":"shipping-taxable","14":"purchasable","15":"product-type-simple"},"_links":{"self":[{"href":"https:\/\/beautysba.co.uk\/lt\/wp-json\/wp\/v2\/product\/15321","targetHints":{"allow":["GET"]}}],"collection":[{"href":"https:\/\/beautysba.co.uk\/lt\/wp-json\/wp\/v2\/product"}],"about":[{"href":"https:\/\/beautysba.co.uk\/lt\/wp-json\/wp\/v2\/types\/product"}],"replies":[{"embeddable":true,"href":"https:\/\/beautysba.co.uk\/lt\/wp-json\/wp\/v2\/comments?post=15321"}],"wp:featuredmedia":[{"embeddable":true,"href":"https:\/\/beautysba.co.uk\/lt\/wp-json\/wp\/v2\/media\/15319"}],"wp:attachment":[{"href":"https:\/\/beautysba.co.uk\/lt\/wp-json\/wp\/v2\/media?parent=15321"}],"wp:term":[{"taxonomy":"product_brand","embeddable":true,"href":"https:\/\/beautysba.co.uk\/lt\/wp-json\/wp\/v2\/product_brand?post=15321"},{"taxonomy":"product_cat","embeddable":true,"href":"https:\/\/beautysba.co.uk\/lt\/wp-json\/wp\/v2\/product_cat?post=15321"},{"taxonomy":"product_tag","embeddable":true,"href":"https:\/\/beautysba.co.uk\/lt\/wp-json\/wp\/v2\/product_tag?post=15321"}],"curies":[{"name":"wp","href":"https:\/\/api.w.org\/{rel}","templated":true}]}}