{"id":15346,"date":"2025-01-24T13:03:39","date_gmt":"2025-01-24T13:03:39","guid":{"rendered":"https:\/\/beautysba.co.uk\/product\/%d0%b1%d0%b0%d0%bb%d1%8c%d0%b7%d0%b0%d0%bc-%d0%b4%d0%bb%d1%8f-%d0%b2%d0%be%d0%bb%d0%be%d1%81-modum-%d0%ba%d0%bb%d0%b0%d1%81%d1%81%d0%b8%d0%ba%d0%b0-%d0%bf%d0%b8%d0%b2%d0%bd%d1%8b%d0%b5-%d0%b4%d1%80\/"},"modified":"2025-01-24T13:05:16","modified_gmt":"2025-01-24T13:05:16","slug":"%d0%b1%d0%b0%d0%bb%d1%8c%d0%b7%d0%b0%d0%bc-%d0%b4%d0%bb%d1%8f-%d0%b2%d0%be%d0%bb%d0%be%d1%81-modum-%d0%ba%d0%bb%d0%b0%d1%81%d1%81%d0%b8%d0%ba%d0%b0-%d0%bf%d0%b8%d0%b2%d0%bd%d1%8b%d0%b5-%d0%b4%d1%80","status":"publish","type":"product","link":"https:\/\/beautysba.co.uk\/lt\/produktas\/%d0%b1%d0%b0%d0%bb%d1%8c%d0%b7%d0%b0%d0%bc-%d0%b4%d0%bb%d1%8f-%d0%b2%d0%be%d0%bb%d0%be%d1%81-modum-%d0%ba%d0%bb%d0%b0%d1%81%d1%81%d0%b8%d0%ba%d0%b0-%d0%bf%d0%b8%d0%b2%d0%bd%d1%8b%d0%b5-%d0%b4%d1%80\/","title":{"rendered":"MODUM CLASSICS alaus mieli\u0173 balzamas plaukams, 400 ml"},"content":{"rendered":"<p>Balzamas su alaus mieli\u0173 ir apyni\u0173 ekstraktais r\u016bpinasi plaukais, stiprina juos, suteikia apimties ir sodrios spalvos. Didelio produkto veiksmingumo paslaptis &#8211; B grup\u0117s vitaminai, kuri\u0173 gausu alaus miel\u0117se ir apyniuose. Alaus miel\u0117s veiksmingos esant plauk\u0173 slinkimui, augimo sul\u0117t\u0117jimui, l\u016b\u017ein\u0117jimui, suma\u017e\u0117jusiam elastingumui, padeda atkurti pa\u017eeist\u0105 plauk\u0173 strukt\u016br\u0105. Apyni\u0173 ekstraktas gr\u0105\u017eina plaukams nat\u016brali\u0105 apimt\u012f, blizges\u012f, stiprum\u0105 ir gro\u017e\u012f. Balzamas pasi\u017eymi maloniu aromatu. Stiprinam\u0105j\u012f poveik\u012f sustiprina reguliarus naudojimas su MODUM CLASSICS alaus mieli\u0173 \u0161amp\u016bnu. Skirtas bet kokio tipo plaukams ir da\u017enam naudojimui. Sud\u0117tyje n\u0117ra dirbtini\u0173 da\u017eikli\u0173, silikon\u0173, gyv\u016bnin\u0117s kilm\u0117s ingredient\u0173.       <\/p>\n","protected":false},"excerpt":{"rendered":"<p>Balzamas su alaus mieli\u0173 ir apyni\u0173 ekstraktais r\u016bpinasi plaukais, stiprina juos, suteikia apimties ir sodrios spalvos. Didelio produkto veiksmingumo paslaptis &#8211; B grup\u0117s vitaminai, kuri\u0173 gausu alaus miel\u0117se ir apyniuose. Alaus miel\u0117s veiksmingos esant plauk\u0173 slinkimui, augimo sul\u0117t\u0117jimui, l\u016b\u017ein\u0117jimui, suma\u017e\u0117jusiam elastingumui, padeda atkurti pa\u017eeist\u0105 plauk\u0173 strukt\u016br\u0105. Apyni\u0173 ekstraktas gr\u0105\u017eina plaukams nat\u016brali\u0105 apimt\u012f, blizges\u012f, stiprum\u0105 ir [&hellip;]<\/p>\n","protected":false},"featured_media":15344,"comment_status":"open","ping_status":"closed","template":"","meta":[],"product_brand":[],"product_cat":[211,212],"product_tag":[],"class_list":{"0":"post-15346","1":"product","2":"type-product","3":"status-publish","4":"has-post-thumbnail","6":"product_cat-hair-lt","7":"product_cat-kondicionieriai-balzamai","9":"first","10":"outofstock","11":"shipping-taxable","12":"purchasable","13":"product-type-simple"},"_links":{"self":[{"href":"https:\/\/beautysba.co.uk\/lt\/wp-json\/wp\/v2\/product\/15346","targetHints":{"allow":["GET"]}}],"collection":[{"href":"https:\/\/beautysba.co.uk\/lt\/wp-json\/wp\/v2\/product"}],"about":[{"href":"https:\/\/beautysba.co.uk\/lt\/wp-json\/wp\/v2\/types\/product"}],"replies":[{"embeddable":true,"href":"https:\/\/beautysba.co.uk\/lt\/wp-json\/wp\/v2\/comments?post=15346"}],"wp:featuredmedia":[{"embeddable":true,"href":"https:\/\/beautysba.co.uk\/lt\/wp-json\/wp\/v2\/media\/15344"}],"wp:attachment":[{"href":"https:\/\/beautysba.co.uk\/lt\/wp-json\/wp\/v2\/media?parent=15346"}],"wp:term":[{"taxonomy":"product_brand","embeddable":true,"href":"https:\/\/beautysba.co.uk\/lt\/wp-json\/wp\/v2\/product_brand?post=15346"},{"taxonomy":"product_cat","embeddable":true,"href":"https:\/\/beautysba.co.uk\/lt\/wp-json\/wp\/v2\/product_cat?post=15346"},{"taxonomy":"product_tag","embeddable":true,"href":"https:\/\/beautysba.co.uk\/lt\/wp-json\/wp\/v2\/product_tag?post=15346"}],"curies":[{"name":"wp","href":"https:\/\/api.w.org\/{rel}","templated":true}]}}