{"id":15686,"date":"2025-03-10T11:26:40","date_gmt":"2025-03-10T11:26:40","guid":{"rendered":"https:\/\/beautysba.co.uk\/product\/%d0%ba%d0%be%d0%bc%d0%bf%d0%bb%d0%b5%d0%ba%d1%81-%d0%b2%d0%b8%d1%82%d0%b0%d0%bc%d0%b8%d0%bd%d0%be%d0%b2-%d1%81d3zn-500ml-vitateka\/"},"modified":"2025-03-13T09:45:13","modified_gmt":"2025-03-13T09:45:13","slug":"%d0%ba%d0%be%d0%bc%d0%bf%d0%bb%d0%b5%d0%ba%d1%81-%d0%b2%d0%b8%d1%82%d0%b0%d0%bc%d0%b8%d0%bd%d0%be%d0%b2-%d1%81d3zn-500ml-vitateka","status":"publish","type":"product","link":"https:\/\/beautysba.co.uk\/lt\/produktas\/%d0%ba%d0%be%d0%bc%d0%bf%d0%bb%d0%b5%d0%ba%d1%81-%d0%b2%d0%b8%d1%82%d0%b0%d0%bc%d0%b8%d0%bd%d0%be%d0%b2-%d1%81d3zn-500ml-vitateka\/","title":{"rendered":"Vitamino C+D3+Zn kompleksas 500ml-Vitateka"},"content":{"rendered":"<p>Vitamin\u0173 C, D3 ir cinko nauda sveikatai<br \/>\n&#8220;Vitateka&#8221; vitamin\u0173 C+D3+Zn kompleksas yra 100 % nat\u016bralios sud\u0117ties, kuri stiprina sveikat\u0105 ir palaiko imunin\u0119 sistem\u0105. \u0160iame komplekse esantys vitaminai ir mineralai padeda organizmui veiksmingai susidoroti su stresu ir i\u0161likti aktyviam. <\/p>\n<p>&#8220;Vitateka Complex&#8221; nauda<br \/>\nNat\u016bral\u016bs ingredientai: Vitaminai C ir D3 bei cinkas gaunami i\u0161 nat\u016brali\u0173 \u0161altini\u0173, kad b\u016bt\u0173 maksimaliai \u012fsisavinami ir veiksmingi.<br \/>\nImunin\u0117s sistemos palaikymas: Vitaminas C ir cinkas stiprina imunin\u0119 sistem\u0105, padeda organizmui apsisaugoti nuo infekcij\u0173.<br \/>\nGeresn\u0117 odos sveikata: Cinkas skatina odos gijim\u0105 ir atsinaujinim\u0105, o vitaminas C yra b\u016btinas kolageno gamybai, kad pager\u0117t\u0173 odos stangrumas ir elastingumas.<br \/>\nKaul\u0173 ir raumen\u0173 sveikata: i\u0161 nat\u016brali\u0173 \u0161altini\u0173 gaunamas vitaminas D3 skatina kalcio, kuris b\u016btinas kaul\u0173 sveikatai ir normaliai raumen\u0173 funkcijai, \u012fsisavinim\u0105.<br \/>\nVitamin\u0173 ir cinko \u0161altiniai<br \/>\nVitaminas C gaunamas i\u0161 \u0161vie\u017ei\u0173 vaisi\u0173 ir dar\u017eovi\u0173, pavyzd\u017eiui, citrusini\u0173 vaisi\u0173 ir \u017ealialapi\u0173 augal\u0173. Vitamino D3 yra nat\u016braliose \u017euvyse ir praturtintuose maisto produktuose. Cinko yra m\u0117soje ir augaliniuose maisto produktuose, pavyzd\u017eiui, rie\u0161utuose ir ank\u0161tin\u0117se dar\u017eov\u0117se. Vitateka&#8221; u\u017etikrina optimal\u0173 \u0161i\u0173 med\u017eiag\u0173 kiek\u012f, garantuodama nat\u016brali\u0105 j\u0173 kilm\u0119.   <\/p>\n<p>Vartojimo instrukcijos<br \/>\nRekomenduojama vitamino C paros doz\u0117 suaugusiesiems yra ma\u017edaug 75-90 mg, vitamino D3 &#8211; 15-20 mcg, o cinko &#8211; 8-11 mg, priklausomai nuo lyties ir am\u017eiaus. Nevir\u0161ykite rekomenduojam\u0173 dozi\u0173 ir prie\u0161 prad\u0117dami vartoti maisto papildus b\u016btinai pasitarkite su gydytoju. <\/p>\n<p>I\u0161vada<br \/>\nVitateka Vitamin C+D3+Zn Complex yra patikimas pasirinkimas tiems, kurie vertina nat\u016bralius produktus ir nori palaikyti savo sveikat\u0105 bei imunin\u0119 sistem\u0105 \u0161iuolaikinio pasaulio s\u0105lygomis.<\/p>\n","protected":false},"excerpt":{"rendered":"<p>Vitamin\u0173 C, D3 ir cinko nauda sveikatai &#8220;Vitateka&#8221; vitamin\u0173 C+D3+Zn kompleksas yra 100 % nat\u016bralios sud\u0117ties, kuri stiprina sveikat\u0105 ir palaiko imunin\u0119 sistem\u0105. \u0160iame komplekse esantys vitaminai ir mineralai padeda organizmui veiksmingai susidoroti su stresu ir i\u0161likti aktyviam. &#8220;Vitateka Complex&#8221; nauda Nat\u016bral\u016bs ingredientai: Vitaminai C ir D3 bei cinkas gaunami i\u0161 nat\u016brali\u0173 \u0161altini\u0173, kad b\u016bt\u0173 [&hellip;]<\/p>\n","protected":false},"featured_media":15684,"comment_status":"open","ping_status":"closed","template":"","meta":[],"product_brand":[],"product_cat":[217,220],"product_tag":[],"class_list":{"0":"post-15686","1":"product","2":"type-product","3":"status-publish","4":"has-post-thumbnail","6":"product_cat-sveikatos-prieziura","7":"product_cat-zarnyno-sveikata","9":"first","10":"instock","11":"shipping-taxable","12":"purchasable","13":"product-type-simple"},"_links":{"self":[{"href":"https:\/\/beautysba.co.uk\/lt\/wp-json\/wp\/v2\/product\/15686","targetHints":{"allow":["GET"]}}],"collection":[{"href":"https:\/\/beautysba.co.uk\/lt\/wp-json\/wp\/v2\/product"}],"about":[{"href":"https:\/\/beautysba.co.uk\/lt\/wp-json\/wp\/v2\/types\/product"}],"replies":[{"embeddable":true,"href":"https:\/\/beautysba.co.uk\/lt\/wp-json\/wp\/v2\/comments?post=15686"}],"wp:featuredmedia":[{"embeddable":true,"href":"https:\/\/beautysba.co.uk\/lt\/wp-json\/wp\/v2\/media\/15684"}],"wp:attachment":[{"href":"https:\/\/beautysba.co.uk\/lt\/wp-json\/wp\/v2\/media?parent=15686"}],"wp:term":[{"taxonomy":"product_brand","embeddable":true,"href":"https:\/\/beautysba.co.uk\/lt\/wp-json\/wp\/v2\/product_brand?post=15686"},{"taxonomy":"product_cat","embeddable":true,"href":"https:\/\/beautysba.co.uk\/lt\/wp-json\/wp\/v2\/product_cat?post=15686"},{"taxonomy":"product_tag","embeddable":true,"href":"https:\/\/beautysba.co.uk\/lt\/wp-json\/wp\/v2\/product_tag?post=15686"}],"curies":[{"name":"wp","href":"https:\/\/api.w.org\/{rel}","templated":true}]}}