{"id":15692,"date":"2025-03-10T11:28:09","date_gmt":"2025-03-10T11:28:09","guid":{"rendered":"https:\/\/beautysba.co.uk\/product\/%d0%ba%d0%b0%d0%bb%d1%8c%d1%86%d0%b8%d0%b9-%d0%b8-%d0%bc%d0%b0%d0%b3%d0%bd%d0%b8%d0%b9-%d0%ba%d0%be%d0%bc%d0%bf%d0%bb%d0%b5%d0%ba%d1%81-500ml-vitateka\/"},"modified":"2025-03-13T09:44:57","modified_gmt":"2025-03-13T09:44:57","slug":"%d0%ba%d0%b0%d0%bb%d1%8c%d1%86%d0%b8%d0%b9-%d0%b8-%d0%bc%d0%b0%d0%b3%d0%bd%d0%b8%d0%b9-%d0%ba%d0%be%d0%bc%d0%bf%d0%bb%d0%b5%d0%ba%d1%81-500ml-vitateka","status":"publish","type":"product","link":"https:\/\/beautysba.co.uk\/lt\/produktas\/%d0%ba%d0%b0%d0%bb%d1%8c%d1%86%d0%b8%d0%b9-%d0%b8-%d0%bc%d0%b0%d0%b3%d0%bd%d0%b8%d0%b9-%d0%ba%d0%be%d0%bc%d0%bf%d0%bb%d0%b5%d0%ba%d1%81-500ml-vitateka\/","title":{"rendered":"kalcio ir magnio kompleksas 500ml -Vitateka"},"content":{"rendered":"<p>Kalcio ir magnio kompleksas &#8220;Vitateka&#8221;<br \/>\nKalcio ir magnio kompleksas &#8220;Vitateka&#8221; yra unikalus produktas, skirtas sveikiems kaulams ir raumenims palaikyti bei bendrai organizmo b\u016bklei gerinti. Produkto sud\u0117tyje yra nat\u016brali\u0173 ingredient\u0173, toki\u0173 kaip kalcis, magnis ir vitaminas D, kurie padeda kompensuoti \u0161i\u0173 svarbi\u0173 element\u0173 tr\u016bkum\u0105 organizme. <\/p>\n<p>Privalumai<br \/>\nDaug kalcio ir magnio: padeda palaikyti normali\u0105 raumen\u0173 funkcij\u0105 ir stiprinti kaulus.<br \/>\nVitaminas D: svarbus normaliam kalcio \u012fsisavinimui ir imuninei sistemai palaikyti.<br \/>\n100% nat\u016bral\u016bs skoniai ir da\u017eikliai: produkte n\u0117ra dirbtini\u0173 pried\u0173, tod\u0117l j\u012f saugu vartoti reguliariai.<br \/>\nPagrindin\u0117s sudedamosios dalys<br \/>\nVitaminas C (askorbo r\u016bg\u0161tis): 30-60 % paros normos<br \/>\nVitaminas D (vegani\u0161kas cholekalciferolis): 160 % paros normos<br \/>\nKalcis (gliukonato pavidalu): 127 mg (20 % paros vert\u0117s)<br \/>\nMagnis (gliukonato pavidalu): 88 mcg (100 % paros normos)<br \/>\nCinkas (gliukonato pavidalu): 1000 mcg<br \/>\nVartojimo instrukcijos<br \/>\nKiekvien\u0105 ryt\u0105 gerti po 15 ml. Prie\u0161 vartojim\u0105 kruop\u0161\u010diai suplakite. Atidaryt\u0105 laikykite \u0161aldytuve ir sunaudokite per trump\u0105 laik\u0105.  <\/p>\n<p>Atsargumo priemon\u0117s<br \/>\nLaikykite v\u0117sioje, tamsioje, vaikams nepasiekiamoje vietoje. Nevir\u0161ykite rekomenduojamos doz\u0117s. <\/p>\n","protected":false},"excerpt":{"rendered":"<p>Kalcio ir magnio kompleksas &#8220;Vitateka&#8221; Kalcio ir magnio kompleksas &#8220;Vitateka&#8221; yra unikalus produktas, skirtas sveikiems kaulams ir raumenims palaikyti bei bendrai organizmo b\u016bklei gerinti. Produkto sud\u0117tyje yra nat\u016brali\u0173 ingredient\u0173, toki\u0173 kaip kalcis, magnis ir vitaminas D, kurie padeda kompensuoti \u0161i\u0173 svarbi\u0173 element\u0173 tr\u016bkum\u0105 organizme. Privalumai Daug kalcio ir magnio: padeda palaikyti normali\u0105 raumen\u0173 funkcij\u0105 ir [&hellip;]<\/p>\n","protected":false},"featured_media":15690,"comment_status":"open","ping_status":"closed","template":"","meta":[],"product_brand":[],"product_cat":[217,220],"product_tag":[],"class_list":{"0":"post-15692","1":"product","2":"type-product","3":"status-publish","4":"has-post-thumbnail","6":"product_cat-sveikatos-prieziura","7":"product_cat-zarnyno-sveikata","9":"first","10":"instock","11":"shipping-taxable","12":"purchasable","13":"product-type-simple"},"_links":{"self":[{"href":"https:\/\/beautysba.co.uk\/lt\/wp-json\/wp\/v2\/product\/15692","targetHints":{"allow":["GET"]}}],"collection":[{"href":"https:\/\/beautysba.co.uk\/lt\/wp-json\/wp\/v2\/product"}],"about":[{"href":"https:\/\/beautysba.co.uk\/lt\/wp-json\/wp\/v2\/types\/product"}],"replies":[{"embeddable":true,"href":"https:\/\/beautysba.co.uk\/lt\/wp-json\/wp\/v2\/comments?post=15692"}],"wp:featuredmedia":[{"embeddable":true,"href":"https:\/\/beautysba.co.uk\/lt\/wp-json\/wp\/v2\/media\/15690"}],"wp:attachment":[{"href":"https:\/\/beautysba.co.uk\/lt\/wp-json\/wp\/v2\/media?parent=15692"}],"wp:term":[{"taxonomy":"product_brand","embeddable":true,"href":"https:\/\/beautysba.co.uk\/lt\/wp-json\/wp\/v2\/product_brand?post=15692"},{"taxonomy":"product_cat","embeddable":true,"href":"https:\/\/beautysba.co.uk\/lt\/wp-json\/wp\/v2\/product_cat?post=15692"},{"taxonomy":"product_tag","embeddable":true,"href":"https:\/\/beautysba.co.uk\/lt\/wp-json\/wp\/v2\/product_tag?post=15692"}],"curies":[{"name":"wp","href":"https:\/\/api.w.org\/{rel}","templated":true}]}}