{"id":15698,"date":"2025-03-10T11:29:40","date_gmt":"2025-03-10T11:29:40","guid":{"rendered":"https:\/\/beautysba.co.uk\/product\/%d0%b2%d0%b8%d1%82%d0%b0%d0%bc%d0%b8%d0%bd%d0%bd%d1%8b%d0%b9-%d0%ba%d0%be%d0%bc%d0%bf%d0%bb%d0%b5%d0%ba%d1%81-mega-sport-500-%d0%bc%d0%bb-vitateka\/"},"modified":"2025-03-13T09:44:58","modified_gmt":"2025-03-13T09:44:58","slug":"%d0%b2%d0%b8%d1%82%d0%b0%d0%bc%d0%b8%d0%bd%d0%bd%d1%8b%d0%b9-%d0%ba%d0%be%d0%bc%d0%bf%d0%bb%d0%b5%d0%ba%d1%81-mega-sport-500-%d0%bc%d0%bb-vitateka","status":"publish","type":"product","link":"https:\/\/beautysba.co.uk\/lt\/produktas\/%d0%b2%d0%b8%d1%82%d0%b0%d0%bc%d0%b8%d0%bd%d0%bd%d1%8b%d0%b9-%d0%ba%d0%be%d0%bc%d0%bf%d0%bb%d0%b5%d0%ba%d1%81-mega-sport-500-%d0%bc%d0%bb-vitateka\/","title":{"rendered":"Vitamin\u0173 kompleksas &#8220;Mega Sport&#8221;, 500 ml &#8211; Vitateka"},"content":{"rendered":"<p>&#8220;Vitateka&#8221; maisto papildas MEGA SPORT yra specialiai sukurtas aktyvaus gyvenimo b\u016bdo \u017emoni\u0173 organizmui palaikyti. Produktas padeda papildyti vitamin\u0173 ir mineral\u0173 balans\u0105, palaiko fizin\u0119 i\u0161tverm\u0119 ir greitina atsigavim\u0105 po treniruo\u010di\u0173. <\/p>\n<p>Privalumai<br \/>\nDidel\u0117 vitamin\u0173 koncentracija: sud\u0117tyje yra B grup\u0117s vitamin\u0173, taip pat vitamin\u0173 A, C, D ir E, kurie palaiko imunitet\u0105 ir didina energijos kiek\u012f.<br \/>\nMineralin\u0117s med\u017eiagos: sud\u0117tyje yra svarbi\u0173 element\u0173, toki\u0173 kaip magnis, kalcis, gele\u017eis ir cinkas, kurie palaiko \u0161irdies, kaul\u0173 ir raumen\u0173 funkcij\u0105.<br \/>\nTinka sportininkams: formul\u0117 sukurta taip, kad atitikt\u0173 aktyvi\u0173 \u017emoni\u0173 poreikius ir pad\u0117t\u0173 jiems grei\u010diau atsigauti po fizinio kr\u016bvio.<br \/>\nSud\u0117tis (500 ml)<br \/>\nVitaminas A (palmitatas-beta-karotinas): 800 \u00b5g RE (100% NRV)<br \/>\nVitaminas C (askorbo r\u016bg\u0161tis): 500 mg (100 % NRV)<br \/>\nVitaminas D3 (kolekalciferolis): 20 \u00b5g (625% NRV)<br \/>\nVitaminas E (alfa-tokoferolis): 12 mg (100% NRV)<br \/>\nVitaminas B1 (tiaminas): 30 mg (2700 % NRV)<br \/>\nVitaminas B6 (piridoksinas): 20 mg (1428% NRV)<br \/>\nKalcis (gliukonatas): 45 mg (5,5 % NRV)<br \/>\nMagnis (gliukonatas): 13,4 mg (70 % NRV)<br \/>\nGele\u017eis (gliukonatas): 13,4 mg (70 % NRV): 3,5 mg (5,5 % NRV)<br \/>\nCinkas (gliukonatas): 7 mg (100 % NRV)<br \/>\nVartojimo instrukcijos<br \/>\nPapild\u0105 vartokite po 1-2 porcijas per dien\u0105 valgio metu. Produktas skirtas kasdieniam vartojimui ir tinka sportininkams bei fizine veikla u\u017esiimantiems \u017emon\u0117ms. <\/p>\n<p>\u012esp\u0117jimai<br \/>\nNevir\u0161ykite rekomenduojamos doz\u0117s. Laikyti v\u0117sioje, sausoje vietoje, atokiau nuo vaik\u0173. <\/p>\n","protected":false},"excerpt":{"rendered":"<p>&#8220;Vitateka&#8221; maisto papildas MEGA SPORT yra specialiai sukurtas aktyvaus gyvenimo b\u016bdo \u017emoni\u0173 organizmui palaikyti. Produktas padeda papildyti vitamin\u0173 ir mineral\u0173 balans\u0105, palaiko fizin\u0119 i\u0161tverm\u0119 ir greitina atsigavim\u0105 po treniruo\u010di\u0173. Privalumai Didel\u0117 vitamin\u0173 koncentracija: sud\u0117tyje yra B grup\u0117s vitamin\u0173, taip pat vitamin\u0173 A, C, D ir E, kurie palaiko imunitet\u0105 ir didina energijos kiek\u012f. Mineralin\u0117s med\u017eiagos: [&hellip;]<\/p>\n","protected":false},"featured_media":15696,"comment_status":"open","ping_status":"closed","template":"","meta":[],"product_brand":[],"product_cat":[217,220],"product_tag":[],"class_list":{"0":"post-15698","1":"product","2":"type-product","3":"status-publish","4":"has-post-thumbnail","6":"product_cat-sveikatos-prieziura","7":"product_cat-zarnyno-sveikata","9":"first","10":"instock","11":"shipping-taxable","12":"purchasable","13":"product-type-simple"},"_links":{"self":[{"href":"https:\/\/beautysba.co.uk\/lt\/wp-json\/wp\/v2\/product\/15698","targetHints":{"allow":["GET"]}}],"collection":[{"href":"https:\/\/beautysba.co.uk\/lt\/wp-json\/wp\/v2\/product"}],"about":[{"href":"https:\/\/beautysba.co.uk\/lt\/wp-json\/wp\/v2\/types\/product"}],"replies":[{"embeddable":true,"href":"https:\/\/beautysba.co.uk\/lt\/wp-json\/wp\/v2\/comments?post=15698"}],"wp:featuredmedia":[{"embeddable":true,"href":"https:\/\/beautysba.co.uk\/lt\/wp-json\/wp\/v2\/media\/15696"}],"wp:attachment":[{"href":"https:\/\/beautysba.co.uk\/lt\/wp-json\/wp\/v2\/media?parent=15698"}],"wp:term":[{"taxonomy":"product_brand","embeddable":true,"href":"https:\/\/beautysba.co.uk\/lt\/wp-json\/wp\/v2\/product_brand?post=15698"},{"taxonomy":"product_cat","embeddable":true,"href":"https:\/\/beautysba.co.uk\/lt\/wp-json\/wp\/v2\/product_cat?post=15698"},{"taxonomy":"product_tag","embeddable":true,"href":"https:\/\/beautysba.co.uk\/lt\/wp-json\/wp\/v2\/product_tag?post=15698"}],"curies":[{"name":"wp","href":"https:\/\/api.w.org\/{rel}","templated":true}]}}