{"id":15704,"date":"2025-03-10T11:34:58","date_gmt":"2025-03-10T11:34:58","guid":{"rendered":"https:\/\/beautysba.co.uk\/product\/%d0%b6%d0%b8%d0%b4%d0%ba%d0%b8%d0%b9-%d1%85%d0%bb%d0%be%d1%80%d0%be%d1%84%d0%b8%d0%bb%d0%bb-%d0%b8%d0%b7-%d1%8d%d0%ba%d1%81%d1%82%d1%80%d0%b0%d0%ba%d1%82%d0%b0-%d1%81%d0%be%d1%81%d0%bd%d0%be%d0%b2\/"},"modified":"2025-03-13T09:44:56","modified_gmt":"2025-03-13T09:44:56","slug":"%d0%b6%d0%b8%d0%b4%d0%ba%d0%b8%d0%b9-%d1%85%d0%bb%d0%be%d1%80%d0%be%d1%84%d0%b8%d0%bb%d0%bb-%d0%b8%d0%b7-%d1%8d%d0%ba%d1%81%d1%82%d1%80%d0%b0%d0%ba%d1%82%d0%b0-%d1%81%d0%be%d1%81%d0%bd%d0%be%d0%b2","status":"publish","type":"product","link":"https:\/\/beautysba.co.uk\/lt\/produktas\/%d0%b6%d0%b8%d0%b4%d0%ba%d0%b8%d0%b9-%d1%85%d0%bb%d0%be%d1%80%d0%be%d1%84%d0%b8%d0%bb%d0%bb-%d0%b8%d0%b7-%d1%8d%d0%ba%d1%81%d1%82%d1%80%d0%b0%d0%ba%d1%82%d0%b0-%d1%81%d0%be%d1%81%d0%bd%d0%be%d0%b2\/","title":{"rendered":"Skystas chlorofilas i\u0161 pu\u0161\u0173 spygli\u0173 ekstrakto 500ml- Vitateka"},"content":{"rendered":"<p>Chlorofilas i\u0161 Vitateka pu\u0161\u0173 spygli\u0173 ekstrakto<\/p>\n<p>Maisto priedas 500 ml<\/p>\n<p>Sudedamosios dalys: i\u0161grynintas vanduo, chlorofilinas (natrio ir vario druskos), pu\u0161\u0173 spygli\u0173 ekstraktas i\u0161 Baltijos regiono, konservantas &#8211; natrio benzoatas.<\/p>\n<p>Vitateka Pu\u0161\u0173 spygli\u0173 ekstraktas Chlorofilas yra nat\u016bralus maisto papildas, skirtas bendram organizmo stiprinimui. \u0160io produkto sud\u0117tyje yra pu\u0161\u0173 spygli\u0173 ekstrakto, kuriame gausu nauding\u0173j\u0173 med\u017eiag\u0173, ir chlorofilino, pasi\u017eymin\u010dio antioksidacin\u0117mis ir atgaivinan\u010diomis savyb\u0117mis. <\/p>\n<p>Kaip vartoti:Rekomenduojama vartoti po 10-15 ml 1-2 kartus per dien\u0105 20-30 minu\u010di\u0173 prie\u0161 valg\u012f. Kadangi produktas yra nat\u016bralios kilm\u0117s, laikymo metu gali susidaryti nuos\u0117d\u0173, kurios i\u0161tirpsta prie\u0161 vartojim\u0105 suplakus skyst\u012f. <\/p>\n<p>\u012esp\u0117jimai:Nevartokite maisto papildo kaip visavert\u0117s ir subalansuotos mitybos pakaitalo.<\/p>\n<p>Nevir\u0161ykite rekomenduojamos paros doz\u0117s.<\/p>\n<p>Laikyti vaikams nepasiekiamoje vietoje.<\/p>\n<p>Nenaudoti, jei netoleruojate atskir\u0173 sudedam\u0173j\u0173 dali\u0173.N\u0117\u0161\u010dioms ir \u017eindan\u010dioms motinoms nerekomenduojama vartoti.<\/p>\n<p>Laikymas: Laikyti originalioje pakuot\u0117je, vaikams nepasiekiamoje vietoje.<\/p>\n<p>Pri\u0117mimo kursas: 33 dienos.<\/p>\n<p>Maistin\u0117 vert\u0117 30 ml:<\/p>\n<p>Chlorofilinas: 150 mg<\/p>\n<p>Pu\u0161\u0173 spygli\u0173 ekstraktas (Pinus silvestris) 1:5: 3 ml<\/p>\n<p>Pagaminta ES.<\/p>\n","protected":false},"excerpt":{"rendered":"<p>Chlorofilas i\u0161 Vitateka pu\u0161\u0173 spygli\u0173 ekstrakto Maisto priedas 500 ml Sudedamosios dalys: i\u0161grynintas vanduo, chlorofilinas (natrio ir vario druskos), pu\u0161\u0173 spygli\u0173 ekstraktas i\u0161 Baltijos regiono, konservantas &#8211; natrio benzoatas. Vitateka Pu\u0161\u0173 spygli\u0173 ekstraktas Chlorofilas yra nat\u016bralus maisto papildas, skirtas bendram organizmo stiprinimui. \u0160io produkto sud\u0117tyje yra pu\u0161\u0173 spygli\u0173 ekstrakto, kuriame gausu nauding\u0173j\u0173 med\u017eiag\u0173, ir chlorofilino, [&hellip;]<\/p>\n","protected":false},"featured_media":15702,"comment_status":"open","ping_status":"closed","template":"","meta":[],"product_brand":[],"product_cat":[217,220],"product_tag":[],"class_list":{"0":"post-15704","1":"product","2":"type-product","3":"status-publish","4":"has-post-thumbnail","6":"product_cat-sveikatos-prieziura","7":"product_cat-zarnyno-sveikata","9":"first","10":"outofstock","11":"shipping-taxable","12":"purchasable","13":"product-type-simple"},"_links":{"self":[{"href":"https:\/\/beautysba.co.uk\/lt\/wp-json\/wp\/v2\/product\/15704","targetHints":{"allow":["GET"]}}],"collection":[{"href":"https:\/\/beautysba.co.uk\/lt\/wp-json\/wp\/v2\/product"}],"about":[{"href":"https:\/\/beautysba.co.uk\/lt\/wp-json\/wp\/v2\/types\/product"}],"replies":[{"embeddable":true,"href":"https:\/\/beautysba.co.uk\/lt\/wp-json\/wp\/v2\/comments?post=15704"}],"wp:featuredmedia":[{"embeddable":true,"href":"https:\/\/beautysba.co.uk\/lt\/wp-json\/wp\/v2\/media\/15702"}],"wp:attachment":[{"href":"https:\/\/beautysba.co.uk\/lt\/wp-json\/wp\/v2\/media?parent=15704"}],"wp:term":[{"taxonomy":"product_brand","embeddable":true,"href":"https:\/\/beautysba.co.uk\/lt\/wp-json\/wp\/v2\/product_brand?post=15704"},{"taxonomy":"product_cat","embeddable":true,"href":"https:\/\/beautysba.co.uk\/lt\/wp-json\/wp\/v2\/product_cat?post=15704"},{"taxonomy":"product_tag","embeddable":true,"href":"https:\/\/beautysba.co.uk\/lt\/wp-json\/wp\/v2\/product_tag?post=15704"}],"curies":[{"name":"wp","href":"https:\/\/api.w.org\/{rel}","templated":true}]}}