{"id":15740,"date":"2025-03-13T07:42:48","date_gmt":"2025-03-13T07:42:48","guid":{"rendered":"https:\/\/beautysba.co.uk\/product\/%d0%b1%d1%8d%d0%b1%d0%b8-%d1%84%d0%be%d1%80%d0%bc%d1%83%d0%bb%d0%b0-%d0%bc%d0%b8%d1%88%d0%ba%d0%b8-%d0%bc%d1%83%d0%bb%d1%8c%d1%82%d0%b8%d0%b2%d0%b8%d1%82%d0%b0%d0%bc%d0%b8%d0%bd%d1%8b-evalar\/"},"modified":"2025-03-13T09:44:12","modified_gmt":"2025-03-13T09:44:12","slug":"%d0%b1%d1%8d%d0%b1%d0%b8-%d1%84%d0%be%d1%80%d0%bc%d1%83%d0%bb%d0%b0-%d0%bc%d0%b8%d1%88%d0%ba%d0%b8-%d0%bc%d1%83%d0%bb%d1%8c%d1%82%d0%b8%d0%b2%d0%b8%d1%82%d0%b0%d0%bc%d0%b8%d0%bd%d1%8b-evalar","status":"publish","type":"product","link":"https:\/\/beautysba.co.uk\/lt\/produktas\/%d0%b1%d1%8d%d0%b1%d0%b8-%d1%84%d0%be%d1%80%d0%bc%d1%83%d0%bb%d0%b0-%d0%bc%d0%b8%d1%88%d0%ba%d0%b8-%d0%bc%d1%83%d0%bb%d1%8c%d1%82%d0%b8%d0%b2%d0%b8%d1%82%d0%b0%d0%bc%d0%b8%d0%bd%d1%8b-evalar\/","title":{"rendered":"K\u016bdiki\u0173 mi\u0161iniai me\u0161kiukams Multivitaminai Evalar"},"content":{"rendered":"<p>Kasdienis organizmo prisotinimas vitaminais ir mineralais yra vienas i\u0161 privalom\u0173 veiksni\u0173, u\u017etikrinan\u010di\u0173 ger\u0105 vaiko savijaut\u0105, tinkam\u0105 vystym\u0105si ir visapusi\u0161k\u0105 sveikat\u0105.<\/p>\n<p>Tod\u0117l t\u0117vai da\u017enai susiduria su klausimu, kokius vitaminus pasirinkti.<\/p>\n<p>Kaip pasirinkti?<\/p>\n<p>Verta atkreipti d\u0117mes\u012f \u012f gausios sud\u0117ties vitamin\u0173 kompleksus. Gerai, jei j\u0173 sud\u0117tyje esantys vitaminai bus sustiprinti mineralin\u0117mis med\u017eiagomis. Vienas i\u0161 toki\u0173 kompleks\u0173 yra &#8220;Evalar&#8221; marmeladin\u0117s vitamin\u0173 pastil\u0117s BABY FORMULA Mishki Multivitamins. Devyni j\u0173 sud\u0117tyje esantys vitaminai sustiprinti mineralais cinku ir jodu, taip pat cholinu, skirtu atmin\u010diai, d\u0117mesiui ir intelektui.   <\/p>\n<p>D\u0117l tokios sud\u0117ties BABY FORMULA Bears Multivitaminai skatina:<\/p>\n<p>Organizmo praturtinimas vitaminais ir mineralais<br \/>\nStiprinamasis poveikis<br \/>\nAtminties ir d\u0117mesio gerinimas, vaiko intelekto vystymasis<br \/>\nPagalba vaiko organizmui adaptuojantis dar\u017eelyje ar mokykloje<br \/>\nKiekvieniems t\u0117vams taip pat r\u016bpi, kad preparatas b\u016bt\u0173 saugus ir kokybi\u0161kas &#8211; \u0161iuo atveju BABY FORMULA Mishki Multivitaminai atitinka ir \u0161iuos parametrus, nes j\u0173 gamyba visi\u0161kai atitinka tarptautinius kokyb\u0117s standartus GMP. Ne visi vitamin\u0173 gamintojai gali sau tai leisti. Pastil\u0117s BABY FORMULA Mishki Multivitaminai i\u0161 Evalar yra daug palankesn\u0117s u\u017e importuojamus analogus kainos at\u017evilgiu**, ta\u010diau j\u0173 kokyb\u0117 yra tokio pat auk\u0161to lygio.  <\/p>\n<p>K\u016bdiki\u0173 mi\u0161ini\u0173 su me\u0161kiukais multivitamin\u0173 nauda:<\/p>\n<p>I\u0161siskiria kokybi\u0161ka sud\u0117timi: pagaminta i\u0161 auk\u0161tos kokyb\u0117s europieti\u0161k\u0173 ingredient\u0173.<br \/>\nSud\u0117tyje yra nat\u016brali\u0173 sul\u010di\u0173 (obuoli\u0173 sul\u010di\u0173).<br \/>\nVisi\u0161kai be dirbtini\u0173 da\u017eikli\u0173, kvapi\u0173j\u0173 med\u017eiag\u0173 ir konservant\u0173.<br \/>\nBe glitimo ir GMO.<br \/>\nPatobulinta sud\u0117tis: gausus vitamin\u0173 rinkinys papildytas mineralin\u0117mis med\u017eiagomis.<br \/>\nMalonus skonis: vaikams patinka vaisi\u0173 skonio \u017eel\u0117 vitaminai.<br \/>\nEkonomi\u0161kesni nei importuoti analogai**.<br \/>\nAuk\u0161ta kokyb\u0117, garantuojama pagal tarptautin\u012f GMP standart\u01051.<br \/>\n&#8220;Baby Formula Bears Multivitamins&#8221; apdovanoti kokyb\u0117s \u017eenklu &#8220;Geriausi vaikams &#8220;2.<br \/>\nGalima \u012fsigyti ma\u017eose pakuot\u0117se (30 pastili\u0173) ir ekonomi\u0161kose didel\u0117se pakuot\u0117se (60 pastili\u0173).<br \/>\nKaip veikia ingredientai<\/p>\n<p>Vitaminas C padeda stiprinti imunitet\u0105, yra stiprus antioksidantas, apsaugantis nuo \u017ealingo laisv\u0173j\u0173 radikal\u0173 poveikio, b\u016btinas kolageno ir prokolageno, b\u016btin\u0173 jungiamajam audiniui formuotis, sintezei, raudoniesiems kraujo k\u016bneliams formuotis, b\u016btinas visaver\u010diam kaul\u0173 ir audini\u0173 augimui ir vystymuisi. B\u016btinas vitamino C kiekis organizme padeda stiprinti dantenas ir kraujagysles. Jis padeda gyti \u017eaizdoms ir \u012fpjovimams. Vitaminas C skatina gele\u017eies pasisavinim\u0105 vir\u0161kinimo trakte, tod\u0117l organizmas normaliai sintetina hemoglobin\u0105. Vitaminas C b\u016btinas daugelio ferment\u0173 ir hormon\u0173 sintezei.    <\/p>\n<p>Vitaminas E yra pagrindinis antioksidant\u0173 grup\u0117s atstovas, l\u0117tina l\u0105steli\u0173 sen\u0117jim\u0105, kur\u012f sukelia \u017ealingas laisv\u0173j\u0173 radikal\u0173 poveikis organizmo l\u0105stel\u0117ms. Vitamino E svarb\u0105 sunku pervertinti: jis didina organizmo gynybines galias, gerina endokrinini\u0173 liauk\u0173 veikl\u0105, b\u016btinas normaliai raumen\u0173 ir nerv\u0173 sistemos veiklai, gerina \u0161irdies darb\u0105, skatina kraujotak\u0105 ir raudon\u0173j\u0173 kraujo k\u016bneli\u0173 susidarym\u0105, neleid\u017eia susidaryti kraujo kre\u0161uliams, prisideda prie nat\u016bralios organizmo termoreguliacijos, saugo l\u0105steles nuo agresyvaus rentgeno spinduli\u0173, ultravioletin\u0117s spinduliuot\u0117s (saul\u0117s ir dirbtin\u0117s), chemini\u0173 med\u017eiag\u0173 (esan\u010di\u0173 maiste ir vandenyje) poveikio. <\/p>\n<p>Vitaminas B6 b\u016btinas normaliai centrin\u0117s nerv\u0173 sistemos veiklai, padeda atsikratyti naktini\u0173 raumen\u0173 spazm\u0173, blauzd\u0173 raumen\u0173 m\u0117\u0161lungio, rank\u0173 tirpimo. Jis taip pat reikalingas imunitetui palaikyti. Be to, jis dalyvauja ferment\u0173, u\u017etikrinan\u010di\u0173 normali\u0105 daugiau kaip 60 skirting\u0173 fermentini\u0173 sistem\u0173 veikl\u0105, statyboje. Be to, jis b\u016btinas raudon\u0173j\u0173 kraujo k\u016bneli\u0173 hemoglobino ir antik\u016bn\u0173, padedan\u010di\u0173 kovoti su infekcijomis, gamybai.   <\/p>\n<p>Vitaminas A yra b\u016btinas visaver\u010diam vaiko organizmo augimui ir normaliam l\u0105steli\u0173 dauginimuisi. Jis svarbus geram reg\u0117jimui. Pasaulyje vienam i\u0161 trij\u0173 jaunesni\u0173 nei penkeri\u0173 met\u0173 am\u017eiaus vaik\u0173 tr\u016bksta vitamino A. D\u0117l vitamino A tr\u016bkumo besivystan\u010diose \u0161alyse kasmet apaksta apie 250000-500000 vaik\u0173. Vitaminas A didina organizmo atsparum\u0105 kv\u0117pavimo tak\u0173 ligoms ir stiprina imunin\u0119 sistem\u0105. Daugyb\u0117 tyrim\u0173 parod\u0117, kad vitaminas A yra stiprus augimo hormono stimuliatorius. Vitaminas A taip pat skatina sveik\u0105 skydliauk\u0117s veikl\u0105.     <\/p>\n<p>Folio r\u016bg\u0161tis (vitaminas B9) b\u016btina nauj\u0173 l\u0105steli\u0173 gamybai ir palaikymui, DNR ir RNR sintezei bei DNR poky\u010di\u0173 prevencijai. Ji dalyvauja kraujodaros procesuose. \u0160ios r\u016bg\u0161ties ypa\u010d svarbu vartoti l\u0105steli\u0173 dalijimosi ir organ\u0173 augimo laikotarpiais, ypa\u010d k\u016bdikyst\u0117je ir vaikyst\u0117je.  <\/p>\n<p>Biotinas yra vitaminas, kurio oficialus pavadinimas yra vitaminas B7, ta\u010diau jis taip pat turi istori\u0161kai \u012fsigal\u0117jus\u012f pavadinim\u0105 vitaminas H (pla\u010diai nenaudojamas). Biotinas dalyvauja angliavandeni\u0173, aminor\u016bg\u0161\u010di\u0173, riebal\u0173 r\u016bg\u0161\u010di\u0173 apykaitoje, turi \u012ftakos odos b\u016bklei ir nerv\u0173 sistemos veiklai. <\/p>\n<p>Vitaminas D3 dalyvauja mineralini\u0173 med\u017eiag\u0173 apykaitoje ir turi \u012ftakos kalcio absorbcijai. Be \u0161io vitamino vaiko kaulai ir dantys bus ne tokie kieti ir trapesni, o j\u0173 vystymasis sutriks. Vitamino D3 tr\u016bkumas turi \u012ftakos kaul\u0173 augimui ir sukelia dant\u0173 emalio plon\u0117jim\u0105. Vitaminas D3 taip pat labai svarbus imuninei sistemai stiprinti.   <\/p>\n<p>Vitaminas B12 b\u016btinas normaliai kraujodarai (raudon\u0173j\u0173 kraujo k\u016bneli\u0173 susidarymui). \u0160is vitaminas skatina augim\u0105 ir palankiai veikia centrin\u0119 bei periferin\u0119 nerv\u0173 sistem\u0105. Organizmas vitamin\u0105 B12 naudoja DNR molekul\u0117ms kurti, aminor\u016bg\u0161tims sintetinti ir riebalams bei angliavandeniams apdoroti.  <\/p>\n<p>Cinkas organizme atlieka \u012fvairias funkcijas: dalyvauja formuojantis imunitetui. Jis b\u016btinas baltym\u0173, \u012fskaitant kolagen\u0105, susidarymui. Jis reguliuoja skonio ir uosl\u0117s jautrum\u0105, saugo kepenis, b\u016btinas kaul\u0173 formavimuisi ir dalyvauja organizmo apsaugos nuo laisv\u0173j\u0173 radikal\u0173 procese.  <\/p>\n<p>Jodas svarbus vaiko intelekto vystymuisi. Jis yra esmin\u0117 hormon\u0173, reguliuojan\u010di\u0173 med\u017eiag\u0173 apykait\u0105 ir dalyvaujan\u010di\u0173 reguliuojant \u0161irdies ir kraujagysli\u0173 sistemos veikl\u0105, sudedamoji dalis, jie svarb\u016bs centrin\u0117s nerv\u0173 sistemos vystymuisi, organizmo augimui ir jo atsparumui nepalankiems aplinkos veiksniams. <\/p>\n<p>Cholinas (dar vadinamas vitaminu B4) dalyvauja pagrindiniuose med\u017eiag\u0173 apykaitos procesuose. Yra \u012frodym\u0173 apie cholino reik\u0161m\u0119 kraujodarai, jo teigiam\u0105 poveik\u012f augimo procesams ir organizmo atsparumui infekcijoms. Cholinas pasi\u017eymi membranaprotekciniu poveikiu (apsaugo l\u0105steli\u0173 membranas nuo destrukcijos ir pa\u017eeidim\u0173), nootropiniu, antidepresiniu ir raminamuoju poveikiu. Gerina med\u017eiag\u0173 apykait\u0105 (metabolizm\u0105) nerviniame audinyje, dalyvauja susidarant apsauginiam nerv\u0173 mielino apvalkalui. Cholino buvimas organizme apsaugo nuo mielino sluoksnio sunaikinimo, nuo nervini\u0173 l\u0105steli\u0173 pa\u017eeidimo.    <\/p>\n<p>Inozitolio (inozitolio arba vitamino B8) yra visuose \u017emogaus k\u016bno audiniuose. Did\u017eiausia cholino koncentracija yra smegenyse, \u0161irdyje ir akies l\u0119\u0161iuke. Inozitolis glaud\u017eiai bendradarbiauja su cholinu kaip pagrindin\u0117 l\u0105steli\u0173 membran\u0173 sudedamoji dalis. Jis svarbus l\u0105steli\u0173 augimui smegenyse, aki\u0173 membranose ir \u017earnyne.   <\/p>\n<p>D\u0117l sud\u0117tingo vis\u0173 \u012f sud\u0117t\u012f \u012feinan\u010di\u0173 komponent\u0173 veikimo vitaminai &#8220;Baby Formula Bears Multivitamins&#8221; puikiai papildys tinkam\u0105 vaik\u0173 mityb\u0105.<\/p>\n","protected":false},"excerpt":{"rendered":"<p>Kasdienis organizmo prisotinimas vitaminais ir mineralais yra vienas i\u0161 privalom\u0173 veiksni\u0173, u\u017etikrinan\u010di\u0173 ger\u0105 vaiko savijaut\u0105, tinkam\u0105 vystym\u0105si ir visapusi\u0161k\u0105 sveikat\u0105. Tod\u0117l t\u0117vai da\u017enai susiduria su klausimu, kokius vitaminus pasirinkti. Kaip pasirinkti? Verta atkreipti d\u0117mes\u012f \u012f gausios sud\u0117ties vitamin\u0173 kompleksus. Gerai, jei j\u0173 sud\u0117tyje esantys vitaminai bus sustiprinti mineralin\u0117mis med\u017eiagomis. Vienas i\u0161 toki\u0173 kompleks\u0173 yra &#8220;Evalar&#8221; [&hellip;]<\/p>\n","protected":false},"featured_media":15738,"comment_status":"open","ping_status":"closed","template":"","meta":[],"product_brand":[],"product_cat":[217,220],"product_tag":[],"class_list":{"0":"post-15740","1":"product","2":"type-product","3":"status-publish","4":"has-post-thumbnail","6":"product_cat-sveikatos-prieziura","7":"product_cat-zarnyno-sveikata","9":"first","10":"outofstock","11":"shipping-taxable","12":"purchasable","13":"product-type-simple"},"_links":{"self":[{"href":"https:\/\/beautysba.co.uk\/lt\/wp-json\/wp\/v2\/product\/15740","targetHints":{"allow":["GET"]}}],"collection":[{"href":"https:\/\/beautysba.co.uk\/lt\/wp-json\/wp\/v2\/product"}],"about":[{"href":"https:\/\/beautysba.co.uk\/lt\/wp-json\/wp\/v2\/types\/product"}],"replies":[{"embeddable":true,"href":"https:\/\/beautysba.co.uk\/lt\/wp-json\/wp\/v2\/comments?post=15740"}],"wp:featuredmedia":[{"embeddable":true,"href":"https:\/\/beautysba.co.uk\/lt\/wp-json\/wp\/v2\/media\/15738"}],"wp:attachment":[{"href":"https:\/\/beautysba.co.uk\/lt\/wp-json\/wp\/v2\/media?parent=15740"}],"wp:term":[{"taxonomy":"product_brand","embeddable":true,"href":"https:\/\/beautysba.co.uk\/lt\/wp-json\/wp\/v2\/product_brand?post=15740"},{"taxonomy":"product_cat","embeddable":true,"href":"https:\/\/beautysba.co.uk\/lt\/wp-json\/wp\/v2\/product_cat?post=15740"},{"taxonomy":"product_tag","embeddable":true,"href":"https:\/\/beautysba.co.uk\/lt\/wp-json\/wp\/v2\/product_tag?post=15740"}],"curies":[{"name":"wp","href":"https:\/\/api.w.org\/{rel}","templated":true}]}}