{"id":15758,"date":"2025-03-13T07:49:47","date_gmt":"2025-03-13T07:49:47","guid":{"rendered":"https:\/\/beautysba.co.uk\/product\/%d0%bf%d1%80%d0%b8-%d1%88%d0%bf%d0%be%d1%80%d0%b5-%d0%b8-%d0%ba%d0%be%d1%81%d1%82%d0%be%d1%87%d0%ba%d0%b5-%d0%be%d1%82-%d0%bf%d0%be%d0%b4%d0%b0%d0%b3%d1%80%d1%8b-%d0%ba%d1%80%d0%b5%d0%bc-%d0%b1%d0%b0\/"},"modified":"2025-03-13T09:43:32","modified_gmt":"2025-03-13T09:43:32","slug":"%d0%bf%d1%80%d0%b8-%d1%88%d0%bf%d0%be%d1%80%d0%b5-%d0%b8-%d0%ba%d0%be%d1%81%d1%82%d0%be%d1%87%d0%ba%d0%b5-%d0%be%d1%82-%d0%bf%d0%be%d0%b4%d0%b0%d0%b3%d1%80%d1%8b-%d0%ba%d1%80%d0%b5%d0%bc-%d0%b1%d0%b0","status":"publish","type":"product","link":"https:\/\/beautysba.co.uk\/lt\/produktas\/%d0%bf%d1%80%d0%b8-%d1%88%d0%bf%d0%be%d1%80%d0%b5-%d0%b8-%d0%ba%d0%be%d1%81%d1%82%d0%be%d1%87%d0%ba%d0%b5-%d0%be%d1%82-%d0%bf%d0%be%d0%b4%d0%b0%d0%b3%d1%80%d1%8b-%d0%ba%d1%80%d0%b5%d0%bc-%d0%b1%d0%b0\/","title":{"rendered":"Kreminis balzamas nuo kaul\u0173 spurgos ir podagros 10 g Healer Cosmetics"},"content":{"rendered":"<p>Kreminis balzamas specialiai sukurtas podagros ir reumatiniam skausmui, s\u0105nari\u0173 skausmui mal\u0161inti, jo sud\u0117tyje yra eterini\u0173 aliej\u0173 ir vaistini\u0173 augal\u0173 ekstrakt\u0173.<br \/>\nSud\u0117tis: vazelinas, ceresinas, lanolinas, graikini\u0173 rie\u0161ut\u0173 lap\u0173, vijoklio, kadagio uog\u0173, pu\u0161ies, varnal\u0117\u0161os, tavolgos \u017eol\u0117s ir \u0161akn\u0173 bei baltojo gluosnio \u017eiev\u0117s ekstraktai, bi\u010di\u0173 va\u0161kas, kadagio ir pu\u0161ies eteriniai aliejai.<br \/>\nPodagros s\u0105nari\u0173 u\u017edegim\u0105 veiksmingai pa\u0161alina varnal\u0117\u0161\u0173, graikini\u0173 rie\u0161ut\u0173 lap\u0173, tavolgos ekstraktai (d\u0117l didelio salicilat\u0173 kiekio).<br \/>\nVioletin\u0117s trispalv\u0117s poveikis yra skirtas pa\u0161alinti i\u0161 organizmo \u0161lapalo druskas, kuri\u0173 nus\u0117dimas sukelia podagr\u0105.<br \/>\nStiprinamasis ir diuretinis pu\u0161\u0173 ekstrakto ir eterinio aliejaus poveikis padeda suma\u017einti pa\u017eeist\u0173 s\u0105nari\u0173 patinim\u0105.<br \/>\nKadagio ir gluosnio \u017eiev\u0117s ekstraktas, vartojamas i\u0161ori\u0161kai, pasi\u017eymi nuskausminamuoju poveikiu<br \/>\nNaudojimas: esant skausmui, \u012ftrinkite spyglius ir kaul\u0173 podagr\u0105. Kad poveikis b\u016bt\u0173 ilgesnis, rekomenduojama u\u017etepus kremo-balzamo d\u0117v\u0117ti kojines.<br \/>\nKontraindikacijos: individualus komponent\u0173 netoleravimas.<br \/>\nPakuot\u0117: 10 g skardin\u0117<br \/>\nLaikymo s\u0105lygos: Laikyti nuo 0 \u00b0C iki 25 \u00b0C temperat\u016broje, sausoje, nuo \u0161viesos apsaugotoje, vaikams neprieinamoje vietoje.<br \/>\nTinkamumo laikas. 36 m\u0117n.  <\/p>\n","protected":false},"excerpt":{"rendered":"<p>Kreminis balzamas specialiai sukurtas podagros ir reumatiniam skausmui, s\u0105nari\u0173 skausmui mal\u0161inti, jo sud\u0117tyje yra eterini\u0173 aliej\u0173 ir vaistini\u0173 augal\u0173 ekstrakt\u0173. Sud\u0117tis: vazelinas, ceresinas, lanolinas, graikini\u0173 rie\u0161ut\u0173 lap\u0173, vijoklio, kadagio uog\u0173, pu\u0161ies, varnal\u0117\u0161os, tavolgos \u017eol\u0117s ir \u0161akn\u0173 bei baltojo gluosnio \u017eiev\u0117s ekstraktai, bi\u010di\u0173 va\u0161kas, kadagio ir pu\u0161ies eteriniai aliejai. Podagros s\u0105nari\u0173 u\u017edegim\u0105 veiksmingai pa\u0161alina varnal\u0117\u0161\u0173, graikini\u0173 [&hellip;]<\/p>\n","protected":false},"featured_media":15756,"comment_status":"open","ping_status":"closed","template":"","meta":[],"product_brand":[],"product_cat":[218,192,217],"product_tag":[],"class_list":{"0":"post-15758","1":"product","2":"type-product","3":"status-publish","4":"has-post-thumbnail","6":"product_cat-kuno-prieziura","7":"product_cat-naujienos","8":"product_cat-sveikatos-prieziura","10":"first","11":"instock","12":"shipping-taxable","13":"purchasable","14":"product-type-simple"},"_links":{"self":[{"href":"https:\/\/beautysba.co.uk\/lt\/wp-json\/wp\/v2\/product\/15758","targetHints":{"allow":["GET"]}}],"collection":[{"href":"https:\/\/beautysba.co.uk\/lt\/wp-json\/wp\/v2\/product"}],"about":[{"href":"https:\/\/beautysba.co.uk\/lt\/wp-json\/wp\/v2\/types\/product"}],"replies":[{"embeddable":true,"href":"https:\/\/beautysba.co.uk\/lt\/wp-json\/wp\/v2\/comments?post=15758"}],"wp:featuredmedia":[{"embeddable":true,"href":"https:\/\/beautysba.co.uk\/lt\/wp-json\/wp\/v2\/media\/15756"}],"wp:attachment":[{"href":"https:\/\/beautysba.co.uk\/lt\/wp-json\/wp\/v2\/media?parent=15758"}],"wp:term":[{"taxonomy":"product_brand","embeddable":true,"href":"https:\/\/beautysba.co.uk\/lt\/wp-json\/wp\/v2\/product_brand?post=15758"},{"taxonomy":"product_cat","embeddable":true,"href":"https:\/\/beautysba.co.uk\/lt\/wp-json\/wp\/v2\/product_cat?post=15758"},{"taxonomy":"product_tag","embeddable":true,"href":"https:\/\/beautysba.co.uk\/lt\/wp-json\/wp\/v2\/product_tag?post=15758"}],"curies":[{"name":"wp","href":"https:\/\/api.w.org\/{rel}","templated":true}]}}