{"id":15764,"date":"2025-03-13T07:53:08","date_gmt":"2025-03-13T07:53:08","guid":{"rendered":"https:\/\/beautysba.co.uk\/product\/%d0%ba%d1%80%d0%b5%d0%bc-%d0%b1%d0%b0%d0%bb%d1%8c%d0%b7%d0%b0%d0%bc-%d0%b4%d0%bb%d1%8f-%d0%b3%d1%83%d0%b1-%d1%81-%d0%bc%d0%b0%d1%81%d0%bb%d0%be%d0%bc-%d0%bc%d0%b5%d0%bb%d0%b8%d1%81%d1%81%d1%8b-%d0%b0\/"},"modified":"2025-03-13T09:43:33","modified_gmt":"2025-03-13T09:43:33","slug":"%d0%ba%d1%80%d0%b5%d0%bc-%d0%b1%d0%b0%d0%bb%d1%8c%d0%b7%d0%b0%d0%bc-%d0%b4%d0%bb%d1%8f-%d0%b3%d1%83%d0%b1-%d1%81-%d0%bc%d0%b0%d1%81%d0%bb%d0%be%d0%bc-%d0%bc%d0%b5%d0%bb%d0%b8%d1%81%d1%81%d1%8b-%d0%b0","status":"publish","type":"product","link":"https:\/\/beautysba.co.uk\/lt\/produktas\/%d0%ba%d1%80%d0%b5%d0%bc-%d0%b1%d0%b0%d0%bb%d1%8c%d0%b7%d0%b0%d0%bc-%d0%b4%d0%bb%d1%8f-%d0%b3%d1%83%d0%b1-%d1%81-%d0%bc%d0%b0%d1%81%d0%bb%d0%be%d0%bc-%d0%bc%d0%b5%d0%bb%d0%b8%d1%81%d1%81%d1%8b-%d0%b0\/","title":{"rendered":"Kremas-balzamas l\u016bpoms su melis\u0173 aliejumi Anti-herpes Healer Cosmetics 10g"},"content":{"rendered":"<p>Pagrindiniai &#8220;Healer Cosmetics&#8221; produkto privalumai:<\/p>\n<p>atsikrato herpeso;<br \/>\ndr\u0117kina l\u016bp\u0173 od\u0105;<br \/>\npa\u0161alina sausum\u0105 ir pleiskanojim\u0105;<br \/>\nturi gydom\u0105j\u012f poveik\u012f;<br \/>\nsuteikia l\u016bpoms sveik\u0105 ir pri\u017ei\u016br\u0117t\u0105 i\u0161vaizd\u0105.<br \/>\nKremas-balzamas nuo herpeso yra riebios tekst\u016bros, kur\u012f lengva paskirstyti ant l\u016bp\u0173. Produkt\u0105 naudoti ekonomi\u0161ka &#8211; tereikia u\u017etepti plon\u0105 sluoksn\u012f.  Tai n\u0117ra vaistinis preparatas.<\/p>\n<p>Grynasis t\u016bris:<br \/>\n10 g<\/p>\n<p>Sud\u0117tis\/INCI:<br \/>\n\u017dr. pakuot\u0119.<\/p>\n<p>Naudojimo instrukcijos:<br \/>\nU\u017etepkite balzam\u0105 ant l\u016bp\u0173 ir tolygiai paskirstykite.<br \/>\nNaudokite pagal poreik\u012f.<br \/>\nRekomenduojama tepti prie\u0161 naudojant ilgalaikius l\u016bp\u0173 da\u017eus.<br \/>\n\u012esp\u0117jimai:<br \/>\nNenaudoti, jei padid\u0117j\u0119s jautrumas produkto sudedamosioms dalims.<br \/>\nSkirta tik i\u0161oriniam naudojimui.<br \/>\nJei pasirei\u0161k\u0117 alergin\u0117 reakcija, nutraukite naudojim\u0105 ir kreipkit\u0117s \u012f gydytoj\u0105.<br \/>\nVenkite patekimo \u012f akis. Patekus \u012f akis, kruop\u0161\u010diai nuplaukite vandeniu.<br \/>\nLaikyti nuo +5\u00baC iki +25\u00baC temperat\u016broje, sausoje, tamsioje, vaikams nepasiekiamoje vietoje.<\/p>\n","protected":false},"excerpt":{"rendered":"<p>Pagrindiniai &#8220;Healer Cosmetics&#8221; produkto privalumai: atsikrato herpeso; dr\u0117kina l\u016bp\u0173 od\u0105; pa\u0161alina sausum\u0105 ir pleiskanojim\u0105; turi gydom\u0105j\u012f poveik\u012f; suteikia l\u016bpoms sveik\u0105 ir pri\u017ei\u016br\u0117t\u0105 i\u0161vaizd\u0105. Kremas-balzamas nuo herpeso yra riebios tekst\u016bros, kur\u012f lengva paskirstyti ant l\u016bp\u0173. Produkt\u0105 naudoti ekonomi\u0161ka &#8211; tereikia u\u017etepti plon\u0105 sluoksn\u012f. Tai n\u0117ra vaistinis preparatas. Grynasis t\u016bris: 10 g Sud\u0117tis\/INCI: \u017dr. pakuot\u0119. Naudojimo instrukcijos: [&hellip;]<\/p>\n","protected":false},"featured_media":15762,"comment_status":"open","ping_status":"closed","template":"","meta":[],"product_brand":[],"product_cat":[196,199,192],"product_tag":[],"class_list":{"0":"post-15764","1":"product","2":"type-product","3":"status-publish","4":"has-post-thumbnail","6":"product_cat-lupu-prieziura","7":"product_cat-makiazas","8":"product_cat-naujienos","10":"first","11":"outofstock","12":"shipping-taxable","13":"purchasable","14":"product-type-simple"},"_links":{"self":[{"href":"https:\/\/beautysba.co.uk\/lt\/wp-json\/wp\/v2\/product\/15764","targetHints":{"allow":["GET"]}}],"collection":[{"href":"https:\/\/beautysba.co.uk\/lt\/wp-json\/wp\/v2\/product"}],"about":[{"href":"https:\/\/beautysba.co.uk\/lt\/wp-json\/wp\/v2\/types\/product"}],"replies":[{"embeddable":true,"href":"https:\/\/beautysba.co.uk\/lt\/wp-json\/wp\/v2\/comments?post=15764"}],"wp:featuredmedia":[{"embeddable":true,"href":"https:\/\/beautysba.co.uk\/lt\/wp-json\/wp\/v2\/media\/15762"}],"wp:attachment":[{"href":"https:\/\/beautysba.co.uk\/lt\/wp-json\/wp\/v2\/media?parent=15764"}],"wp:term":[{"taxonomy":"product_brand","embeddable":true,"href":"https:\/\/beautysba.co.uk\/lt\/wp-json\/wp\/v2\/product_brand?post=15764"},{"taxonomy":"product_cat","embeddable":true,"href":"https:\/\/beautysba.co.uk\/lt\/wp-json\/wp\/v2\/product_cat?post=15764"},{"taxonomy":"product_tag","embeddable":true,"href":"https:\/\/beautysba.co.uk\/lt\/wp-json\/wp\/v2\/product_tag?post=15764"}],"curies":[{"name":"wp","href":"https:\/\/api.w.org\/{rel}","templated":true}]}}