{"id":15770,"date":"2025-03-13T08:04:04","date_gmt":"2025-03-13T08:04:04","guid":{"rendered":"https:\/\/beautysba.co.uk\/product\/%d0%ba%d1%80%d0%b5%d0%bc-%d0%b1%d0%b0%d0%bb%d1%8c%d0%b7%d0%b0%d0%bc-%d0%be%d1%82-%d0%bd%d0%b0%d1%82%d0%be%d0%bf%d1%82%d1%8b%d1%88%d0%b5%d0%b9-%d0%b8-%d0%bc%d0%be%d0%b7%d0%be%d0%bb%d0%b5%d0%b9-healer-c\/"},"modified":"2025-03-13T09:43:41","modified_gmt":"2025-03-13T09:43:41","slug":"%d0%ba%d1%80%d0%b5%d0%bc-%d0%b1%d0%b0%d0%bb%d1%8c%d0%b7%d0%b0%d0%bc-%d0%be%d1%82-%d0%bd%d0%b0%d1%82%d0%be%d0%bf%d1%82%d1%8b%d1%88%d0%b5%d0%b9-%d0%b8-%d0%bc%d0%be%d0%b7%d0%be%d0%bb%d0%b5%d0%b9-healer-c","status":"publish","type":"product","link":"https:\/\/beautysba.co.uk\/lt\/produktas\/%d0%ba%d1%80%d0%b5%d0%bc-%d0%b1%d0%b0%d0%bb%d1%8c%d0%b7%d0%b0%d0%bc-%d0%be%d1%82-%d0%bd%d0%b0%d1%82%d0%be%d0%bf%d1%82%d1%8b%d1%88%d0%b5%d0%b9-%d0%b8-%d0%bc%d0%be%d0%b7%d0%be%d0%bb%d0%b5%d0%b9-healer-c\/","title":{"rendered":"Kremas-balzamas nuo nuospaud\u0173 ir nuospaud\u0173 Healer Cosmetics 10g."},"content":{"rendered":"<p>Didel\u0117s kasdien\u0117s apkrovos ir ne visai patog\u016bs batai sukelia nepageidaujam\u0173 pasekmi\u0173 p\u0117doms, t. y. nuospaudas ir nuospaudas. Norite sugr\u0105\u017einti odai sveik\u0105 i\u0161vaizd\u0105 ir atsikratyti skausming\u0173 poj\u016b\u010di\u0173? Naudokite ukrainie\u010di\u0173 prek\u0117s \u017eenklo &#8220;Healer Cosmetics&#8221; krem\u0105-balzam\u0105 p\u0117doms nuo nuospaud\u0173 ir nuospaud\u0173, kurio neabejotinas privalumas yra vien tik nat\u016brali\u0173 ingredient\u0173 pagrindu sukurta sud\u0117tis. Aktyvioji balzamo formul\u0117 mink\u0161tina \u0161iurk\u0161\u010dias vietas, aktyvina regeneracijos procesus ir mal\u0161ina skausm\u0105. Teigiam\u0105 dinamik\u0105 pasteb\u0117site jau po keli\u0173 tepim\u0173!    <\/p>\n<p>Prek\u0117s \u017eenklo &#8220;Healer Cosmetics&#8221; p\u0117d\u0173 balzamas-kremas nuospaudoms ir nuospaudoms gydyti:<\/p>\n<p>&#8211; formul\u0117, kurios pagrind\u0105 sudaro kiaulpieni\u0173 stieb\u0173 pienas, kiaulpieni\u0173, gyslo\u010di\u0173 ekstraktai, levand\u0173 eterinis aliejus, pieno ir salicilo r\u016bg\u0161tys;<br \/>\n&#8211; veiksminga sausoms nuospaudoms ir nuospaudoms;<br \/>\n&#8211; ma\u017eina diskomfort\u0105 vaik\u0161tant, deginimo poj\u016bt\u012f ar p\u0117d\u0173 skausm\u0105;<br \/>\n&#8211; mink\u0161tina \u0161iurk\u0161\u010di\u0105 od\u0105;<br \/>\n&#8211; pagreitina surag\u0117jusi\u0173 epidermio daleli\u0173 eksfoliacij\u0105;<br \/>\n&#8211; suaktyvina regeneracijos procesus;<br \/>\n&#8211; pasi\u017eymi baktericidiniu ir prie\u0161u\u017edegiminiu poveikiu;<br \/>\n&#8211; gerina odos elastingum\u0105;<br \/>\n&#8211; taip pat gali b\u016bti naudojamas deln\u0173, alk\u016bni\u0173 ir keli\u0173 odai pagerinti;<br \/>\n&#8211; neturi kontraindikacij\u0173;<br \/>\n&#8211; gali naudoti n\u0117\u0161\u010dios ir \u017eindan\u010dios moterys;<br \/>\n&#8211; n\u0117ra vaistinis preparatas.<\/p>\n","protected":false},"excerpt":{"rendered":"<p>Didel\u0117s kasdien\u0117s apkrovos ir ne visai patog\u016bs batai sukelia nepageidaujam\u0173 pasekmi\u0173 p\u0117doms, t. y. nuospaudas ir nuospaudas. Norite sugr\u0105\u017einti odai sveik\u0105 i\u0161vaizd\u0105 ir atsikratyti skausming\u0173 poj\u016b\u010di\u0173? Naudokite ukrainie\u010di\u0173 prek\u0117s \u017eenklo &#8220;Healer Cosmetics&#8221; krem\u0105-balzam\u0105 p\u0117doms nuo nuospaud\u0173 ir nuospaud\u0173, kurio neabejotinas privalumas yra vien tik nat\u016brali\u0173 ingredient\u0173 pagrindu sukurta sud\u0117tis. Aktyvioji balzamo formul\u0117 mink\u0161tina \u0161iurk\u0161\u010dias vietas, [&hellip;]<\/p>\n","protected":false},"featured_media":15768,"comment_status":"open","ping_status":"closed","template":"","meta":[],"product_brand":[],"product_cat":[218,192,217],"product_tag":[],"class_list":{"0":"post-15770","1":"product","2":"type-product","3":"status-publish","4":"has-post-thumbnail","6":"product_cat-kuno-prieziura","7":"product_cat-naujienos","8":"product_cat-sveikatos-prieziura","10":"first","11":"instock","12":"shipping-taxable","13":"purchasable","14":"product-type-simple"},"_links":{"self":[{"href":"https:\/\/beautysba.co.uk\/lt\/wp-json\/wp\/v2\/product\/15770","targetHints":{"allow":["GET"]}}],"collection":[{"href":"https:\/\/beautysba.co.uk\/lt\/wp-json\/wp\/v2\/product"}],"about":[{"href":"https:\/\/beautysba.co.uk\/lt\/wp-json\/wp\/v2\/types\/product"}],"replies":[{"embeddable":true,"href":"https:\/\/beautysba.co.uk\/lt\/wp-json\/wp\/v2\/comments?post=15770"}],"wp:featuredmedia":[{"embeddable":true,"href":"https:\/\/beautysba.co.uk\/lt\/wp-json\/wp\/v2\/media\/15768"}],"wp:attachment":[{"href":"https:\/\/beautysba.co.uk\/lt\/wp-json\/wp\/v2\/media?parent=15770"}],"wp:term":[{"taxonomy":"product_brand","embeddable":true,"href":"https:\/\/beautysba.co.uk\/lt\/wp-json\/wp\/v2\/product_brand?post=15770"},{"taxonomy":"product_cat","embeddable":true,"href":"https:\/\/beautysba.co.uk\/lt\/wp-json\/wp\/v2\/product_cat?post=15770"},{"taxonomy":"product_tag","embeddable":true,"href":"https:\/\/beautysba.co.uk\/lt\/wp-json\/wp\/v2\/product_tag?post=15770"}],"curies":[{"name":"wp","href":"https:\/\/api.w.org\/{rel}","templated":true}]}}