{"id":15776,"date":"2025-03-13T08:07:17","date_gmt":"2025-03-13T08:07:17","guid":{"rendered":"https:\/\/beautysba.co.uk\/product\/%d0%ba%d1%80%d0%b5%d0%bc-%d0%b1%d0%b0%d0%bb%d1%8c%d0%b7%d0%b0%d0%bc-%d0%be%d1%82-%d0%bf%d1%80%d1%8b%d1%89%d0%b5%d0%b9-%d0%b8-%d1%83%d0%b3%d1%80%d0%b5%d0%b9-%d1%81-%d1%8d%d0%ba%d1%81%d1%82%d1%80%d0%b0\/"},"modified":"2025-03-13T09:43:42","modified_gmt":"2025-03-13T09:43:42","slug":"%d0%ba%d1%80%d0%b5%d0%bc-%d0%b1%d0%b0%d0%bb%d1%8c%d0%b7%d0%b0%d0%bc-%d0%be%d1%82-%d0%bf%d1%80%d1%8b%d1%89%d0%b5%d0%b9-%d0%b8-%d1%83%d0%b3%d1%80%d0%b5%d0%b9-%d1%81-%d1%8d%d0%ba%d1%81%d1%82%d1%80%d0%b0","status":"publish","type":"product","link":"https:\/\/beautysba.co.uk\/lt\/produktas\/%d0%ba%d1%80%d0%b5%d0%bc-%d0%b1%d0%b0%d0%bb%d1%8c%d0%b7%d0%b0%d0%bc-%d0%be%d1%82-%d0%bf%d1%80%d1%8b%d1%89%d0%b5%d0%b9-%d0%b8-%d1%83%d0%b3%d1%80%d0%b5%d0%b9-%d1%81-%d1%8d%d0%ba%d1%81%d1%82%d1%80%d0%b0\/","title":{"rendered":"Kremas-balzamas nuo spuog\u0173 ir akn\u0117s su medetk\u0173 ekstraktu Healer cosmetics 10g"},"content":{"rendered":"<p>Ar j\u016bs\u0173 oda linkusi \u012f \u012fvairius u\u017edegimus ir b\u0117rimus? Ukrainos prek\u0117s \u017eenklo &#8220;Healer Cosmetics&#8221; kremas-balzamas nuo spuog\u0173 ir ink\u0161tir\u0173 su medetk\u0173 ekstraktu pad\u0117s gerokai pagerinti pad\u0117t\u012f. Visi\u0161kai nat\u016brali\u0173 ingredient\u0173 pagrindu sukurta sud\u0117tis pasi\u017eymi galingu gydomuoju poveikiu, veiksmingai kovoja su \u012fvairiais netobulumais. Reguliariai naudojant j\u016bs\u0173 oda taps daug \u0161varesn\u0117!   <\/p>\n<p>Kremas-balzamas nuo spuog\u0173 ir ink\u0161tir\u0173 su medetk\u0173 ekstraktu i\u0161 prek\u0117s \u017eenklo Healer Cosmetics:<\/p>\n<p>&#8211; sud\u0117tyje yra alavijo, \u010diobreli\u0173, jona\u017eol\u0117s, jona\u017eol\u0117s, gyslo\u010dio, medetk\u0173, arbatmed\u017eio aliejaus, bergamot\u0117s, salicilo r\u016bg\u0161ties, e\u017eiuol\u0117s ekstrakt\u0173;<br \/>\n&#8211; pasi\u017eymi antiseptiniu, antivirusiniu, prie\u0161u\u017edegiminiu poveikiu;<br \/>\n&#8211; normalizuoja riebalini\u0173 liauk\u0173 veikl\u0105, ma\u017eina riebal\u0173 gamyb\u0105 ir neleid\u017eia susidaryti bakterij\u0173 vystymuisi palankiai mikroflorai;<br \/>\n&#8211; sutraukia poras;<br \/>\n&#8211; gerina odos imunitet\u0105 ir jos atsparum\u0105 bakterijoms;<br \/>\n&#8211; \u0161velniai pa\u0161alina keratinines l\u0105steles, suaktyvina regeneracijos procesus;<br \/>\n&#8211; n\u0117ra vaistinis preparatas.<\/p>\n","protected":false},"excerpt":{"rendered":"<p>Ar j\u016bs\u0173 oda linkusi \u012f \u012fvairius u\u017edegimus ir b\u0117rimus? Ukrainos prek\u0117s \u017eenklo &#8220;Healer Cosmetics&#8221; kremas-balzamas nuo spuog\u0173 ir ink\u0161tir\u0173 su medetk\u0173 ekstraktu pad\u0117s gerokai pagerinti pad\u0117t\u012f. Visi\u0161kai nat\u016brali\u0173 ingredient\u0173 pagrindu sukurta sud\u0117tis pasi\u017eymi galingu gydomuoju poveikiu, veiksmingai kovoja su \u012fvairiais netobulumais. Reguliariai naudojant j\u016bs\u0173 oda taps daug \u0161varesn\u0117! Kremas-balzamas nuo spuog\u0173 ir ink\u0161tir\u0173 su medetk\u0173 [&hellip;]<\/p>\n","protected":false},"featured_media":15774,"comment_status":"open","ping_status":"closed","template":"","meta":[],"product_brand":[],"product_cat":[218,192,128,217,127],"product_tag":[],"class_list":{"0":"post-15776","1":"product","2":"type-product","3":"status-publish","4":"has-post-thumbnail","6":"product_cat-kuno-prieziura","7":"product_cat-naujienos","8":"product_cat-spuogu-demiu-gydymas","9":"product_cat-sveikatos-prieziura","10":"product_cat-veidas","12":"first","13":"instock","14":"shipping-taxable","15":"purchasable","16":"product-type-simple"},"_links":{"self":[{"href":"https:\/\/beautysba.co.uk\/lt\/wp-json\/wp\/v2\/product\/15776","targetHints":{"allow":["GET"]}}],"collection":[{"href":"https:\/\/beautysba.co.uk\/lt\/wp-json\/wp\/v2\/product"}],"about":[{"href":"https:\/\/beautysba.co.uk\/lt\/wp-json\/wp\/v2\/types\/product"}],"replies":[{"embeddable":true,"href":"https:\/\/beautysba.co.uk\/lt\/wp-json\/wp\/v2\/comments?post=15776"}],"wp:featuredmedia":[{"embeddable":true,"href":"https:\/\/beautysba.co.uk\/lt\/wp-json\/wp\/v2\/media\/15774"}],"wp:attachment":[{"href":"https:\/\/beautysba.co.uk\/lt\/wp-json\/wp\/v2\/media?parent=15776"}],"wp:term":[{"taxonomy":"product_brand","embeddable":true,"href":"https:\/\/beautysba.co.uk\/lt\/wp-json\/wp\/v2\/product_brand?post=15776"},{"taxonomy":"product_cat","embeddable":true,"href":"https:\/\/beautysba.co.uk\/lt\/wp-json\/wp\/v2\/product_cat?post=15776"},{"taxonomy":"product_tag","embeddable":true,"href":"https:\/\/beautysba.co.uk\/lt\/wp-json\/wp\/v2\/product_tag?post=15776"}],"curies":[{"name":"wp","href":"https:\/\/api.w.org\/{rel}","templated":true}]}}