{"id":15782,"date":"2025-03-13T08:12:10","date_gmt":"2025-03-13T08:12:10","guid":{"rendered":"https:\/\/beautysba.co.uk\/product\/%d0%b3%d0%b5%d0%bb%d1%8c-%d0%b1%d0%b0%d0%bb%d1%8c%d0%b7%d0%b0%d0%bc-15-%d1%82%d1%80%d0%b0%d0%b2-%d0%bf%d1%80%d0%b8-%d0%bd%d0%b5%d0%b2%d1%80%d0%b0%d0%bb%d0%b3%d0%b8%d0%b8-%d0%b8-%d0%b2%d0%be%d1%81\/"},"modified":"2025-03-13T09:44:13","modified_gmt":"2025-03-13T09:44:13","slug":"%d0%b3%d0%b5%d0%bb%d1%8c-%d0%b1%d0%b0%d0%bb%d1%8c%d0%b7%d0%b0%d0%bc-15-%d1%82%d1%80%d0%b0%d0%b2-%d0%bf%d1%80%d0%b8-%d0%bd%d0%b5%d0%b2%d1%80%d0%b0%d0%bb%d0%b3%d0%b8%d0%b8-%d0%b8-%d0%b2%d0%be%d1%81","status":"publish","type":"product","link":"https:\/\/beautysba.co.uk\/lt\/produktas\/%d0%b3%d0%b5%d0%bb%d1%8c-%d0%b1%d0%b0%d0%bb%d1%8c%d0%b7%d0%b0%d0%bc-15-%d1%82%d1%80%d0%b0%d0%b2-%d0%bf%d1%80%d0%b8-%d0%bd%d0%b5%d0%b2%d1%80%d0%b0%d0%bb%d0%b3%d0%b8%d0%b8-%d0%b8-%d0%b2%d0%be%d1%81\/","title":{"rendered":"Gelinis balzamas 15 vaista\u017eoli\u0173 nuo neuralgijos ir s\u0117dimojo nervo u\u017edegimo Liaudies gydytojas 40ml"},"content":{"rendered":"<p>Prek\u0117s \u017eenklo &#8220;Narodniy Healer&#8221; gelio balzamas yra nepakei\u010diama priemon\u0117 nuo neuralgijos ir s\u0117dimojo nervo u\u017edegimo. Daugiafunkcinis produktas, praturtintas augal\u0173 ekstraktais ir eteriniais aliejais, tikslingai veikia, kad pa\u0161alint\u0173 skausmingus poj\u016b\u010dius ir diskomfort\u0105, kartu gaivindamas ir tonizuodamas od\u0105. Be to, universalus produktas pasi\u017eymi raminamuoju, antibakteriniu ir mink\u0161tinamuoju poveikiu, stiprina raumenin\u012f audin\u012f ir suma\u017eina tolesnio pa\u017eeidimo rizik\u0105.  <\/p>\n<p>Turi &#8220;Folk Healer&#8221; gelio balzam\u0105:<\/p>\n<p>&#8211; pagamintas nat\u016brali\u0173 komponent\u0173 pagrindu;<br \/>\n&#8211; padeda pa\u0161alinti \u012fvairios kilm\u0117s neuralgijos problemas;<br \/>\n&#8211; terpentinas pasi\u017eymi stipriu \u0161ildomuoju poveikiu;<br \/>\n&#8211; krien\u0173 \u0161akn\u0173, juod\u0173j\u0173 ridik\u0173, pumpur\u0173 ir alyv\u0173 \u017eied\u0173 ekstraktai skatina l\u0105steli\u0173 atsinaujinim\u0105;<br \/>\n&#8211; sud\u0117tyje yra metilo salicilato, \u010desnak\u0173, apyni\u0173 spurg\u0173, kadagi\u0173, arnik\u0173 ekstrakt\u0173;<br \/>\n&#8211; atlieka raminam\u0105j\u0105 ir prie\u0161u\u017edegimin\u0119 funkcij\u0105;<br \/>\n&#8211; kadagi\u0173 eterinis aliejus ma\u017eina patinim\u0105;<br \/>\n&#8211; padeda suma\u017einti raumen\u0173 \u012ftamp\u0105.<\/p>\n","protected":false},"excerpt":{"rendered":"<p>Prek\u0117s \u017eenklo &#8220;Narodniy Healer&#8221; gelio balzamas yra nepakei\u010diama priemon\u0117 nuo neuralgijos ir s\u0117dimojo nervo u\u017edegimo. Daugiafunkcinis produktas, praturtintas augal\u0173 ekstraktais ir eteriniais aliejais, tikslingai veikia, kad pa\u0161alint\u0173 skausmingus poj\u016b\u010dius ir diskomfort\u0105, kartu gaivindamas ir tonizuodamas od\u0105. Be to, universalus produktas pasi\u017eymi raminamuoju, antibakteriniu ir mink\u0161tinamuoju poveikiu, stiprina raumenin\u012f audin\u012f ir suma\u017eina tolesnio pa\u017eeidimo rizik\u0105. Turi [&hellip;]<\/p>\n","protected":false},"featured_media":15780,"comment_status":"open","ping_status":"closed","template":"","meta":[],"product_brand":[],"product_cat":[218,192,201,217],"product_tag":[],"class_list":{"0":"post-15782","1":"product","2":"type-product","3":"status-publish","4":"has-post-thumbnail","6":"product_cat-kuno-prieziura","7":"product_cat-naujienos","8":"product_cat-skausmo-malsinimas","9":"product_cat-sveikatos-prieziura","11":"first","12":"instock","13":"shipping-taxable","14":"purchasable","15":"product-type-simple"},"_links":{"self":[{"href":"https:\/\/beautysba.co.uk\/lt\/wp-json\/wp\/v2\/product\/15782","targetHints":{"allow":["GET"]}}],"collection":[{"href":"https:\/\/beautysba.co.uk\/lt\/wp-json\/wp\/v2\/product"}],"about":[{"href":"https:\/\/beautysba.co.uk\/lt\/wp-json\/wp\/v2\/types\/product"}],"replies":[{"embeddable":true,"href":"https:\/\/beautysba.co.uk\/lt\/wp-json\/wp\/v2\/comments?post=15782"}],"wp:featuredmedia":[{"embeddable":true,"href":"https:\/\/beautysba.co.uk\/lt\/wp-json\/wp\/v2\/media\/15780"}],"wp:attachment":[{"href":"https:\/\/beautysba.co.uk\/lt\/wp-json\/wp\/v2\/media?parent=15782"}],"wp:term":[{"taxonomy":"product_brand","embeddable":true,"href":"https:\/\/beautysba.co.uk\/lt\/wp-json\/wp\/v2\/product_brand?post=15782"},{"taxonomy":"product_cat","embeddable":true,"href":"https:\/\/beautysba.co.uk\/lt\/wp-json\/wp\/v2\/product_cat?post=15782"},{"taxonomy":"product_tag","embeddable":true,"href":"https:\/\/beautysba.co.uk\/lt\/wp-json\/wp\/v2\/product_tag?post=15782"}],"curies":[{"name":"wp","href":"https:\/\/api.w.org\/{rel}","templated":true}]}}