{"id":15800,"date":"2025-03-13T08:31:43","date_gmt":"2025-03-13T08:31:43","guid":{"rendered":"https:\/\/beautysba.co.uk\/product\/%d0%b3%d0%b5%d0%bb%d1%8c-%d0%b1%d0%b0%d0%bb%d1%8c%d0%b7%d0%b0%d0%bc-9-%d1%82%d1%80%d0%b0%d0%b2-%d0%bf%d1%80%d0%b8-%d1%88%d0%bf%d0%be%d1%80%d0%b5-%d0%b8-%d0%ba%d0%be%d1%81%d1%82%d0%be%d1%87%d0%ba%d0%b5\/"},"modified":"2025-03-13T09:43:49","modified_gmt":"2025-03-13T09:43:49","slug":"%d0%b3%d0%b5%d0%bb%d1%8c-%d0%b1%d0%b0%d0%bb%d1%8c%d0%b7%d0%b0%d0%bc-9-%d1%82%d1%80%d0%b0%d0%b2-%d0%bf%d1%80%d0%b8-%d1%88%d0%bf%d0%be%d1%80%d0%b5-%d0%b8-%d0%ba%d0%be%d1%81%d1%82%d0%be%d1%87%d0%ba%d0%b5","status":"publish","type":"product","link":"https:\/\/beautysba.co.uk\/lt\/produktas\/%d0%b3%d0%b5%d0%bb%d1%8c-%d0%b1%d0%b0%d0%bb%d1%8c%d0%b7%d0%b0%d0%bc-9-%d1%82%d1%80%d0%b0%d0%b2-%d0%bf%d1%80%d0%b8-%d1%88%d0%bf%d0%be%d1%80%d0%b5-%d0%b8-%d0%ba%d0%be%d1%81%d1%82%d0%be%d1%87%d0%ba%d0%b5\/","title":{"rendered":"Gelis-balzamas 9 \u017eolel\u0117s nuo podagros ir kaul\u0173 40g Liaudies gydytojas"},"content":{"rendered":"<p>Prek\u0117s \u017eenklo &#8220;Narodny Healer&#8221; gelinis balzamas nuo podagros ir kaul\u0173 yra tikra &#8220;panac\u0117ja&#8221; visiems \u017emon\u0117ms, ken\u010diantiems nuo stipraus skausmo oro permain\u0173 metu. Universali priemon\u0117 padeda atsipalaiduoti, atsikratyti nemaloni\u0173 poj\u016b\u010di\u0173 ir apsaugoti k\u016bn\u0105 nuo nedideli\u0173 tr\u016bkum\u0173 atsiradimo. D\u0117l nat\u016brali\u0173 sudedam\u0173j\u0173 dali\u0173 \u0161ilkin\u0117s konsistencijos priemon\u0117 akimirksniu \u012fsigeria \u012f od\u0105, nukreipta \u012f u\u017edegimo centr\u0105. Be puikaus pagrindini\u0173 pareig\u0173 atlikimo, funkcinis produktas pasi\u017eymi prevencin\u0117mis savyb\u0117mis &#8211; stiprina raumen\u0173 ir kaul\u0173 sistem\u0105 bei mink\u0161tuosius audinius, suma\u017eindamas tolesni\u0173 pa\u017eeidim\u0173 rizik\u0105.   <\/p>\n<p>&#8220;Liaudies gydytojo&#8221; gelio balzamas nuo podagros ir kaul\u0173:<\/p>\n<p>&#8211; padeda mal\u0161inti podagros ir reumatinius skausmus;<br \/>\n&#8211; suma\u017eina diskomfort\u0105 s\u0105nari\u0173 skausmo metu;<br \/>\n&#8211; pagamintas i\u0161 nat\u016brali\u0173 ingredient\u0173;<br \/>\n&#8211; sud\u0117tyje yra kadagio vaisi\u0173, \u0161akn\u0173 ir tavolgos \u017eoli\u0173 ekstrakt\u0173;<br \/>\n&#8211; praturtintas kadagi\u0173 ir pu\u0161\u0173 eteriniais aliejais;<br \/>\n&#8211; gerai atgaivina ir tonizuoja od\u0105;<br \/>\n&#8211; pasi\u017eymi raminamuoju ir prie\u0161u\u017edegiminiu poveikiu;<br \/>\n&#8211; apsaugo nuo patinimo ir paraudimo.<\/p>\n","protected":false},"excerpt":{"rendered":"<p>Prek\u0117s \u017eenklo &#8220;Narodny Healer&#8221; gelinis balzamas nuo podagros ir kaul\u0173 yra tikra &#8220;panac\u0117ja&#8221; visiems \u017emon\u0117ms, ken\u010diantiems nuo stipraus skausmo oro permain\u0173 metu. Universali priemon\u0117 padeda atsipalaiduoti, atsikratyti nemaloni\u0173 poj\u016b\u010di\u0173 ir apsaugoti k\u016bn\u0105 nuo nedideli\u0173 tr\u016bkum\u0173 atsiradimo. D\u0117l nat\u016brali\u0173 sudedam\u0173j\u0173 dali\u0173 \u0161ilkin\u0117s konsistencijos priemon\u0117 akimirksniu \u012fsigeria \u012f od\u0105, nukreipta \u012f u\u017edegimo centr\u0105. Be puikaus pagrindini\u0173 pareig\u0173 [&hellip;]<\/p>\n","protected":false},"featured_media":15798,"comment_status":"open","ping_status":"closed","template":"","meta":[],"product_brand":[],"product_cat":[218,192,217],"product_tag":[],"class_list":{"0":"post-15800","1":"product","2":"type-product","3":"status-publish","4":"has-post-thumbnail","6":"product_cat-kuno-prieziura","7":"product_cat-naujienos","8":"product_cat-sveikatos-prieziura","10":"first","11":"instock","12":"shipping-taxable","13":"purchasable","14":"product-type-simple"},"_links":{"self":[{"href":"https:\/\/beautysba.co.uk\/lt\/wp-json\/wp\/v2\/product\/15800","targetHints":{"allow":["GET"]}}],"collection":[{"href":"https:\/\/beautysba.co.uk\/lt\/wp-json\/wp\/v2\/product"}],"about":[{"href":"https:\/\/beautysba.co.uk\/lt\/wp-json\/wp\/v2\/types\/product"}],"replies":[{"embeddable":true,"href":"https:\/\/beautysba.co.uk\/lt\/wp-json\/wp\/v2\/comments?post=15800"}],"wp:featuredmedia":[{"embeddable":true,"href":"https:\/\/beautysba.co.uk\/lt\/wp-json\/wp\/v2\/media\/15798"}],"wp:attachment":[{"href":"https:\/\/beautysba.co.uk\/lt\/wp-json\/wp\/v2\/media?parent=15800"}],"wp:term":[{"taxonomy":"product_brand","embeddable":true,"href":"https:\/\/beautysba.co.uk\/lt\/wp-json\/wp\/v2\/product_brand?post=15800"},{"taxonomy":"product_cat","embeddable":true,"href":"https:\/\/beautysba.co.uk\/lt\/wp-json\/wp\/v2\/product_cat?post=15800"},{"taxonomy":"product_tag","embeddable":true,"href":"https:\/\/beautysba.co.uk\/lt\/wp-json\/wp\/v2\/product_tag?post=15800"}],"curies":[{"name":"wp","href":"https:\/\/api.w.org\/{rel}","templated":true}]}}