{"id":15812,"date":"2025-03-13T08:36:34","date_gmt":"2025-03-13T08:36:34","guid":{"rendered":"https:\/\/beautysba.co.uk\/product\/%d0%b3%d0%b5%d0%bb%d1%8c-%d0%b1%d0%b0%d0%bb%d1%8c%d0%b7%d0%b0%d0%bc-8-%d1%82%d1%80%d0%b0%d0%b2-%d0%b4%d0%bb%d1%8f-%d0%bd%d0%be%d0%b3-%d0%bf%d1%80%d0%be%d1%82%d0%b8%d0%b2%d0%be%d0%b3%d1%80%d0%b8%d0%b1\/"},"modified":"2025-03-13T09:43:52","modified_gmt":"2025-03-13T09:43:52","slug":"%d0%b3%d0%b5%d0%bb%d1%8c-%d0%b1%d0%b0%d0%bb%d1%8c%d0%b7%d0%b0%d0%bc-8-%d1%82%d1%80%d0%b0%d0%b2-%d0%b4%d0%bb%d1%8f-%d0%bd%d0%be%d0%b3-%d0%bf%d1%80%d0%be%d1%82%d0%b8%d0%b2%d0%be%d0%b3%d1%80%d0%b8%d0%b1","status":"publish","type":"product","link":"https:\/\/beautysba.co.uk\/lt\/produktas\/%d0%b3%d0%b5%d0%bb%d1%8c-%d0%b1%d0%b0%d0%bb%d1%8c%d0%b7%d0%b0%d0%bc-8-%d1%82%d1%80%d0%b0%d0%b2-%d0%b4%d0%bb%d1%8f-%d0%bd%d0%be%d0%b3-%d0%bf%d1%80%d0%be%d1%82%d0%b8%d0%b2%d0%be%d0%b3%d1%80%d0%b8%d0%b1\/","title":{"rendered":"Gelis-balzamas 8 vaista\u017eol\u0117s p\u0117doms nuo grybelio, antiperspirantas 40g Liaudies gydytojas"},"content":{"rendered":"<p>Su per dideliu prakaitavimu susijus\u012f diskomfort\u0105 da\u017enai lydi nemalonus kvapas ir grybelin\u0117s infekcijos. Nuo \u0161io rei\u0161kinio ypa\u010d ken\u010dia jautri p\u0117d\u0173 oda. Nor\u0117dami apsisaugoti nuo nedideli\u0173 tr\u016bkum\u0173 atsiradimo arba u\u017ekirsti keli\u0105 tolesniam j\u0173 formavimuisi &#8211; atkreipkite d\u0117mes\u012f \u012f prek\u0117s \u017eenklo &#8220;Folk Healer&#8221; p\u0117d\u0173 gel\u012f-balzam\u0105. Daugiafunkcin\u0117 priemon\u0117 kontroliuoja riebalini\u0173 liauk\u0173 darb\u0105, veiksmingai \u0161alina riebal\u0173 pertekli\u0173, suma\u017eindama nemalonaus kvapo ir skausming\u0173 poj\u016b\u010di\u0173 rizik\u0105. Be to, universalus antiperspirantas pasi\u017eymi raminamuoju, prie\u0161u\u017edegiminiu ir antibakteriniu poveikiu, kartu didindamas jautrios odos apsaugines savybes.    <\/p>\n<p>Turi &#8220;Narodniy Healer&#8221; gelio balzam\u0105 kojoms:<\/p>\n<p>&#8211; padeda pa\u0161alinti nag\u0173 grybel\u012f, tarpupir\u0161\u010diuose ir aplink p\u0117d\u0173 pagalv\u0117les;<br \/>\n&#8211; puikus pasirinkimas kovojant su bromidroze ir hiperhidroze;<br \/>\n&#8211; skatina audini\u0173 regeneracij\u0105 ir odos l\u0105steli\u0173 atsinaujinim\u0105;<br \/>\n&#8211; d\u0117l glicerino oda tampa mink\u0161tesn\u0117, lygesn\u0117 ir stangresn\u0117;<br \/>\n&#8211; suma\u017eina \u012ftr\u016bkim\u0173 ir nuospaud\u0173 rizik\u0105;<br \/>\n&#8211; pagaminta i\u0161 nat\u016brali\u0173 ingredient\u0173;<br \/>\n&#8211; sud\u0117tyje yra \u0105\u017euolo \u017eiev\u0117s, graikini\u0173 rie\u0161ut\u0173 lap\u0173, \u010diobreli\u0173, ramun\u0117li\u0173, ro\u017ei\u0173 \u017eiedlapi\u0173 ekstrakt\u0173;<br \/>\n&#8211; arbatmed\u017eio eterinis aliejus tonizuoja ir gaivina;<br \/>\n&#8211; salicilo r\u016bg\u0161tis pa\u0161alina keratinin\u012f epidermio sluoksn\u012f;<br \/>\n&#8211; stiprina jo apsaugin\u012f barjer\u0105 ir hidrolipidin\u0119 mantij\u0105.<\/p>\n","protected":false},"excerpt":{"rendered":"<p>Su per dideliu prakaitavimu susijus\u012f diskomfort\u0105 da\u017enai lydi nemalonus kvapas ir grybelin\u0117s infekcijos. Nuo \u0161io rei\u0161kinio ypa\u010d ken\u010dia jautri p\u0117d\u0173 oda. Nor\u0117dami apsisaugoti nuo nedideli\u0173 tr\u016bkum\u0173 atsiradimo arba u\u017ekirsti keli\u0105 tolesniam j\u0173 formavimuisi &#8211; atkreipkite d\u0117mes\u012f \u012f prek\u0117s \u017eenklo &#8220;Folk Healer&#8221; p\u0117d\u0173 gel\u012f-balzam\u0105. Daugiafunkcin\u0117 priemon\u0117 kontroliuoja riebalini\u0173 liauk\u0173 darb\u0105, veiksmingai \u0161alina riebal\u0173 pertekli\u0173, suma\u017eindama nemalonaus [&hellip;]<\/p>\n","protected":false},"featured_media":15810,"comment_status":"open","ping_status":"closed","template":"","meta":[],"product_brand":[],"product_cat":[119,192,123,219,217],"product_tag":[],"class_list":{"0":"post-15812","1":"product","2":"type-product","3":"status-publish","4":"has-post-thumbnail","6":"product_cat-kuno-produktai","7":"product_cat-naujienos","8":"product_cat-pedu-prieziura","9":"product_cat-pedu-prieziura-lt","10":"product_cat-sveikatos-prieziura","12":"first","13":"outofstock","14":"shipping-taxable","15":"purchasable","16":"product-type-simple"},"_links":{"self":[{"href":"https:\/\/beautysba.co.uk\/lt\/wp-json\/wp\/v2\/product\/15812","targetHints":{"allow":["GET"]}}],"collection":[{"href":"https:\/\/beautysba.co.uk\/lt\/wp-json\/wp\/v2\/product"}],"about":[{"href":"https:\/\/beautysba.co.uk\/lt\/wp-json\/wp\/v2\/types\/product"}],"replies":[{"embeddable":true,"href":"https:\/\/beautysba.co.uk\/lt\/wp-json\/wp\/v2\/comments?post=15812"}],"wp:featuredmedia":[{"embeddable":true,"href":"https:\/\/beautysba.co.uk\/lt\/wp-json\/wp\/v2\/media\/15810"}],"wp:attachment":[{"href":"https:\/\/beautysba.co.uk\/lt\/wp-json\/wp\/v2\/media?parent=15812"}],"wp:term":[{"taxonomy":"product_brand","embeddable":true,"href":"https:\/\/beautysba.co.uk\/lt\/wp-json\/wp\/v2\/product_brand?post=15812"},{"taxonomy":"product_cat","embeddable":true,"href":"https:\/\/beautysba.co.uk\/lt\/wp-json\/wp\/v2\/product_cat?post=15812"},{"taxonomy":"product_tag","embeddable":true,"href":"https:\/\/beautysba.co.uk\/lt\/wp-json\/wp\/v2\/product_tag?post=15812"}],"curies":[{"name":"wp","href":"https:\/\/api.w.org\/{rel}","templated":true}]}}