{"id":15818,"date":"2025-03-13T08:38:11","date_gmt":"2025-03-13T08:38:11","guid":{"rendered":"https:\/\/beautysba.co.uk\/product\/%d0%b3%d0%b5%d0%bb%d1%8c-%d0%b1%d0%b0%d0%bb%d1%8c%d0%b7%d0%b0%d0%bc-10-%d1%82%d1%80%d0%b0%d0%b2-%d0%bf%d1%80%d0%b8-%d0%b1%d0%be%d0%bb%d1%8f%d1%85-%d0%b2-%d0%bf%d0%be%d0%b7%d0%b2%d0%be%d0%bd%d0%be\/"},"modified":"2025-03-13T09:43:50","modified_gmt":"2025-03-13T09:43:50","slug":"%d0%b3%d0%b5%d0%bb%d1%8c-%d0%b1%d0%b0%d0%bb%d1%8c%d0%b7%d0%b0%d0%bc-10-%d1%82%d1%80%d0%b0%d0%b2-%d0%bf%d1%80%d0%b8-%d0%b1%d0%be%d0%bb%d1%8f%d1%85-%d0%b2-%d0%bf%d0%be%d0%b7%d0%b2%d0%be%d0%bd%d0%be","status":"publish","type":"product","link":"https:\/\/beautysba.co.uk\/lt\/produktas\/%d0%b3%d0%b5%d0%bb%d1%8c-%d0%b1%d0%b0%d0%bb%d1%8c%d0%b7%d0%b0%d0%bc-10-%d1%82%d1%80%d0%b0%d0%b2-%d0%bf%d1%80%d0%b8-%d0%b1%d0%be%d0%bb%d1%8f%d1%85-%d0%b2-%d0%bf%d0%be%d0%b7%d0%b2%d0%be%d0%bd%d0%be\/","title":{"rendered":"Gelis-balzamas 10 vaista\u017eoli\u0173 nuo stuburo skausmo 40g Liaudies gydytojas"},"content":{"rendered":"<p>Nor\u0117dami atsikratyti kasdienio diskomforto, susijusio su traumomis, oro poky\u010diais, k\u016bno ypatumais, atkreipkite d\u0117mes\u012f \u012f prek\u0117s \u017eenklo &#8220;Narodniy Healer&#8221; gel\u012f-balzam\u0105 nuo stuburo skausmo. Daugiafunkcin\u0117 priemon\u0117 specifi\u0161kai veikia u\u017edegimo \u017eidin\u012f, padeda atkurti raumen\u0173 ir kaul\u0173 sistemos funkcijas ir pa\u0161alina bet kok\u012f diskomfort\u0105 jau po pirmojo panaudojimo. D\u0117l turtingos nat\u016bralios sud\u0117ties \u0161ilkin\u0117 konsistencija akimirksniu \u012fsiskverbia \u012f od\u0105, u\u017etikrindama efektyv\u0173 darb\u0105 nesudarant lipnaus sluoksnio ir riebios pl\u0117vel\u0117s i\u0161 i\u0161or\u0117s.  <\/p>\n<p>&#8220;Liaudies gydytojo&#8221; gelio balzamas nuo stuburo skausmo:<\/p>\n<p>&#8211; tinka stuburo skausmams gydyti ir j\u0173 profilaktikai;<br \/>\n&#8211; itin lengvos, greitai \u012fsigerian\u010dios konsistencijos;<br \/>\n&#8211; gali b\u016bti naudojamas esant i\u0161ialgijai, reumatui, patempimams;<br \/>\n&#8211; gerai atgaivina ir tonizuoja od\u0105;<br \/>\n&#8211; atlieka raminam\u0105j\u0105 ir prie\u0161u\u017edegimin\u0119 funkcij\u0105;<br \/>\n&#8211; sud\u0117tyje yra ramun\u0117li\u0173 \u017eied\u0173, apyni\u0173 spurg\u0173, eukalipt\u0173 lap\u0173, alyv\u0173 \u017eiedyn\u0173 ekstrakt\u0173;<br \/>\n&#8211; praturtintas kamparu, terpentinu;<br \/>\n&#8211; pasi\u017eymi mink\u0161tinamuoju ir \u0161ildomuoju poveikiu;<br \/>\n&#8211; kadagi\u0173 eterinis aliejus spartina mink\u0161t\u0173j\u0173 audini\u0173 atsistatymo proces\u0105.<\/p>\n","protected":false},"excerpt":{"rendered":"<p>Nor\u0117dami atsikratyti kasdienio diskomforto, susijusio su traumomis, oro poky\u010diais, k\u016bno ypatumais, atkreipkite d\u0117mes\u012f \u012f prek\u0117s \u017eenklo &#8220;Narodniy Healer&#8221; gel\u012f-balzam\u0105 nuo stuburo skausmo. Daugiafunkcin\u0117 priemon\u0117 specifi\u0161kai veikia u\u017edegimo \u017eidin\u012f, padeda atkurti raumen\u0173 ir kaul\u0173 sistemos funkcijas ir pa\u0161alina bet kok\u012f diskomfort\u0105 jau po pirmojo panaudojimo. D\u0117l turtingos nat\u016bralios sud\u0117ties \u0161ilkin\u0117 konsistencija akimirksniu \u012fsiskverbia \u012f od\u0105, u\u017etikrindama [&hellip;]<\/p>\n","protected":false},"featured_media":15816,"comment_status":"open","ping_status":"closed","template":"","meta":[],"product_brand":[],"product_cat":[192,201,217],"product_tag":[],"class_list":{"0":"post-15818","1":"product","2":"type-product","3":"status-publish","4":"has-post-thumbnail","6":"product_cat-naujienos","7":"product_cat-skausmo-malsinimas","8":"product_cat-sveikatos-prieziura","10":"first","11":"instock","12":"shipping-taxable","13":"purchasable","14":"product-type-simple"},"_links":{"self":[{"href":"https:\/\/beautysba.co.uk\/lt\/wp-json\/wp\/v2\/product\/15818","targetHints":{"allow":["GET"]}}],"collection":[{"href":"https:\/\/beautysba.co.uk\/lt\/wp-json\/wp\/v2\/product"}],"about":[{"href":"https:\/\/beautysba.co.uk\/lt\/wp-json\/wp\/v2\/types\/product"}],"replies":[{"embeddable":true,"href":"https:\/\/beautysba.co.uk\/lt\/wp-json\/wp\/v2\/comments?post=15818"}],"wp:featuredmedia":[{"embeddable":true,"href":"https:\/\/beautysba.co.uk\/lt\/wp-json\/wp\/v2\/media\/15816"}],"wp:attachment":[{"href":"https:\/\/beautysba.co.uk\/lt\/wp-json\/wp\/v2\/media?parent=15818"}],"wp:term":[{"taxonomy":"product_brand","embeddable":true,"href":"https:\/\/beautysba.co.uk\/lt\/wp-json\/wp\/v2\/product_brand?post=15818"},{"taxonomy":"product_cat","embeddable":true,"href":"https:\/\/beautysba.co.uk\/lt\/wp-json\/wp\/v2\/product_cat?post=15818"},{"taxonomy":"product_tag","embeddable":true,"href":"https:\/\/beautysba.co.uk\/lt\/wp-json\/wp\/v2\/product_tag?post=15818"}],"curies":[{"name":"wp","href":"https:\/\/api.w.org\/{rel}","templated":true}]}}