{"id":15824,"date":"2025-03-13T08:39:41","date_gmt":"2025-03-13T08:39:41","guid":{"rendered":"https:\/\/beautysba.co.uk\/product\/%d0%b3%d0%b5%d0%bb%d1%8c-%d0%b1%d0%b0%d0%bb%d1%8c%d0%b7%d0%b0%d0%bc-8-%d1%82%d1%80%d0%b0%d0%b2-%d0%bf%d1%80%d0%b8-%d1%80%d0%b0%d0%bd%d0%b0%d1%85-%d0%b8-%d0%be%d0%b6%d0%be%d0%b3%d0%b0%d1%85-40g-%d0%bd\/"},"modified":"2025-03-13T09:43:51","modified_gmt":"2025-03-13T09:43:51","slug":"%d0%b3%d0%b5%d0%bb%d1%8c-%d0%b1%d0%b0%d0%bb%d1%8c%d0%b7%d0%b0%d0%bc-8-%d1%82%d1%80%d0%b0%d0%b2-%d0%bf%d1%80%d0%b8-%d1%80%d0%b0%d0%bd%d0%b0%d1%85-%d0%b8-%d0%be%d0%b6%d0%be%d0%b3%d0%b0%d1%85-40g-%d0%bd","status":"publish","type":"product","link":"https:\/\/beautysba.co.uk\/lt\/produktas\/%d0%b3%d0%b5%d0%bb%d1%8c-%d0%b1%d0%b0%d0%bb%d1%8c%d0%b7%d0%b0%d0%bc-8-%d1%82%d1%80%d0%b0%d0%b2-%d0%bf%d1%80%d0%b8-%d1%80%d0%b0%d0%bd%d0%b0%d1%85-%d0%b8-%d0%be%d0%b6%d0%be%d0%b3%d0%b0%d1%85-40g-%d0%bd\/","title":{"rendered":"Gelis-balzamas 8 vaista\u017eol\u0117s \u017eaizdoms ir nudegimams gydyti 40g Liaudies gydytojas"},"content":{"rendered":"<p>Prek\u0117s \u017eenklo &#8220;Folk Healer&#8221; gelinis balzamas \u017eaizdoms ir nudegimams pad\u0117s jums apsaugoti savo kasdien\u012f gyvenim\u0105 nuo smulki\u0173 nelaimi\u0173 ir force majeure aplinkybi\u0173. Universalus produktas pasi\u017eymi veiksmingu nuskausminamuoju poveikiu, skatina ankstyv\u0105 pa\u017eeistos odos atsistatym\u0105, pagreitina jos gijim\u0105. D\u0117l didelio kiekio pantenolio, vitamin\u0173 ir glicerino sudirg\u0119s epidermis atsikrato ne tik skausming\u0173 simptom\u0173, bet ir smulki\u0173 tr\u016bkum\u0173, kuriuos i\u0161provokavo agresyvus i\u0161orini\u0173 veiksni\u0173 poveikis.  <\/p>\n<p>\u017daizd\u0173 ir nudegim\u0173 gelio balzamas i\u0161 &#8220;Liaudies gydytojo&#8221;:<\/p>\n<p>&#8211; atlieka aktyvias gydom\u0105sias ir profilaktines funkcijas;<br \/>\n&#8211; pagamintas vaistini\u0173 augal\u0173 ekstrakt\u0173 pagrindu;<br \/>\n&#8211; gali b\u016bti naudojamas terminiams, saul\u0117s ir kit\u0173 r\u016b\u0161i\u0173 nudegimams gydyti;<br \/>\n&#8211; tinka odai atstatyti nu\u0161alim\u0173 atveju;<br \/>\n&#8211; apsaugo nuo p\u016bsli\u0173 ir rand\u0173;<br \/>\n&#8211; gerai maitina ir dr\u0117kina epiderm\u012f;<br \/>\n&#8211; \u0161velniai mink\u0161tina \u0161iurk\u0161\u010dias jo vietas;<br \/>\n&#8211; skatina audini\u0173 regeneracij\u0105 ir l\u0105steli\u0173 atsinaujinim\u0105;<br \/>\n&#8211; sud\u0117tyje yra vitamin\u0173 A, E, jona\u017eol\u0117s, arkliar\u016bg\u0161t\u0117s, pakalnut\u0117s ir pu\u0161ies aliejin\u0117s dervos ekstrakt\u0173;<br \/>\n&#8211; citrin\u0173 eterinis aliejus gerai gaivina ir tonizuoja;<br \/>\n&#8211; pa\u0161alina skausmingus ir nemalonius poj\u016b\u010dius;<br \/>\n&#8211; pasi\u017eymi \u017eaizdas gydan\u010diu poveikiu.<\/p>\n","protected":false},"excerpt":{"rendered":"<p>Prek\u0117s \u017eenklo &#8220;Folk Healer&#8221; gelinis balzamas \u017eaizdoms ir nudegimams pad\u0117s jums apsaugoti savo kasdien\u012f gyvenim\u0105 nuo smulki\u0173 nelaimi\u0173 ir force majeure aplinkybi\u0173. Universalus produktas pasi\u017eymi veiksmingu nuskausminamuoju poveikiu, skatina ankstyv\u0105 pa\u017eeistos odos atsistatym\u0105, pagreitina jos gijim\u0105. D\u0117l didelio kiekio pantenolio, vitamin\u0173 ir glicerino sudirg\u0119s epidermis atsikrato ne tik skausming\u0173 simptom\u0173, bet ir smulki\u0173 tr\u016bkum\u0173, kuriuos [&hellip;]<\/p>\n","protected":false},"featured_media":15822,"comment_status":"open","ping_status":"closed","template":"","meta":[],"product_brand":[],"product_cat":[218,192,217],"product_tag":[],"class_list":{"0":"post-15824","1":"product","2":"type-product","3":"status-publish","4":"has-post-thumbnail","6":"product_cat-kuno-prieziura","7":"product_cat-naujienos","8":"product_cat-sveikatos-prieziura","10":"first","11":"instock","12":"shipping-taxable","13":"purchasable","14":"product-type-simple"},"_links":{"self":[{"href":"https:\/\/beautysba.co.uk\/lt\/wp-json\/wp\/v2\/product\/15824","targetHints":{"allow":["GET"]}}],"collection":[{"href":"https:\/\/beautysba.co.uk\/lt\/wp-json\/wp\/v2\/product"}],"about":[{"href":"https:\/\/beautysba.co.uk\/lt\/wp-json\/wp\/v2\/types\/product"}],"replies":[{"embeddable":true,"href":"https:\/\/beautysba.co.uk\/lt\/wp-json\/wp\/v2\/comments?post=15824"}],"wp:featuredmedia":[{"embeddable":true,"href":"https:\/\/beautysba.co.uk\/lt\/wp-json\/wp\/v2\/media\/15822"}],"wp:attachment":[{"href":"https:\/\/beautysba.co.uk\/lt\/wp-json\/wp\/v2\/media?parent=15824"}],"wp:term":[{"taxonomy":"product_brand","embeddable":true,"href":"https:\/\/beautysba.co.uk\/lt\/wp-json\/wp\/v2\/product_brand?post=15824"},{"taxonomy":"product_cat","embeddable":true,"href":"https:\/\/beautysba.co.uk\/lt\/wp-json\/wp\/v2\/product_cat?post=15824"},{"taxonomy":"product_tag","embeddable":true,"href":"https:\/\/beautysba.co.uk\/lt\/wp-json\/wp\/v2\/product_tag?post=15824"}],"curies":[{"name":"wp","href":"https:\/\/api.w.org\/{rel}","templated":true}]}}