{"id":15830,"date":"2025-03-13T08:41:31","date_gmt":"2025-03-13T08:41:31","guid":{"rendered":"https:\/\/beautysba.co.uk\/product\/%d0%b3%d0%b8%d0%bc%d0%b0%d0%bb%d0%b0%d0%b9%d1%81%d0%ba%d0%be%d0%b5-%d0%bc%d1%83%d0%bc%d0%b8%d0%b5-%d1%8d%d0%ba%d1%81%d1%82%d1%80%d0%b0%d0%ba%d1%82-500%d0%bc%d0%b3-60%d0%ba%d0%b0%d0%bf%d1%81-herbin\/"},"modified":"2025-03-13T09:43:59","modified_gmt":"2025-03-13T09:43:59","slug":"%d0%b3%d0%b8%d0%bc%d0%b0%d0%bb%d0%b0%d0%b9%d1%81%d0%ba%d0%be%d0%b5-%d0%bc%d1%83%d0%bc%d0%b8%d0%b5-%d1%8d%d0%ba%d1%81%d1%82%d1%80%d0%b0%d0%ba%d1%82-500%d0%bc%d0%b3-60%d0%ba%d0%b0%d0%bf%d1%81-herbin","status":"publish","type":"product","link":"https:\/\/beautysba.co.uk\/lt\/produktas\/%d0%b3%d0%b8%d0%bc%d0%b0%d0%bb%d0%b0%d0%b9%d1%81%d0%ba%d0%be%d0%b5-%d0%bc%d1%83%d0%bc%d0%b8%d0%b5-%d1%8d%d0%ba%d1%81%d1%82%d1%80%d0%b0%d0%ba%d1%82-500%d0%bc%d0%b3-60%d0%ba%d0%b0%d0%bf%d1%81-herbin\/","title":{"rendered":"Himalaj\u0173 \u0161ila\u017eito ekstraktas 500mg, 60 kapsuli\u0173 &#8211; Herbin"},"content":{"rendered":"<p>Sudedamosios dalys: i\u0161grynintas mumijos (Asphaltum Panjabinum) ekstraktas, kapsul\u0117s apvalkalas: hidroksipropilmetilceliulioz\u0117, vanduo.<\/p>\n<p>1 kapsul\u0117je yra: 500 mg i\u0161gryninto mumijos ekstrakto (Asphaltum Panjabinum).<\/p>\n<p>Vartojimas: suaugusiesiems rekomenduojama vartoti po 1 kapsul\u0119 per dien\u0105.<\/p>\n<p>Tinka veganams.<\/p>\n<p>Nevir\u0161ykite rekomenduojamos doz\u0117s. Maisto papildas netur\u0117t\u0173 b\u016bti vartojamas kaip maisto pakaitalas. <\/p>\n<p>Svarbu \u012fvairi ir subalansuota mityba bei sveikas gyvenimo b\u016bdas.<\/p>\n<p>Laikykite sausoje, v\u0117sioje vietoje, ne auk\u0161tesn\u0117je kaip +25 \u00b0C temperat\u016broje, vaikams nepasiekiamoje vietoje.<\/p>\n<p>Grynasis svoris: 36 g<\/p>\n","protected":false},"excerpt":{"rendered":"<p>Sudedamosios dalys: i\u0161grynintas mumijos (Asphaltum Panjabinum) ekstraktas, kapsul\u0117s apvalkalas: hidroksipropilmetilceliulioz\u0117, vanduo. 1 kapsul\u0117je yra: 500 mg i\u0161gryninto mumijos ekstrakto (Asphaltum Panjabinum). Vartojimas: suaugusiesiems rekomenduojama vartoti po 1 kapsul\u0119 per dien\u0105. Tinka veganams. Nevir\u0161ykite rekomenduojamos doz\u0117s. Maisto papildas netur\u0117t\u0173 b\u016bti vartojamas kaip maisto pakaitalas. Svarbu \u012fvairi ir subalansuota mityba bei sveikas gyvenimo b\u016bdas. Laikykite sausoje, v\u0117sioje [&hellip;]<\/p>\n","protected":false},"featured_media":15828,"comment_status":"open","ping_status":"closed","template":"","meta":[],"product_brand":[],"product_cat":[192,217,220],"product_tag":[],"class_list":{"0":"post-15830","1":"product","2":"type-product","3":"status-publish","4":"has-post-thumbnail","6":"product_cat-naujienos","7":"product_cat-sveikatos-prieziura","8":"product_cat-zarnyno-sveikata","10":"first","11":"instock","12":"shipping-taxable","13":"purchasable","14":"product-type-simple"},"_links":{"self":[{"href":"https:\/\/beautysba.co.uk\/lt\/wp-json\/wp\/v2\/product\/15830","targetHints":{"allow":["GET"]}}],"collection":[{"href":"https:\/\/beautysba.co.uk\/lt\/wp-json\/wp\/v2\/product"}],"about":[{"href":"https:\/\/beautysba.co.uk\/lt\/wp-json\/wp\/v2\/types\/product"}],"replies":[{"embeddable":true,"href":"https:\/\/beautysba.co.uk\/lt\/wp-json\/wp\/v2\/comments?post=15830"}],"wp:featuredmedia":[{"embeddable":true,"href":"https:\/\/beautysba.co.uk\/lt\/wp-json\/wp\/v2\/media\/15828"}],"wp:attachment":[{"href":"https:\/\/beautysba.co.uk\/lt\/wp-json\/wp\/v2\/media?parent=15830"}],"wp:term":[{"taxonomy":"product_brand","embeddable":true,"href":"https:\/\/beautysba.co.uk\/lt\/wp-json\/wp\/v2\/product_brand?post=15830"},{"taxonomy":"product_cat","embeddable":true,"href":"https:\/\/beautysba.co.uk\/lt\/wp-json\/wp\/v2\/product_cat?post=15830"},{"taxonomy":"product_tag","embeddable":true,"href":"https:\/\/beautysba.co.uk\/lt\/wp-json\/wp\/v2\/product_tag?post=15830"}],"curies":[{"name":"wp","href":"https:\/\/api.w.org\/{rel}","templated":true}]}}