{"id":15836,"date":"2025-03-13T08:43:37","date_gmt":"2025-03-13T08:43:37","guid":{"rendered":"https:\/\/beautysba.co.uk\/product\/%d0%ba%d1%80%d0%b5%d0%bc-%d0%b1%d0%b0%d0%bb%d1%8c%d0%b7%d0%b0%d0%bc-%d0%b4%d0%bb%d1%8f-%d1%81%d1%82%d0%be%d0%bf-%d0%be%d1%82-%d1%82%d1%80%d0%b5%d1%89%d0%b8%d0%bd-%d1%81-%d1%8d%d0%ba%d1%81%d1%82%d1%80\/"},"modified":"2025-03-13T09:41:52","modified_gmt":"2025-03-13T09:41:52","slug":"%d0%ba%d1%80%d0%b5%d0%bc-%d0%b1%d0%b0%d0%bb%d1%8c%d0%b7%d0%b0%d0%bc-%d0%b4%d0%bb%d1%8f-%d1%81%d1%82%d0%be%d0%bf-%d0%be%d1%82-%d1%82%d1%80%d0%b5%d1%89%d0%b8%d0%bd-%d1%81-%d1%8d%d0%ba%d1%81%d1%82%d1%80","status":"publish","type":"product","link":"https:\/\/beautysba.co.uk\/lt\/produktas\/%d0%ba%d1%80%d0%b5%d0%bc-%d0%b1%d0%b0%d0%bb%d1%8c%d0%b7%d0%b0%d0%bc-%d0%b4%d0%bb%d1%8f-%d1%81%d1%82%d0%be%d0%bf-%d0%be%d1%82-%d1%82%d1%80%d0%b5%d1%89%d0%b8%d0%bd-%d1%81-%d1%8d%d0%ba%d1%81%d1%82%d1%80\/","title":{"rendered":"Kremas-balzamas p\u0117doms nuo \u012ftr\u016bkim\u0173 su Sophora japonica ekstraktu 10g Healer cosmetics"},"content":{"rendered":"<p>Nepatogi avalyn\u0117, ilgo vaik\u0161\u010diojimo \u012ftampa, \u012fvairios kenksmingos bakterijos sukelia p\u0117d\u0173 odos \u0161iurk\u0161t\u0117jim\u0105, \u012ftr\u016bkim\u0173 ir grybelio atsiradim\u0105, o kartu ir nie\u017eul\u012f bei nemalon\u0173 kvap\u0105. Susiduriate su tokiomis problemomis? Naudokite krem\u0105-balzam\u0105 p\u0117doms nuo \u012ftr\u016bkim\u0173 su japoninio \u0161lamu\u010dio (Sophora japonica) ekstraktu i\u0161 ukrainie\u010di\u0173 prek\u0117s \u017eenklo &#8220;Healer Cosmetics&#8221;, ir jas greitai i\u0161spr\u0119site! Tik nat\u016brali\u0173 ingredient\u0173 pagrindu sukurta formul\u0117 pasi\u017eymi stipriomis antibakterin\u0117mis ir regeneruojan\u010diomis savyb\u0117mis, tod\u0117l per trumpiausi\u0105 laik\u0105 normalizuoja odos b\u016bkl\u0119.   <\/p>\n<p>Kremas-balzamas p\u0117doms nuo \u012ftr\u016bkim\u0173 su Sophora japonica ekstraktu i\u0161 Healer Cosmetics prek\u0117s \u017eenklo:<\/p>\n<p>&#8211; formul\u0117 praturtinta japoninio \u0161lamu\u010dio, jona\u017eol\u0117s, medetk\u0173, ramun\u0117li\u0173, levand\u0173, rozmarin\u0173 ir eukalipt\u0173 aliejais, taip pat vitaminais A ir E;<br \/>\n&#8211; mink\u0161tina \u0161iurk\u0161\u010di\u0105 od\u0105;<br \/>\n&#8211; didina epidermio elastingum\u0105;<br \/>\n&#8211; spartina regeneracijos procesus;<br \/>\n&#8211; stimuliuoja mikro\u012ftr\u016bkim\u0173 gijim\u0105 ir u\u017ekerta keli\u0105 tolesniam j\u0173 atsiradimui;<br \/>\n&#8211; pasi\u017eymi antibakteriniu poveikiu;<br \/>\n&#8211; veiksmingai kovoja su grybelin\u0117mis ligomis;<br \/>\n&#8211; pa\u0161alina nemalon\u0173 kvap\u0105;<br \/>\n&#8211; ma\u017eina koj\u0173 patinim\u0105 ir nuovarg\u012f;<br \/>\n&#8211; gali naudoti n\u0117\u0161\u010dios ir maitinan\u010dios moterys, taip pat diabetikai.<\/p>\n","protected":false},"excerpt":{"rendered":"<p>Nepatogi avalyn\u0117, ilgo vaik\u0161\u010diojimo \u012ftampa, \u012fvairios kenksmingos bakterijos sukelia p\u0117d\u0173 odos \u0161iurk\u0161t\u0117jim\u0105, \u012ftr\u016bkim\u0173 ir grybelio atsiradim\u0105, o kartu ir nie\u017eul\u012f bei nemalon\u0173 kvap\u0105. Susiduriate su tokiomis problemomis? Naudokite krem\u0105-balzam\u0105 p\u0117doms nuo \u012ftr\u016bkim\u0173 su japoninio \u0161lamu\u010dio (Sophora japonica) ekstraktu i\u0161 ukrainie\u010di\u0173 prek\u0117s \u017eenklo &#8220;Healer Cosmetics&#8221;, ir jas greitai i\u0161spr\u0119site! Tik nat\u016brali\u0173 ingredient\u0173 pagrindu sukurta formul\u0117 pasi\u017eymi [&hellip;]<\/p>\n","protected":false},"featured_media":15834,"comment_status":"open","ping_status":"closed","template":"","meta":[],"product_brand":[],"product_cat":[119,192,219,123,217],"product_tag":[],"class_list":{"0":"post-15836","1":"product","2":"type-product","3":"status-publish","4":"has-post-thumbnail","6":"product_cat-kuno-produktai","7":"product_cat-naujienos","8":"product_cat-pedu-prieziura-lt","9":"product_cat-pedu-prieziura","10":"product_cat-sveikatos-prieziura","12":"first","13":"instock","14":"shipping-taxable","15":"purchasable","16":"product-type-simple"},"_links":{"self":[{"href":"https:\/\/beautysba.co.uk\/lt\/wp-json\/wp\/v2\/product\/15836","targetHints":{"allow":["GET"]}}],"collection":[{"href":"https:\/\/beautysba.co.uk\/lt\/wp-json\/wp\/v2\/product"}],"about":[{"href":"https:\/\/beautysba.co.uk\/lt\/wp-json\/wp\/v2\/types\/product"}],"replies":[{"embeddable":true,"href":"https:\/\/beautysba.co.uk\/lt\/wp-json\/wp\/v2\/comments?post=15836"}],"wp:featuredmedia":[{"embeddable":true,"href":"https:\/\/beautysba.co.uk\/lt\/wp-json\/wp\/v2\/media\/15834"}],"wp:attachment":[{"href":"https:\/\/beautysba.co.uk\/lt\/wp-json\/wp\/v2\/media?parent=15836"}],"wp:term":[{"taxonomy":"product_brand","embeddable":true,"href":"https:\/\/beautysba.co.uk\/lt\/wp-json\/wp\/v2\/product_brand?post=15836"},{"taxonomy":"product_cat","embeddable":true,"href":"https:\/\/beautysba.co.uk\/lt\/wp-json\/wp\/v2\/product_cat?post=15836"},{"taxonomy":"product_tag","embeddable":true,"href":"https:\/\/beautysba.co.uk\/lt\/wp-json\/wp\/v2\/product_tag?post=15836"}],"curies":[{"name":"wp","href":"https:\/\/api.w.org\/{rel}","templated":true}]}}