{"id":15842,"date":"2025-03-13T08:46:02","date_gmt":"2025-03-13T08:46:02","guid":{"rendered":"https:\/\/beautysba.co.uk\/product\/%d0%ba%d1%80%d0%b5%d0%bc-%d0%b1%d0%b0%d0%bb%d1%8c%d0%b7%d0%b0%d0%bc-%d0%be%d1%82-%d1%88%d1%80%d0%b0%d0%bc%d0%be%d0%b2-%d0%b8-%d1%80%d1%83%d0%b1%d1%86%d0%be%d0%b2-10g-healer-cosmetics\/"},"modified":"2025-03-13T09:41:54","modified_gmt":"2025-03-13T09:41:54","slug":"%d0%ba%d1%80%d0%b5%d0%bc-%d0%b1%d0%b0%d0%bb%d1%8c%d0%b7%d0%b0%d0%bc-%d0%be%d1%82-%d1%88%d1%80%d0%b0%d0%bc%d0%be%d0%b2-%d0%b8-%d1%80%d1%83%d0%b1%d1%86%d0%be%d0%b2-10g-healer-cosmetics","status":"publish","type":"product","link":"https:\/\/beautysba.co.uk\/lt\/produktas\/%d0%ba%d1%80%d0%b5%d0%bc-%d0%b1%d0%b0%d0%bb%d1%8c%d0%b7%d0%b0%d0%bc-%d0%be%d1%82-%d1%88%d1%80%d0%b0%d0%bc%d0%be%d0%b2-%d0%b8-%d1%80%d1%83%d0%b1%d1%86%d0%be%d0%b2-10g-healer-cosmetics\/","title":{"rendered":"Kremas-balzamas randams ir nubrozdinimams 10g Healer Cosmetics"},"content":{"rendered":"<p>Kasdieniame gyvenime kartkart\u0117mis pasitaiko nemaloni\u0173 situacij\u0173, kurios palieka randus ant k\u016bno. Tai gali b\u016bti susilau\u017eytas vaiko kelis arba suaugusiojo \u012fsipjautas pir\u0161tas gaminant vakarien\u0119. \u0160i problema ypa\u010d aktuali tiems, kurie namuose laiko naminius gyv\u016bnus su nagais. Kad randai grei\u010diau i\u0161nykt\u0173 arba b\u016bt\u0173 bent jau ma\u017eiau pastebimi, ukrainie\u010di\u0173 prek\u0117s \u017eenklo &#8220;Healer Cosmetics&#8221; meistrai suk\u016br\u0117 special\u0173 krem\u0105-balzam\u0105.   <\/p>\n<p>\u012eranga kremas-balzamas randams ir nubrozdinimams i\u0161 prek\u0117s \u017eenklo &#8220;Healer Cosmetics&#8221;:<\/p>\n<p>&#8211; nat\u016bralios sud\u0117ties (\u017e\u0105s\u0173 taukai, ceresinas, vazelinas, nat\u016brali\u0173 aliej\u0173 kompleksas, augaliniai ekstraktai ir biologi\u0161kai aktyv\u016bs komponentai);<br \/>\n&#8211; formul\u0117 praturtinta vitaminais A, E ir B;<br \/>\n&#8211; tinka n\u0117\u0161\u010diosioms, maitinan\u010dioms moterims ir vaikams;<br \/>\n&#8211; skatina aktyvi\u0105 audini\u0173 regeneracij\u0105;<br \/>\n&#8211; mink\u0161tina randus ir daro juos ma\u017eiau pastebimus;<br \/>\n&#8211; tinka vis\u0173 tip\u0173 odai.<\/p>\n","protected":false},"excerpt":{"rendered":"<p>Kasdieniame gyvenime kartkart\u0117mis pasitaiko nemaloni\u0173 situacij\u0173, kurios palieka randus ant k\u016bno. Tai gali b\u016bti susilau\u017eytas vaiko kelis arba suaugusiojo \u012fsipjautas pir\u0161tas gaminant vakarien\u0119. \u0160i problema ypa\u010d aktuali tiems, kurie namuose laiko naminius gyv\u016bnus su nagais. Kad randai grei\u010diau i\u0161nykt\u0173 arba b\u016bt\u0173 bent jau ma\u017eiau pastebimi, ukrainie\u010di\u0173 prek\u0117s \u017eenklo &#8220;Healer Cosmetics&#8221; meistrai suk\u016br\u0117 special\u0173 krem\u0105-balzam\u0105. \u012eranga [&hellip;]<\/p>\n","protected":false},"featured_media":15840,"comment_status":"open","ping_status":"closed","template":"","meta":[],"product_brand":[],"product_cat":[218,192,128,217,127],"product_tag":[],"class_list":{"0":"post-15842","1":"product","2":"type-product","3":"status-publish","4":"has-post-thumbnail","6":"product_cat-kuno-prieziura","7":"product_cat-naujienos","8":"product_cat-spuogu-demiu-gydymas","9":"product_cat-sveikatos-prieziura","10":"product_cat-veidas","12":"first","13":"instock","14":"shipping-taxable","15":"purchasable","16":"product-type-simple"},"_links":{"self":[{"href":"https:\/\/beautysba.co.uk\/lt\/wp-json\/wp\/v2\/product\/15842","targetHints":{"allow":["GET"]}}],"collection":[{"href":"https:\/\/beautysba.co.uk\/lt\/wp-json\/wp\/v2\/product"}],"about":[{"href":"https:\/\/beautysba.co.uk\/lt\/wp-json\/wp\/v2\/types\/product"}],"replies":[{"embeddable":true,"href":"https:\/\/beautysba.co.uk\/lt\/wp-json\/wp\/v2\/comments?post=15842"}],"wp:featuredmedia":[{"embeddable":true,"href":"https:\/\/beautysba.co.uk\/lt\/wp-json\/wp\/v2\/media\/15840"}],"wp:attachment":[{"href":"https:\/\/beautysba.co.uk\/lt\/wp-json\/wp\/v2\/media?parent=15842"}],"wp:term":[{"taxonomy":"product_brand","embeddable":true,"href":"https:\/\/beautysba.co.uk\/lt\/wp-json\/wp\/v2\/product_brand?post=15842"},{"taxonomy":"product_cat","embeddable":true,"href":"https:\/\/beautysba.co.uk\/lt\/wp-json\/wp\/v2\/product_cat?post=15842"},{"taxonomy":"product_tag","embeddable":true,"href":"https:\/\/beautysba.co.uk\/lt\/wp-json\/wp\/v2\/product_tag?post=15842"}],"curies":[{"name":"wp","href":"https:\/\/api.w.org\/{rel}","templated":true}]}}