{"id":15854,"date":"2025-03-13T08:50:43","date_gmt":"2025-03-13T08:50:43","guid":{"rendered":"https:\/\/beautysba.co.uk\/product\/%d0%ba%d0%be%d0%bc%d0%bf%d0%bb%d0%b5%d0%ba%d1%81-%d0%b4%d0%bb%d1%8f-%d0%b7%d0%b4%d0%be%d1%80%d0%be%d0%b2%d1%8c%d1%8f-%d0%bf%d0%b5%d1%87%d0%b5%d0%bd%d0%b8-essetivum-gold-%d0%ba%d0%b0%d0%bf%d1%81\/"},"modified":"2025-03-13T09:41:53","modified_gmt":"2025-03-13T09:41:53","slug":"%d0%ba%d0%be%d0%bc%d0%bf%d0%bb%d0%b5%d0%ba%d1%81-%d0%b4%d0%bb%d1%8f-%d0%b7%d0%b4%d0%be%d1%80%d0%be%d0%b2%d1%8c%d1%8f-%d0%bf%d0%b5%d1%87%d0%b5%d0%bd%d0%b8-essetivum-gold-%d0%ba%d0%b0%d0%bf%d1%81","status":"publish","type":"product","link":"https:\/\/beautysba.co.uk\/lt\/produktas\/%d0%ba%d0%be%d0%bc%d0%bf%d0%bb%d0%b5%d0%ba%d1%81-%d0%b4%d0%bb%d1%8f-%d0%b7%d0%b4%d0%be%d1%80%d0%be%d0%b2%d1%8c%d1%8f-%d0%bf%d0%b5%d1%87%d0%b5%d0%bd%d0%b8-essetivum-gold-%d0%ba%d0%b0%d0%bf%d1%81\/","title":{"rendered":"Kompleksas kepen\u0173 sveikatai &#8220;Essetivum gold&#8221; kapsul\u0117s N50 &#8211; ALG PHARMA"},"content":{"rendered":"<p>&#8220;Essetivum Gold&#8221; yra auk\u0161tos kokyb\u0117s produktas, kurio sud\u0117tyje yra specialiai atrinkt\u0173 veikli\u0173j\u0173 med\u017eiag\u0173, nauding\u0173 vir\u0161kinimui, kepenims ir tul\u017eies takams. Tai maisto papildas, \u012f kurio sud\u0117t\u012f, be kita ko, \u012feina soj\u0173 fosfolipidai, kuri\u0173 sud\u0117tyje yra cholino ir fosfatidilcholino. <\/p>\n<p>Rekomenduojamas vartojimas:<\/p>\n<p>Rekomenduojama suvartoti 2 kapsules per par\u0105, kad b\u016bt\u0173 pasiektas teigiamas produkto poveikis. Vartokite po 1 kapsul\u0119 du kartus per dien\u0105 arba 2 kapsules vien\u0105 kart\u0105 valgio metu, u\u017egerdami vandeniu. <\/p>\n<p>Sudedamosios dalys: soj\u0173 fosfolipidai, kuri\u0173 sud\u0117tyje yra cholino, \u017eelatina (kapsul\u0117s sudedamoji dalis), u\u017epildas (mikrokristalin\u0117 celiulioz\u0117), lipnum\u0105 reguliuojanti med\u017eiaga (riebal\u0173 r\u016bg\u0161\u010di\u0173 magnio druskos), l-ornitinas (l-ornitino l-aspartatas), da\u017eiklis (gele\u017eies oksidai ir hidroksidai). ), vitaminas B2 (riboflavinas), vitaminas B6 (piridoksino hidrochloridas), da\u017eiklis (titano dioksidas). <\/p>\n","protected":false},"excerpt":{"rendered":"<p>&#8220;Essetivum Gold&#8221; yra auk\u0161tos kokyb\u0117s produktas, kurio sud\u0117tyje yra specialiai atrinkt\u0173 veikli\u0173j\u0173 med\u017eiag\u0173, nauding\u0173 vir\u0161kinimui, kepenims ir tul\u017eies takams. Tai maisto papildas, \u012f kurio sud\u0117t\u012f, be kita ko, \u012feina soj\u0173 fosfolipidai, kuri\u0173 sud\u0117tyje yra cholino ir fosfatidilcholino. Rekomenduojamas vartojimas: Rekomenduojama suvartoti 2 kapsules per par\u0105, kad b\u016bt\u0173 pasiektas teigiamas produkto poveikis. Vartokite po 1 kapsul\u0119 [&hellip;]<\/p>\n","protected":false},"featured_media":15852,"comment_status":"open","ping_status":"closed","template":"","meta":[],"product_brand":[],"product_cat":[217,220],"product_tag":[],"class_list":{"0":"post-15854","1":"product","2":"type-product","3":"status-publish","4":"has-post-thumbnail","6":"product_cat-sveikatos-prieziura","7":"product_cat-zarnyno-sveikata","9":"first","10":"outofstock","11":"shipping-taxable","12":"purchasable","13":"product-type-simple"},"_links":{"self":[{"href":"https:\/\/beautysba.co.uk\/lt\/wp-json\/wp\/v2\/product\/15854","targetHints":{"allow":["GET"]}}],"collection":[{"href":"https:\/\/beautysba.co.uk\/lt\/wp-json\/wp\/v2\/product"}],"about":[{"href":"https:\/\/beautysba.co.uk\/lt\/wp-json\/wp\/v2\/types\/product"}],"replies":[{"embeddable":true,"href":"https:\/\/beautysba.co.uk\/lt\/wp-json\/wp\/v2\/comments?post=15854"}],"wp:featuredmedia":[{"embeddable":true,"href":"https:\/\/beautysba.co.uk\/lt\/wp-json\/wp\/v2\/media\/15852"}],"wp:attachment":[{"href":"https:\/\/beautysba.co.uk\/lt\/wp-json\/wp\/v2\/media?parent=15854"}],"wp:term":[{"taxonomy":"product_brand","embeddable":true,"href":"https:\/\/beautysba.co.uk\/lt\/wp-json\/wp\/v2\/product_brand?post=15854"},{"taxonomy":"product_cat","embeddable":true,"href":"https:\/\/beautysba.co.uk\/lt\/wp-json\/wp\/v2\/product_cat?post=15854"},{"taxonomy":"product_tag","embeddable":true,"href":"https:\/\/beautysba.co.uk\/lt\/wp-json\/wp\/v2\/product_tag?post=15854"}],"curies":[{"name":"wp","href":"https:\/\/api.w.org\/{rel}","templated":true}]}}