{"id":15866,"date":"2025-03-13T08:55:34","date_gmt":"2025-03-13T08:55:34","guid":{"rendered":"https:\/\/beautysba.co.uk\/product\/%d0%b4%d0%b5%d0%b3%d1%82%d1%8f%d1%80%d0%bd%d0%be%d0%b5-%d0%bc%d1%8b%d0%bb%d0%be-%d1%82%d0%b2%d0%b5%d1%80%d0%b4%d0%be%d0%b5-%d0%bd%d0%b0%d1%82%d1%83%d1%80%d0%b0%d0%bb%d1%8c%d0%bd%d0%be%d0%b5-80-%d0%b3\/"},"modified":"2025-03-13T09:41:23","modified_gmt":"2025-03-13T09:41:23","slug":"%d0%b4%d0%b5%d0%b3%d1%82%d1%8f%d1%80%d0%bd%d0%be%d0%b5-%d0%bc%d1%8b%d0%bb%d0%be-%d1%82%d0%b2%d0%b5%d1%80%d0%b4%d0%be%d0%b5-%d0%bd%d0%b0%d1%82%d1%83%d1%80%d0%b0%d0%bb%d1%8c%d0%bd%d0%be%d0%b5-80-%d0%b3","status":"publish","type":"product","link":"https:\/\/beautysba.co.uk\/lt\/produktas\/%d0%b4%d0%b5%d0%b3%d1%82%d1%8f%d1%80%d0%bd%d0%be%d0%b5-%d0%bc%d1%8b%d0%bb%d0%be-%d1%82%d0%b2%d0%b5%d1%80%d0%b4%d0%be%d0%b5-%d0%bd%d0%b0%d1%82%d1%83%d1%80%d0%b0%d0%bb%d1%8c%d0%bd%d0%be%d0%b5-80-%d0%b3\/","title":{"rendered":"DEGTYAR nat\u016bralus kietasis muilas, 80 g Aroma Saules"},"content":{"rendered":"<p>RANKINIS DARBAS<\/p>\n<p>Ber\u017e\u0173 derva &#8211; nat\u016bralus komponentas, gaunamas i\u0161 ber\u017eo \u017eiev\u0117s, skatina epidermio regeneracij\u0105, stimuliuoja keratinizacijos procesus, gerina nat\u016bralias odos funkcijas. Normalizuoja riebalini\u0173 liauk\u0173 veikl\u0105, d\u017eiovina ir skatina odos pa\u017eeidim\u0173 gijim\u0105. Deguto sud\u0117tyje yra dezinfekuojamojo poveikio med\u017eiag\u0173.  <\/p>\n<p>&#8211; Be SLS<br \/>\n&#8211; Be konservant\u0173<br \/>\n&#8211; Be paraben\u0173<br \/>\n&#8211; Be da\u017eikli\u0173<\/p>\n<p>Sudedamosios dalys: glicerinas, vanduo, propilenglikolis, stearino r\u016bg\u0161tis, natrio laureto sulfatas, lauro r\u016bg\u0161tis, sorbitolis, natrio hidroksidas, natrio chloridas, sviesto sviestas Butyrospermum Parkii (Shea), oleum Rusci, citrinos r\u016bg\u0161tis, tetranatrio EDTA.<\/p>\n","protected":false},"excerpt":{"rendered":"<p>RANKINIS DARBAS Ber\u017e\u0173 derva &#8211; nat\u016bralus komponentas, gaunamas i\u0161 ber\u017eo \u017eiev\u0117s, skatina epidermio regeneracij\u0105, stimuliuoja keratinizacijos procesus, gerina nat\u016bralias odos funkcijas. Normalizuoja riebalini\u0173 liauk\u0173 veikl\u0105, d\u017eiovina ir skatina odos pa\u017eeidim\u0173 gijim\u0105. Deguto sud\u0117tyje yra dezinfekuojamojo poveikio med\u017eiag\u0173. &#8211; Be SLS &#8211; Be konservant\u0173 &#8211; Be paraben\u0173 &#8211; Be da\u017eikli\u0173 Sudedamosios dalys: glicerinas, vanduo, propilenglikolis, stearino [&hellip;]<\/p>\n","protected":false},"featured_media":15864,"comment_status":"open","ping_status":"closed","template":"","meta":[],"product_brand":[],"product_cat":[192,191,310],"product_tag":[],"class_list":{"0":"post-15866","1":"product","2":"type-product","3":"status-publish","4":"has-post-thumbnail","6":"product_cat-naujienos","7":"product_cat-tualeto-reikmenys","8":"product_cat----lt","10":"first","11":"instock","12":"shipping-taxable","13":"purchasable","14":"product-type-simple"},"_links":{"self":[{"href":"https:\/\/beautysba.co.uk\/lt\/wp-json\/wp\/v2\/product\/15866","targetHints":{"allow":["GET"]}}],"collection":[{"href":"https:\/\/beautysba.co.uk\/lt\/wp-json\/wp\/v2\/product"}],"about":[{"href":"https:\/\/beautysba.co.uk\/lt\/wp-json\/wp\/v2\/types\/product"}],"replies":[{"embeddable":true,"href":"https:\/\/beautysba.co.uk\/lt\/wp-json\/wp\/v2\/comments?post=15866"}],"wp:featuredmedia":[{"embeddable":true,"href":"https:\/\/beautysba.co.uk\/lt\/wp-json\/wp\/v2\/media\/15864"}],"wp:attachment":[{"href":"https:\/\/beautysba.co.uk\/lt\/wp-json\/wp\/v2\/media?parent=15866"}],"wp:term":[{"taxonomy":"product_brand","embeddable":true,"href":"https:\/\/beautysba.co.uk\/lt\/wp-json\/wp\/v2\/product_brand?post=15866"},{"taxonomy":"product_cat","embeddable":true,"href":"https:\/\/beautysba.co.uk\/lt\/wp-json\/wp\/v2\/product_cat?post=15866"},{"taxonomy":"product_tag","embeddable":true,"href":"https:\/\/beautysba.co.uk\/lt\/wp-json\/wp\/v2\/product_tag?post=15866"}],"curies":[{"name":"wp","href":"https:\/\/api.w.org\/{rel}","templated":true}]}}