{"id":15878,"date":"2025-03-13T09:03:33","date_gmt":"2025-03-13T09:03:33","guid":{"rendered":"https:\/\/beautysba.co.uk\/product\/%d1%81%d0%b5%d0%bb%d0%b5%d0%bd-%d1%84%d0%be%d1%80%d1%82%d0%b5-%d1%81-%d0%b2%d0%b8%d1%82%d0%b0%d0%bc%d0%b8%d0%bd%d0%be%d0%bc-%d1%81-n60-evalar\/"},"modified":"2025-03-13T09:41:21","modified_gmt":"2025-03-13T09:41:21","slug":"%d1%81%d0%b5%d0%bb%d0%b5%d0%bd-%d1%84%d0%be%d1%80%d1%82%d0%b5-%d1%81-%d0%b2%d0%b8%d1%82%d0%b0%d0%bc%d0%b8%d0%bd%d0%be%d0%bc-%d1%81-n60-evalar","status":"publish","type":"product","link":"https:\/\/beautysba.co.uk\/lt\/produktas\/%d1%81%d0%b5%d0%bb%d0%b5%d0%bd-%d1%84%d0%be%d1%80%d1%82%d0%b5-%d1%81-%d0%b2%d0%b8%d1%82%d0%b0%d0%bc%d0%b8%d0%bd%d0%be%d0%bc-%d1%81-n60-evalar\/","title":{"rendered":"Selenas forte su vitaminu C N60 Evalar"},"content":{"rendered":"<p>Selenas svarbus organizmo antioksidacinei, imuninei ir detoksikacinei apsauginei sistemai, palaiko \u0161irdies ir kraujagysli\u0173 veikl\u0105.  <\/p>\n<p>Ta\u010diau d\u0117l netinkamos mitybos, streso, blogos aplinkos, r\u016bkymo da\u017enai reikia papildom\u0173 seleno papild\u0173.<\/p>\n<p>Selenas yra mikroelementas, b\u016btinas organizmo gyvybinei veiklai, kurio kasdien su maistu reikia gauti pakankam\u0105 kiek\u012f (50-70 mcg).<\/p>\n<p>M\u016bs\u0173 organizmo antioksidacin\u0117 apsaugos sistema kovoja su laisvaisiais radikalais, kurie pa\u017eeid\u017eia l\u0105steles.  <\/p>\n<p>Laisv\u0173j\u0173 radikal\u0173 \u017eala yra viena i\u0161 su am\u017eiumi susijusi\u0173 \u0161irdies, kraujagysli\u0173, smegen\u0173, aki\u0173 audini\u0173 ir kt. poky\u010di\u0173 prie\u017eas\u010di\u0173.  <\/p>\n<p>Selenas apsaugo l\u0105steli\u0173 membranas nuo laisv\u0173j\u0173 radikal\u0173 daromos \u017ealos ir padeda kitiems antioksidantams, ypa\u010d vitaminui C, atskleisti savo antioksidacin\u012f potencial\u0105.  <\/p>\n<p>Selenas ir vitaminas C organizme veikia kartu.<\/p>\n<p>Be seleno ken\u010dia ir imunin\u0117 sistema, nes selenas yra daugelio imunin\u0117s sistemos baltym\u0173, ferment\u0173 dalis.  <\/p>\n<p>Kai organizmas turi pakankamai seleno, jo imunin\u0117 sistema yra stipri ir labiau apsaugota nuo nepalanki\u0173 i\u0161or\u0117s veiksni\u0173.<\/p>\n<p>\u0160irdies ir kraujagysli\u0173 sistema: selenas dalyvauja cholesterolio apykaitoje ir palaiko jo kiek\u012f kraujyje. Selenas taip pat palaiko kraujosp\u016bd\u012f ir kraujagysli\u0173 elastingum\u0105. <\/p>\n<p>Be to, i\u0161tirta ir patvirtinta, kad selenas yra susij\u0119s su kasos, kepen\u0173 funkcija, audini\u0173 elastingumo palaikymu ir lytiniu aktyvumu.  <\/p>\n<p>Beveik pus\u0117 vyr\u0173 organizme esan\u010dio seleno dalyvauja s\u0117klid\u017ei\u0173 s\u0117klini\u0173 kanal\u0117li\u0173 veikloje. Jis prarandamas su ejakuliatu. Tod\u0117l vyrams seleno reikia daugiau nei moterims.  <\/p>\n<p>Vartojimo instrukcijos<br \/>\nSuaugusiesiems &#8211; po 1 tablet\u0119 per dien\u0105 valgio metu. Vartojimo trukm\u0117 &#8211; ma\u017eiausiai 1 m\u0117nuo.  Jei reikia, pri\u0117mim\u0105 galima pakartoti.<\/p>\n","protected":false},"excerpt":{"rendered":"<p>Selenas svarbus organizmo antioksidacinei, imuninei ir detoksikacinei apsauginei sistemai, palaiko \u0161irdies ir kraujagysli\u0173 veikl\u0105. Ta\u010diau d\u0117l netinkamos mitybos, streso, blogos aplinkos, r\u016bkymo da\u017enai reikia papildom\u0173 seleno papild\u0173. Selenas yra mikroelementas, b\u016btinas organizmo gyvybinei veiklai, kurio kasdien su maistu reikia gauti pakankam\u0105 kiek\u012f (50-70 mcg). M\u016bs\u0173 organizmo antioksidacin\u0117 apsaugos sistema kovoja su laisvaisiais radikalais, kurie pa\u017eeid\u017eia [&hellip;]<\/p>\n","protected":false},"featured_media":15876,"comment_status":"open","ping_status":"closed","template":"","meta":[],"product_brand":[],"product_cat":[217,220],"product_tag":[],"class_list":{"0":"post-15878","1":"product","2":"type-product","3":"status-publish","4":"has-post-thumbnail","6":"product_cat-sveikatos-prieziura","7":"product_cat-zarnyno-sveikata","9":"first","10":"outofstock","11":"shipping-taxable","12":"purchasable","13":"product-type-simple"},"_links":{"self":[{"href":"https:\/\/beautysba.co.uk\/lt\/wp-json\/wp\/v2\/product\/15878","targetHints":{"allow":["GET"]}}],"collection":[{"href":"https:\/\/beautysba.co.uk\/lt\/wp-json\/wp\/v2\/product"}],"about":[{"href":"https:\/\/beautysba.co.uk\/lt\/wp-json\/wp\/v2\/types\/product"}],"replies":[{"embeddable":true,"href":"https:\/\/beautysba.co.uk\/lt\/wp-json\/wp\/v2\/comments?post=15878"}],"wp:featuredmedia":[{"embeddable":true,"href":"https:\/\/beautysba.co.uk\/lt\/wp-json\/wp\/v2\/media\/15876"}],"wp:attachment":[{"href":"https:\/\/beautysba.co.uk\/lt\/wp-json\/wp\/v2\/media?parent=15878"}],"wp:term":[{"taxonomy":"product_brand","embeddable":true,"href":"https:\/\/beautysba.co.uk\/lt\/wp-json\/wp\/v2\/product_brand?post=15878"},{"taxonomy":"product_cat","embeddable":true,"href":"https:\/\/beautysba.co.uk\/lt\/wp-json\/wp\/v2\/product_cat?post=15878"},{"taxonomy":"product_tag","embeddable":true,"href":"https:\/\/beautysba.co.uk\/lt\/wp-json\/wp\/v2\/product_tag?post=15878"}],"curies":[{"name":"wp","href":"https:\/\/api.w.org\/{rel}","templated":true}]}}