{"id":15908,"date":"2025-03-13T09:23:07","date_gmt":"2025-03-13T09:23:07","guid":{"rendered":"https:\/\/beautysba.co.uk\/product\/%d0%bc%d0%be%d0%b7%d0%be%d0%bb%d1%8c%d0%bd%d1%8b%d0%b9-%d0%bf%d0%bb%d0%b0%d1%81%d1%82%d1%8b%d1%80%d1%8c-6-%d1%85-10-%d1%81%d0%bc-salipod\/"},"modified":"2025-03-13T09:41:29","modified_gmt":"2025-03-13T09:41:29","slug":"%d0%bc%d0%be%d0%b7%d0%be%d0%bb%d1%8c%d0%bd%d1%8b%d0%b9-%d0%bf%d0%bb%d0%b0%d1%81%d1%82%d1%8b%d1%80%d1%8c-6-%d1%85-10-%d1%81%d0%bc-salipod","status":"publish","type":"product","link":"https:\/\/beautysba.co.uk\/lt\/produktas\/%d0%bc%d0%be%d0%b7%d0%be%d0%bb%d1%8c%d0%bd%d1%8b%d0%b9-%d0%bf%d0%bb%d0%b0%d1%81%d1%82%d1%8b%d1%80%d1%8c-6-%d1%85-10-%d1%81%d0%bc-salipod\/","title":{"rendered":"6 x 10 cm kaliaus\u0117s lopas &#8211; Salipod"},"content":{"rendered":"<p>Preparato sud\u0117tyje esanti salicilo r\u016bg\u0161tis pasi\u017eymi silpnu antiseptiniu, dirginan\u010diu ir atitraukian\u010diu poveikiu. Salicilo r\u016bg\u0161tis, kurios yra \u0161io Salipod kalcio pleistro sud\u0117tyje, pagerina sieros skverbim\u0105si \u012f odos sluoksnius, pasi\u017eymi keratolitiniu ir antimikrobiniu poveikiu. \u0160io komponento i\u0161orinio (vietinio) naudojimo metu sukelia odos pleiskanojim\u0105 ir j\u0173 pavir\u0161iuje esan\u010di\u0173 patogenini\u0173 bakterij\u0173 \u017e\u016bt\u012f. Siera pasi\u017eymi ry\u0161kiu sausinamuoju poveikiu. Tai u\u017ekerta keli\u0105 su tuo susijusi\u0173 grybelini\u0173 ar bakterini\u0173 infekcij\u0173 vystymuisi. Ji taip pat turi mink\u0161tinam\u0105j\u012f poveik\u012f odai, \u0161velniai pa\u0161alina vadinam\u0173j\u0173 keratinizuojan\u010di\u0173 sluoksni\u0173 \u017evynelius, palengvindama gil\u0173 sieros prasiskverbim\u0105.     <\/p>\n","protected":false},"excerpt":{"rendered":"<p>Preparato sud\u0117tyje esanti salicilo r\u016bg\u0161tis pasi\u017eymi silpnu antiseptiniu, dirginan\u010diu ir atitraukian\u010diu poveikiu. Salicilo r\u016bg\u0161tis, kurios yra \u0161io Salipod kalcio pleistro sud\u0117tyje, pagerina sieros skverbim\u0105si \u012f odos sluoksnius, pasi\u017eymi keratolitiniu ir antimikrobiniu poveikiu. \u0160io komponento i\u0161orinio (vietinio) naudojimo metu sukelia odos pleiskanojim\u0105 ir j\u0173 pavir\u0161iuje esan\u010di\u0173 patogenini\u0173 bakterij\u0173 \u017e\u016bt\u012f. Siera pasi\u017eymi ry\u0161kiu sausinamuoju poveikiu. Tai u\u017ekerta [&hellip;]<\/p>\n","protected":false},"featured_media":15906,"comment_status":"open","ping_status":"closed","template":"","meta":[],"product_brand":[],"product_cat":[119,192,219,123,217],"product_tag":[],"class_list":{"0":"post-15908","1":"product","2":"type-product","3":"status-publish","4":"has-post-thumbnail","6":"product_cat-kuno-produktai","7":"product_cat-naujienos","8":"product_cat-pedu-prieziura-lt","9":"product_cat-pedu-prieziura","10":"product_cat-sveikatos-prieziura","12":"first","13":"instock","14":"shipping-taxable","15":"purchasable","16":"product-type-simple"},"_links":{"self":[{"href":"https:\/\/beautysba.co.uk\/lt\/wp-json\/wp\/v2\/product\/15908","targetHints":{"allow":["GET"]}}],"collection":[{"href":"https:\/\/beautysba.co.uk\/lt\/wp-json\/wp\/v2\/product"}],"about":[{"href":"https:\/\/beautysba.co.uk\/lt\/wp-json\/wp\/v2\/types\/product"}],"replies":[{"embeddable":true,"href":"https:\/\/beautysba.co.uk\/lt\/wp-json\/wp\/v2\/comments?post=15908"}],"wp:featuredmedia":[{"embeddable":true,"href":"https:\/\/beautysba.co.uk\/lt\/wp-json\/wp\/v2\/media\/15906"}],"wp:attachment":[{"href":"https:\/\/beautysba.co.uk\/lt\/wp-json\/wp\/v2\/media?parent=15908"}],"wp:term":[{"taxonomy":"product_brand","embeddable":true,"href":"https:\/\/beautysba.co.uk\/lt\/wp-json\/wp\/v2\/product_brand?post=15908"},{"taxonomy":"product_cat","embeddable":true,"href":"https:\/\/beautysba.co.uk\/lt\/wp-json\/wp\/v2\/product_cat?post=15908"},{"taxonomy":"product_tag","embeddable":true,"href":"https:\/\/beautysba.co.uk\/lt\/wp-json\/wp\/v2\/product_tag?post=15908"}],"curies":[{"name":"wp","href":"https:\/\/api.w.org\/{rel}","templated":true}]}}