{"id":15914,"date":"2025-03-13T09:24:42","date_gmt":"2025-03-13T09:24:42","guid":{"rendered":"https:\/\/beautysba.co.uk\/product\/%d0%ba%d0%bb%d0%b5%d1%82%d1%87%d0%b0%d1%82%d0%ba%d0%b0-detox-%d0%ba%d0%be%d0%ba%d1%82%d0%b5%d0%bb%d1%8c-%d0%b8%d0%bc%d0%b1%d0%b8%d1%80%d1%8c-%d1%82%d0%be%d0%bf%d0%b8%d0%bd%d0%b0%d0%bc%d0%b1%d1%83\/"},"modified":"2025-03-13T09:41:31","modified_gmt":"2025-03-13T09:41:31","slug":"%d0%ba%d0%bb%d0%b5%d1%82%d1%87%d0%b0%d1%82%d0%ba%d0%b0-detox-%d0%ba%d0%be%d0%ba%d1%82%d0%b5%d0%bb%d1%8c-%d0%b8%d0%bc%d0%b1%d0%b8%d1%80%d1%8c-%d1%82%d0%be%d0%bf%d0%b8%d0%bd%d0%b0%d0%bc%d0%b1%d1%83","status":"publish","type":"product","link":"https:\/\/beautysba.co.uk\/lt\/produktas\/%d0%ba%d0%bb%d0%b5%d1%82%d1%87%d0%b0%d1%82%d0%ba%d0%b0-detox-%d0%ba%d0%be%d0%ba%d1%82%d0%b5%d0%bb%d1%8c-%d0%b8%d0%bc%d0%b1%d0%b8%d1%80%d1%8c-%d1%82%d0%be%d0%bf%d0%b8%d0%bd%d0%b0%d0%bc%d0%b1%d1%83\/","title":{"rendered":"Detoksikuojan\u010di\u0173 skaidul\u0173 kokteilis (imbieras\/topinamb\u016bras) 150g Bio National"},"content":{"rendered":"<p>Skaidulos yra nat\u016brali\u0173 maistini\u0173 skaidul\u0173 \u0161altinis.Reguliarus skaidul\u0173 vartojimas yra b\u016btinas tinkamam \u017earnyno funkcionavimui ir nauding\u0173j\u0173 bakterij\u0173 augimui, ma\u017einant bendr\u0105 dienos raciono kalorij\u0173 kiek\u012f ir veiksmingai \u0161alinant toksinus bei toksinus.<\/p>\n<p>Sudedamosios dalys: FIGURAS (\u0160AMBALA), GINGER, TOPINAMBURAS <\/p>\n<p>Maistin\u0117 ir energin\u0117 vert\u0117\/ 100 g produkto:<\/p>\n<p>Baltymai\/8 g.<\/p>\n<p>Riebalai\/2 g.<\/p>\n<p>Angliavandeniai\/5 g.<\/p>\n<p>Energin\u0117 vert\u0117\/ 300 kJ\/ 30 kcal.<\/p>\n","protected":false},"excerpt":{"rendered":"<p>Skaidulos yra nat\u016brali\u0173 maistini\u0173 skaidul\u0173 \u0161altinis.Reguliarus skaidul\u0173 vartojimas yra b\u016btinas tinkamam \u017earnyno funkcionavimui ir nauding\u0173j\u0173 bakterij\u0173 augimui, ma\u017einant bendr\u0105 dienos raciono kalorij\u0173 kiek\u012f ir veiksmingai \u0161alinant toksinus bei toksinus. Sudedamosios dalys: FIGURAS (\u0160AMBALA), GINGER, TOPINAMBURAS Maistin\u0117 ir energin\u0117 vert\u0117\/ 100 g produkto: Baltymai\/8 g. Riebalai\/2 g. Angliavandeniai\/5 g. Energin\u0117 vert\u0117\/ 300 kJ\/ 30 kcal.<\/p>\n","protected":false},"featured_media":15912,"comment_status":"open","ping_status":"closed","template":"","meta":[],"product_brand":[],"product_cat":[217,220,270],"product_tag":[],"class_list":{"0":"post-15914","1":"product","2":"type-product","3":"status-publish","4":"has-post-thumbnail","6":"product_cat-sveikatos-prieziura","7":"product_cat-zarnyno-sveikata","8":"product_cat----lt","10":"first","11":"instock","12":"shipping-taxable","13":"purchasable","14":"product-type-simple"},"_links":{"self":[{"href":"https:\/\/beautysba.co.uk\/lt\/wp-json\/wp\/v2\/product\/15914","targetHints":{"allow":["GET"]}}],"collection":[{"href":"https:\/\/beautysba.co.uk\/lt\/wp-json\/wp\/v2\/product"}],"about":[{"href":"https:\/\/beautysba.co.uk\/lt\/wp-json\/wp\/v2\/types\/product"}],"replies":[{"embeddable":true,"href":"https:\/\/beautysba.co.uk\/lt\/wp-json\/wp\/v2\/comments?post=15914"}],"wp:featuredmedia":[{"embeddable":true,"href":"https:\/\/beautysba.co.uk\/lt\/wp-json\/wp\/v2\/media\/15912"}],"wp:attachment":[{"href":"https:\/\/beautysba.co.uk\/lt\/wp-json\/wp\/v2\/media?parent=15914"}],"wp:term":[{"taxonomy":"product_brand","embeddable":true,"href":"https:\/\/beautysba.co.uk\/lt\/wp-json\/wp\/v2\/product_brand?post=15914"},{"taxonomy":"product_cat","embeddable":true,"href":"https:\/\/beautysba.co.uk\/lt\/wp-json\/wp\/v2\/product_cat?post=15914"},{"taxonomy":"product_tag","embeddable":true,"href":"https:\/\/beautysba.co.uk\/lt\/wp-json\/wp\/v2\/product_tag?post=15914"}],"curies":[{"name":"wp","href":"https:\/\/api.w.org\/{rel}","templated":true}]}}