{"id":15932,"date":"2025-03-13T09:31:40","date_gmt":"2025-03-13T09:31:40","guid":{"rendered":"https:\/\/beautysba.co.uk\/product\/%d1%84%d0%b0%d0%b1%d1%80%d0%b8%d0%ba%d0%b0-%d0%b7%d0%b4%d0%be%d1%80%d0%be%d0%b2%d0%be%d0%b3%d0%be-%d0%bf%d0%b8%d1%82%d0%b0%d0%bd%d0%b8%d1%8f-%d0%ba%d0%bb%d0%b5%d1%82%d1%87%d0%b0%d1%82%d0%ba%d0%b0\/"},"modified":"2025-03-13T09:41:31","modified_gmt":"2025-03-13T09:41:31","slug":"%d1%84%d0%b0%d0%b1%d1%80%d0%b8%d0%ba%d0%b0-%d0%b7%d0%b4%d0%be%d1%80%d0%be%d0%b2%d0%be%d0%b3%d0%be-%d0%bf%d0%b8%d1%82%d0%b0%d0%bd%d0%b8%d1%8f-%d0%ba%d0%bb%d0%b5%d1%82%d1%87%d0%b0%d1%82%d0%ba%d0%b0","status":"publish","type":"product","link":"https:\/\/beautysba.co.uk\/lt\/produktas\/%d1%84%d0%b0%d0%b1%d1%80%d0%b8%d0%ba%d0%b0-%d0%b7%d0%b4%d0%be%d1%80%d0%be%d0%b2%d0%be%d0%b3%d0%be-%d0%bf%d0%b8%d1%82%d0%b0%d0%bd%d0%b8%d1%8f-%d0%ba%d0%bb%d0%b5%d1%82%d1%87%d0%b0%d1%82%d0%ba%d0%b0\/","title":{"rendered":"FABRIC OF HEALTHY FOOD Sibiro skaidulos skaidulos Tinkamas liekn\u0117jimas 300gm"},"content":{"rendered":"<p>Sklandus svorio metimas ir veiksmingas optimalaus svorio i\u0161laikymas r\u016bpinantis sveikata. Harmoningai parinkta sud\u0117tis sujungia nat\u016bralius ingredientus, kurie, kaip \u012frodyta, ma\u017eina k\u016bno riebal\u0173 pertekli\u0173, ir \u012fvairi\u0173 r\u016b\u0161i\u0173 skaidulines med\u017eiagas, ma\u017einan\u010dias dienos raciono kaloringum\u0105. Pirm\u0105 kart\u0105 Sibiro skaidulos praturtintos prebiotikais &#8211; tirpiomis skaidulomis, b\u016btinomis gyvybi\u0161kai naudingos \u017earnyno mikrofloros veiklai. M\u016bs\u0173 \u012fmon\u0117je sukurta ir u\u017epatentuota unikali produkto gamybos technologija i\u0161saugo ir sustiprina nauding\u0105 verting\u0173 augalini\u0173 \u017ealiav\u0173 poveik\u012f. Suaktyvina sinergetin\u012f sud\u0117ties komponent\u0173 poveik\u012f.    <\/p>\n<p>\u0160is produktas rekomenduojamas:<br \/>\n&#8211; nutukimo prevencijai;<br \/>\n&#8211; cukraus ir cholesterolio kiekiui kraujyje ma\u017einti;<br \/>\n&#8211; nat\u016braliam organizmo valymui ir detoksikacijai gerinti;<br \/>\n&#8211; teigiamai organizmo mikrobiotos pusiausvyrai palaikyti.<\/p>\n<p>Produktas paruo\u0161tas vartoti.<\/p>\n<p>Kontraindikacijos: atvira skrand\u017eio opa, kolitas, infekcin\u0117s etiologijos enterokolitas, individualus netoleravimas.<\/p>\n<p>Vartojimas: 1-2 valgomieji \u0161auk\u0161tai su stikline kefyro \/ jogurto \/ tir\u0161t\u0173 sul\u010di\u0173 1-3 kartus per dien\u0105. <\/p>\n<p>Papildoma rekomendacija: per dien\u0105 papildomai suvartoti 1,5-2 litrus geriamojo vandens.<\/p>\n<p>Sudedamosios dalys: kvie\u010di\u0173 gr\u016bd\u0173 luk\u0161tai, tirpios maistin\u0117s skaidulos, inulinas, polidekstroz\u0117, d\u017eiovintos juod\u0173j\u0173 varnal\u0117\u0161\u0173 uogos, imbieras, \u017ealioji kava (Robusta), ciber\u017eol\u0117.<\/p>\n","protected":false},"excerpt":{"rendered":"<p>Sklandus svorio metimas ir veiksmingas optimalaus svorio i\u0161laikymas r\u016bpinantis sveikata. Harmoningai parinkta sud\u0117tis sujungia nat\u016bralius ingredientus, kurie, kaip \u012frodyta, ma\u017eina k\u016bno riebal\u0173 pertekli\u0173, ir \u012fvairi\u0173 r\u016b\u0161i\u0173 skaidulines med\u017eiagas, ma\u017einan\u010dias dienos raciono kaloringum\u0105. Pirm\u0105 kart\u0105 Sibiro skaidulos praturtintos prebiotikais &#8211; tirpiomis skaidulomis, b\u016btinomis gyvybi\u0161kai naudingos \u017earnyno mikrofloros veiklai. M\u016bs\u0173 \u012fmon\u0117je sukurta ir u\u017epatentuota unikali produkto gamybos [&hellip;]<\/p>\n","protected":false},"featured_media":15930,"comment_status":"open","ping_status":"closed","template":"","meta":[],"product_brand":[],"product_cat":[192,217,220],"product_tag":[],"class_list":{"0":"post-15932","1":"product","2":"type-product","3":"status-publish","4":"has-post-thumbnail","6":"product_cat-naujienos","7":"product_cat-sveikatos-prieziura","8":"product_cat-zarnyno-sveikata","10":"first","11":"instock","12":"shipping-taxable","13":"purchasable","14":"product-type-simple"},"_links":{"self":[{"href":"https:\/\/beautysba.co.uk\/lt\/wp-json\/wp\/v2\/product\/15932","targetHints":{"allow":["GET"]}}],"collection":[{"href":"https:\/\/beautysba.co.uk\/lt\/wp-json\/wp\/v2\/product"}],"about":[{"href":"https:\/\/beautysba.co.uk\/lt\/wp-json\/wp\/v2\/types\/product"}],"replies":[{"embeddable":true,"href":"https:\/\/beautysba.co.uk\/lt\/wp-json\/wp\/v2\/comments?post=15932"}],"wp:featuredmedia":[{"embeddable":true,"href":"https:\/\/beautysba.co.uk\/lt\/wp-json\/wp\/v2\/media\/15930"}],"wp:attachment":[{"href":"https:\/\/beautysba.co.uk\/lt\/wp-json\/wp\/v2\/media?parent=15932"}],"wp:term":[{"taxonomy":"product_brand","embeddable":true,"href":"https:\/\/beautysba.co.uk\/lt\/wp-json\/wp\/v2\/product_brand?post=15932"},{"taxonomy":"product_cat","embeddable":true,"href":"https:\/\/beautysba.co.uk\/lt\/wp-json\/wp\/v2\/product_cat?post=15932"},{"taxonomy":"product_tag","embeddable":true,"href":"https:\/\/beautysba.co.uk\/lt\/wp-json\/wp\/v2\/product_tag?post=15932"}],"curies":[{"name":"wp","href":"https:\/\/api.w.org\/{rel}","templated":true}]}}