{"id":15950,"date":"2025-03-13T09:39:43","date_gmt":"2025-03-13T09:39:43","guid":{"rendered":"https:\/\/beautysba.co.uk\/product\/%d0%b2%d0%b8%d1%82%d0%b0%d0%bc%d0%b8%d0%bd%d0%bd%d1%8b%d0%b9-%d0%ba%d0%be%d0%bc%d0%bf%d0%bb%d0%b5%d0%ba%d1%81-%d0%b2%d0%be%d0%bb%d0%be%d1%81%d1%8b-%d0%ba%d0%be%d0%b6%d0%b0-%d0%bd%d0%be%d0%b3%d1%82\/"},"modified":"2025-03-13T09:41:37","modified_gmt":"2025-03-13T09:41:37","slug":"%d0%b2%d0%b8%d1%82%d0%b0%d0%bc%d0%b8%d0%bd%d0%bd%d1%8b%d0%b9-%d0%ba%d0%be%d0%bc%d0%bf%d0%bb%d0%b5%d0%ba%d1%81-%d0%b2%d0%be%d0%bb%d0%be%d1%81%d1%8b-%d0%ba%d0%be%d0%b6%d0%b0-%d0%bd%d0%be%d0%b3%d1%82","status":"publish","type":"product","link":"https:\/\/beautysba.co.uk\/lt\/produktas\/%d0%b2%d0%b8%d1%82%d0%b0%d0%bc%d0%b8%d0%bd%d0%bd%d1%8b%d0%b9-%d0%ba%d0%be%d0%bc%d0%bf%d0%bb%d0%b5%d0%ba%d1%81-%d0%b2%d0%be%d0%bb%d0%be%d1%81%d1%8b-%d0%ba%d0%be%d0%b6%d0%b0-%d0%bd%d0%be%d0%b3%d1%82\/","title":{"rendered":"Vitamin\u0173 kompleksas &#8220;Plaukai, oda, nagai&#8221; 500 ml &#8211; Vitateka"},"content":{"rendered":"<p>Ar norite, kad j\u016bs\u0173 oda b\u016bt\u0173 elastinga ir \u0161vytinti, o plaukai ir nagai &#8211; stipr\u016bs ir sveiki? \u0160vedijos &#8220;Nutra&#8221; suk\u016br\u0117 specialius vitaminus, padedan\u010dius palaikyti ir atkurti nat\u016bral\u0173 j\u016bs\u0173 k\u016bno gro\u017e\u012f! M\u016bs\u0173 apelsin\u0173 skonio vitamin\u0173 g\u0117rime yra vis\u0173 sveikiems plaukams, odai ir nagams b\u016btin\u0173 med\u017eiag\u0173, \u012fskaitant vitaminus, kolagen\u0105, biotin\u0105, MSM ir kitas maistines med\u017eiagas.  <\/p>\n<p>Jei norite rasti veiksmingiausi\u0173 vitamin\u0173 ir vitaminini\u0173 g\u0117rim\u0173, &#8220;Swedish Nutra&#8221; yra viena i\u0161 geriausios kokyb\u0117s produkt\u0173 gamintoj\u0173 pasaulyje. \u0160ie produktai pasi\u017eymi ypatinga savybe &#8211; kiekviename grame yra daug nauding\u0173 med\u017eiag\u0173. <\/p>\n<p>Naudodami \u0161iuos produktus galite i\u0161laikyti odos elastingum\u0105, pagreitinti plauk\u0173 augim\u0105, padaryti plaukus storus ir blizgan\u010dius.<\/p>\n<p>Vartojimas: 15 ml per dien\u0105<\/p>\n<p>Sudedamosios dalys: filtruotas vanduo, vegani\u0161ka hialurono r\u016bg\u0161tis, r\u016bg\u0161tingum\u0105 reguliuojanti med\u017eiaga (citrin\u0173 r\u016bg\u0161tis, obuoli\u0173 r\u016bg\u0161tis), askorbo r\u016bg\u0161tis, nat\u016brali geltona spalva, konservantai (kalio sorbatas, natrio benzoatas), silicio dioksidas, saldiklis (steviolio glikozidai), nat\u016brali kvapioji med\u017eiaga (nat\u016brali\u0173 citrin\u0173 milteliai).<\/p>\n<p>Jei esate n\u0117\u0161\u010dia, maitinate kr\u016btimi ar turite kit\u0173 sveikatos sutrikim\u0173, prie\u0161 vartodama \u0161\u012f produkt\u0105 pasitarkite su gydytoju. Jei pasirei\u0161kia alergin\u0117s reakcijos, nutraukite vartojim\u0105. Maisto papildas nepakei\u010dia visavert\u0117s ir pilnavert\u0117s mitybos bei sveiko gyvenimo b\u016bdo.  <\/p>\n<p>Laikykite v\u0117sioje, tamsioje ir vaikams nepasiekiamoje vietoje. Atidarius laikyti \u0161aldytuve ir sunaudoti per 2 m\u0117nesius. <\/p>\n<p>15 ml sud\u0117tyje yra:<\/p>\n<p>Vitaminas C (L-askorbo r\u016bg\u0161tis) 80 mg 100%<\/p>\n<p>Hialurono r\u016bg\u0161tis (natrio hialuronatas) 100 mg **<\/p>\n<p>Silicio dioksidas (silicio dioksidas) 15 mg **<\/p>\n<p>S.N.P Ingredient Award #1 2019 Od\u0105 koreguojantis produktas : maksimalus poveikis<\/p>\n","protected":false},"excerpt":{"rendered":"<p>Ar norite, kad j\u016bs\u0173 oda b\u016bt\u0173 elastinga ir \u0161vytinti, o plaukai ir nagai &#8211; stipr\u016bs ir sveiki? \u0160vedijos &#8220;Nutra&#8221; suk\u016br\u0117 specialius vitaminus, padedan\u010dius palaikyti ir atkurti nat\u016bral\u0173 j\u016bs\u0173 k\u016bno gro\u017e\u012f! M\u016bs\u0173 apelsin\u0173 skonio vitamin\u0173 g\u0117rime yra vis\u0173 sveikiems plaukams, odai ir nagams b\u016btin\u0173 med\u017eiag\u0173, \u012fskaitant vitaminus, kolagen\u0105, biotin\u0105, MSM ir kitas maistines med\u017eiagas. Jei norite [&hellip;]<\/p>\n","protected":false},"featured_media":15948,"comment_status":"open","ping_status":"closed","template":"","meta":[],"product_brand":[],"product_cat":[217,220],"product_tag":[],"class_list":{"0":"post-15950","1":"product","2":"type-product","3":"status-publish","4":"has-post-thumbnail","6":"product_cat-sveikatos-prieziura","7":"product_cat-zarnyno-sveikata","9":"first","10":"instock","11":"shipping-taxable","12":"purchasable","13":"product-type-simple"},"_links":{"self":[{"href":"https:\/\/beautysba.co.uk\/lt\/wp-json\/wp\/v2\/product\/15950","targetHints":{"allow":["GET"]}}],"collection":[{"href":"https:\/\/beautysba.co.uk\/lt\/wp-json\/wp\/v2\/product"}],"about":[{"href":"https:\/\/beautysba.co.uk\/lt\/wp-json\/wp\/v2\/types\/product"}],"replies":[{"embeddable":true,"href":"https:\/\/beautysba.co.uk\/lt\/wp-json\/wp\/v2\/comments?post=15950"}],"wp:featuredmedia":[{"embeddable":true,"href":"https:\/\/beautysba.co.uk\/lt\/wp-json\/wp\/v2\/media\/15948"}],"wp:attachment":[{"href":"https:\/\/beautysba.co.uk\/lt\/wp-json\/wp\/v2\/media?parent=15950"}],"wp:term":[{"taxonomy":"product_brand","embeddable":true,"href":"https:\/\/beautysba.co.uk\/lt\/wp-json\/wp\/v2\/product_brand?post=15950"},{"taxonomy":"product_cat","embeddable":true,"href":"https:\/\/beautysba.co.uk\/lt\/wp-json\/wp\/v2\/product_cat?post=15950"},{"taxonomy":"product_tag","embeddable":true,"href":"https:\/\/beautysba.co.uk\/lt\/wp-json\/wp\/v2\/product_tag?post=15950"}],"curies":[{"name":"wp","href":"https:\/\/api.w.org\/{rel}","templated":true}]}}