{"id":16504,"date":"2025-04-20T18:05:16","date_gmt":"2025-04-20T18:05:16","guid":{"rendered":"https:\/\/beautysba.co.uk\/product\/%d0%b4%d0%b2%d1%83%d1%85%d1%8d%d1%82%d0%b0%d0%bf%d0%bd%d0%b0%d1%8f-%d0%b1%d0%be%d1%82%d0%be%d0%bc%d0%b0%d1%81%d0%ba%d0%b0-%d1%80%d0%b0%d0%b7%d0%b3%d0%bb%d0%b0%d0%b6%d0%b8%d0%b2%d0%b0%d0%bd%d0%b8\/"},"modified":"2025-04-23T07:46:27","modified_gmt":"2025-04-23T07:46:27","slug":"%d0%b4%d0%b2%d1%83%d1%85%d1%8d%d1%82%d0%b0%d0%bf%d0%bd%d0%b0%d1%8f-%d0%b1%d0%be%d1%82%d0%be%d0%bc%d0%b0%d1%81%d0%ba%d0%b0-%d1%80%d0%b0%d0%b7%d0%b3%d0%bb%d0%b0%d0%b6%d0%b8%d0%b2%d0%b0%d0%bd%d0%b8","status":"publish","type":"product","link":"https:\/\/beautysba.co.uk\/lt\/produktas\/%d0%b4%d0%b2%d1%83%d1%85%d1%8d%d1%82%d0%b0%d0%bf%d0%bd%d0%b0%d1%8f-%d0%b1%d0%be%d1%82%d0%be%d0%bc%d0%b0%d1%81%d0%ba%d0%b0-%d1%80%d0%b0%d0%b7%d0%b3%d0%bb%d0%b0%d0%b6%d0%b8%d0%b2%d0%b0%d0%bd%d0%b8\/","title":{"rendered":"Dviej\u0173 pakop\u0173 BOTOMASK. Dizao am\u017eiaus ir mimikos rauk\u0161li\u0173 ma\u017einimas"},"content":{"rendered":"<p>Daug \u017einoma apie stebukling\u0105 botokso naudojimo kosmetologijoje poveik\u012f. Pati botokso s\u0105voka siejama su salono proced\u016bromis ir injekcijomis. Yra ir kita, prieinamesn\u0117 ir saugesn\u0117 sen\u0117jim\u0105 stabdanti prie\u017ei\u016bros forma &#8211; &#8220;Dizao&#8221; dviej\u0173 pakop\u0173 botomaska &#8220;Botoeffect&#8221; su biologiniu auksu. Reguliarus \u0161ios kosmetikos priemon\u0117s naudojimas pad\u0117s bet kuriai moteriai lengvai i\u0161laikyti nat\u016bral\u0173 odos elastingum\u0105 ir kovoti su rauk\u0161l\u0117mis.   <\/p>\n<p>Forma: veidas, kaklas<\/p>\n<p>Dizao sukurta specialios formos veido kauk\u0117<br \/>\nKauk\u0117 puikiai u\u017edengia visas problemines sritis aplink l\u016bpas (putliosios rauk\u0161lel\u0117s), akis (\u0161un\u0173 p\u0117dut\u0117s), smakr\u0105 ir kakl\u0105<br \/>\nElastinga forma patogiai prisitaiko prie veido formos<br \/>\nKauk\u0117 visi\u0161kai u\u017edengia smakro ir kaklo srit\u012f.<\/p>\n<p>Biologinis auksas &#8211; tai koloidin\u0117 tauriojo metalo forma. Ma\u017eesn\u0117s nei mikronas Au dalel\u0117s pasi\u017eymi unikalia savybe: ant vir\u0161utinio odos sluoksnio jos sukuria plon\u0105 pl\u0117vel\u0119 &#8211; laidinink\u0105 naudingiems augaliniams ir mineraliniams komponentams. Bio-auksas kauk\u0117s sud\u0117tyje pakartotinai sustiprina veikli\u0173j\u0173 med\u017eiag\u0173 \u012fsisavinim\u0105.  <\/p>\n<p>Kauk\u0117s veikimas:<br \/>\nGili\u0173 senatvini\u0173 rauk\u0161li\u0173 korekcija<br \/>\nI\u0161rai\u0161kos linij\u0173 i\u0161lyginimas problemin\u0117se srityse<br \/>\nGilus veido mimikos raumen\u0173 atpalaidavimas<br \/>\nDr\u0117kinimas l\u0105steli\u0173 lygmeniu<br \/>\nSubalansuotas odos maitinimas<br \/>\nVeikliosios med\u017eiagos:<br \/>\nBioGold<br \/>\nJ\u016br\u0173 kolagenas<br \/>\nGingko Biloba ekstraktas<br \/>\nDumbli\u0173 ekstraktas<br \/>\nLedini\u0173 gryb\u0173 ekstraktas<br \/>\nPeptid\u0173 kompleksas<br \/>\nRetinolis<br \/>\nVitaminai B, C, E<\/p>\n<p>BE PARABEN\u0172 &#8211; BE SILIKON\u0172 &#8211; BE PROPILENO GLIKOLO<br \/>\nKaip naudoti:<\/p>\n<p>1 etapas &#8211; BOTHOMASKA.<\/p>\n<p>Nuvalykite veid\u0105<br \/>\nU\u017etepkite kauk\u0119 taip, kad ji visi\u0161kai padengt\u0173 veid\u0105, kakl\u0105<br \/>\n15 minu\u010di\u0173 m\u0117gaukit\u0117s maloniu atpalaiduojan\u010diu gro\u017eio seansu<br \/>\nNuimkite kauk\u0119 ir nuplaukite veid\u0105 vandeniu.<\/p>\n<p>2 etapas &#8211; BOTHOMASK efekto \u012ftvirtinimas naudojant BOTHOSYVOICE su biologiniu auksu:<\/p>\n<p>Paskirstykite plon\u0105 serumo sluoksn\u012f ant veido, kaklo<br \/>\nYpating\u0105 d\u0117mes\u012f skirkite rauk\u0161l\u0117ms.<\/p>\n<p>Kosmetologai rekomenduoja \u0161i\u0105 kauk\u0119 naudoti kasdien 6 dienas, o v\u0117liau 1-2 kartus per savait\u0119, kad poveikis i\u0161likt\u0173.<\/p>\n<p>BOTO efekto veido ir kaklo kauk\u0117 su biologiniu auksu sugr\u0105\u017eins j\u016bs\u0173 odai nat\u016bral\u0173 \u0161vyt\u0117jim\u0105 ir pad\u0117s atsikratyti erzinan\u010di\u0173 rauk\u0161li\u0173. Ne\u0161vaistykite pinig\u0173 salono proced\u016broms &#8211; odos gro\u017eiu galite pasir\u016bpinti namuose, naudodamiesi &#8220;Dizao BOTO effect&#8221; kauke! <\/p>\n","protected":false},"excerpt":{"rendered":"<p>Daug \u017einoma apie stebukling\u0105 botokso naudojimo kosmetologijoje poveik\u012f. Pati botokso s\u0105voka siejama su salono proced\u016bromis ir injekcijomis. Yra ir kita, prieinamesn\u0117 ir saugesn\u0117 sen\u0117jim\u0105 stabdanti prie\u017ei\u016bros forma &#8211; &#8220;Dizao&#8221; dviej\u0173 pakop\u0173 botomaska &#8220;Botoeffect&#8221; su biologiniu auksu. Reguliarus \u0161ios kosmetikos priemon\u0117s naudojimas pad\u0117s bet kuriai moteriai lengvai i\u0161laikyti nat\u016bral\u0173 odos elastingum\u0105 ir kovoti su rauk\u0161l\u0117mis. Forma: [&hellip;]<\/p>\n","protected":false},"featured_media":16502,"comment_status":"open","ping_status":"closed","template":"","meta":[],"product_brand":[],"product_cat":[127,204],"product_tag":[],"class_list":{"0":"post-16504","1":"product","2":"type-product","3":"status-publish","4":"has-post-thumbnail","6":"product_cat-veidas","7":"product_cat-veido-kaukes","9":"first","10":"instock","11":"shipping-taxable","12":"purchasable","13":"product-type-simple"},"_links":{"self":[{"href":"https:\/\/beautysba.co.uk\/lt\/wp-json\/wp\/v2\/product\/16504","targetHints":{"allow":["GET"]}}],"collection":[{"href":"https:\/\/beautysba.co.uk\/lt\/wp-json\/wp\/v2\/product"}],"about":[{"href":"https:\/\/beautysba.co.uk\/lt\/wp-json\/wp\/v2\/types\/product"}],"replies":[{"embeddable":true,"href":"https:\/\/beautysba.co.uk\/lt\/wp-json\/wp\/v2\/comments?post=16504"}],"wp:featuredmedia":[{"embeddable":true,"href":"https:\/\/beautysba.co.uk\/lt\/wp-json\/wp\/v2\/media\/16502"}],"wp:attachment":[{"href":"https:\/\/beautysba.co.uk\/lt\/wp-json\/wp\/v2\/media?parent=16504"}],"wp:term":[{"taxonomy":"product_brand","embeddable":true,"href":"https:\/\/beautysba.co.uk\/lt\/wp-json\/wp\/v2\/product_brand?post=16504"},{"taxonomy":"product_cat","embeddable":true,"href":"https:\/\/beautysba.co.uk\/lt\/wp-json\/wp\/v2\/product_cat?post=16504"},{"taxonomy":"product_tag","embeddable":true,"href":"https:\/\/beautysba.co.uk\/lt\/wp-json\/wp\/v2\/product_tag?post=16504"}],"curies":[{"name":"wp","href":"https:\/\/api.w.org\/{rel}","templated":true}]}}