{"id":16510,"date":"2025-04-20T18:09:32","date_gmt":"2025-04-20T18:09:32","guid":{"rendered":"https:\/\/beautysba.co.uk\/product\/%d0%bc%d0%b0%d1%81%d0%ba%d0%b0-%d0%b4%d0%bb%d1%8f-%d0%bb%d0%b8%d1%86%d0%b0-%d1%88%d0%b5%d0%b8-100-%d0%b3%d0%b8%d0%b0%d0%bb%d1%83%d1%80%d0%be%d0%bd%d0%be%d0%b2%d0%b0%d1%8f-%d0%ba%d0%b8%d1%81%d0%bb\/"},"modified":"2025-04-23T07:46:24","modified_gmt":"2025-04-23T07:46:24","slug":"%d0%bc%d0%b0%d1%81%d0%ba%d0%b0-%d0%b4%d0%bb%d1%8f-%d0%bb%d0%b8%d1%86%d0%b0-%d1%88%d0%b5%d0%b8-100-%d0%b3%d0%b8%d0%b0%d0%bb%d1%83%d1%80%d0%be%d0%bd%d0%be%d0%b2%d0%b0%d1%8f-%d0%ba%d0%b8%d1%81%d0%bb","status":"publish","type":"product","link":"https:\/\/beautysba.co.uk\/lt\/produktas\/%d0%bc%d0%b0%d1%81%d0%ba%d0%b0-%d0%b4%d0%bb%d1%8f-%d0%bb%d0%b8%d1%86%d0%b0-%d1%88%d0%b5%d0%b8-100-%d0%b3%d0%b8%d0%b0%d0%bb%d1%83%d1%80%d0%be%d0%bd%d0%be%d0%b2%d0%b0%d1%8f-%d0%ba%d0%b8%d1%81%d0%bb\/","title":{"rendered":"Kauk\u0117 veidui, kaklui &#8220;100% hialurono r\u016bg\u0161tis&#8221; Dizao"},"content":{"rendered":"<p>&#8220;Dizao Natural&#8221; nat\u016braliose veido kauk\u0117se yra 99,6 % nat\u016brali\u0173 gamtini\u0173 ingredient\u0173.<br \/>\nDehidratuota oda praranda elastingum\u0105 ir patrauklum\u0105, grei\u010diau sensta ir reikalauja ypatingos prie\u017ei\u016bros. Dviej\u0173 etap\u0173 kauk\u0117 &#8220;100% hialurono r\u016bg\u0161tis&#8221; su kolagenu i\u0161 &#8220;Dizao&#8221; atkuria odos elastingum\u0105 ir dr\u0117kina j\u0105 l\u0105steli\u0173 lygmeniu. Antrajame kauk\u0117s etape naudojamas hialurono kremas, kuris u\u017efiksuoja pasiekt\u0105 dr\u0117kinam\u0105j\u012f poveik\u012f.  <\/p>\n<p>Forma: veidas, kaklas<\/p>\n<p>Dizao sukurta specialios formos veido kauk\u0117<br \/>\nKauk\u0117 puikiai u\u017edengia visas problemines sritis aplink l\u016bpas (putliosios rauk\u0161lel\u0117s), akis (\u0161un\u0173 p\u0117dut\u0117s), smakr\u0105 ir kakl\u0105<br \/>\nElastinga forma patogiai prisitaiko prie veido formos<br \/>\nKauk\u0117 visi\u0161kai u\u017edengia smakro ir kaklo srit\u012f.<\/p>\n<p>Hialurono r\u016bg\u0161tis yra kolageno ir elastino skaidul\u0173 u\u017epildas. Kauk\u0117s sud\u0117tyje yra dviej\u0173 r\u016b\u0161i\u0173 hialurono r\u016bg\u0161ties. Didel\u0117s molekulin\u0117s mas\u0117s r\u016bg\u0161tis skatina kolageno sintez\u0119, o ma\u017eos molekulin\u0117s mas\u0117s r\u016bg\u0161tis sudaro pl\u0117vel\u0119 ant odos pavir\u0161iaus ir neleid\u017eia prarasti dr\u0117gm\u0117s. Dvigubas veikimas, sustiprintas kitomis aktyviosiomis kremo med\u017eiagomis, garantuoja kauk\u0117s naudojimo efekt\u0105.   <\/p>\n<p>Kauk\u0117s veikimas:<br \/>\nGilus dr\u0117kinimas ir ilgalaikis dr\u0117gm\u0117s i\u0161saugojimas odoje<br \/>\nGilus rauk\u0161li\u0173 lyginimas<br \/>\nElastingumo atk\u016brimas<br \/>\nJauninimas ir regeneracija l\u0105steli\u0173 lygmeniu<br \/>\nBendro tonuso ir atsparumo neigiamam poveikiui gerinimas<br \/>\nVeikliosios med\u017eiagos:<br \/>\nHialurono r\u016bg\u0161tis<br \/>\nAgurk\u0173 ekstraktas<br \/>\nJ\u016brinis kolagenas<br \/>\nLedini\u0173 gryb\u0173 ekstraktas<br \/>\nJ\u016bros dumbli\u0173 ekstraktas<\/p>\n<p>BE PARABEN\u0172 &#8211; BE SILIKON\u0172 &#8211; BE PROPILENO GLIKOLO<br \/>\nKaip naudoti:<\/p>\n<p>1 etapas:<\/p>\n<p>Nuvalykite veid\u0105<br \/>\nU\u017etepkite kauk\u0119 taip, kad ji visi\u0161kai padengt\u0173 veid\u0105, kakl\u0105<br \/>\n15 minu\u010di\u0173 m\u0117gaukit\u0117s maloniu atpalaiduojan\u010diu gro\u017eio seansu<br \/>\nNuimkite kauk\u0119 ir nuplaukite veid\u0105 vandeniu.<\/p>\n<p>2 etapas: hialurono kremas:<\/p>\n<p>U\u017etepkite plon\u0105 kremo sluoksn\u012f ant veido, kaklo<br \/>\nLeiskite jam visi\u0161kai \u012fsigerti.<\/p>\n<p>Kosmetologai rekomenduoja \u0161i\u0105 kauk\u0119 naudoti kasdien 10 dien\u0173, o v\u0117liau 1-2 kartus per savait\u0119, kad poveikis i\u0161likt\u0173.<\/p>\n<p>Kauk\u0117 &#8220;100% hialurono r\u016bg\u0161tis&#8221; pad\u0117s atsikratyti &#8220;\u0161un\u0173 p\u0117d\u0173&#8221; ir mimikos rauk\u0161li\u0173 be vizito pas kosmetolog\u0105!<\/p>\n","protected":false},"excerpt":{"rendered":"<p>&#8220;Dizao Natural&#8221; nat\u016braliose veido kauk\u0117se yra 99,6 % nat\u016brali\u0173 gamtini\u0173 ingredient\u0173. Dehidratuota oda praranda elastingum\u0105 ir patrauklum\u0105, grei\u010diau sensta ir reikalauja ypatingos prie\u017ei\u016bros. Dviej\u0173 etap\u0173 kauk\u0117 &#8220;100% hialurono r\u016bg\u0161tis&#8221; su kolagenu i\u0161 &#8220;Dizao&#8221; atkuria odos elastingum\u0105 ir dr\u0117kina j\u0105 l\u0105steli\u0173 lygmeniu. Antrajame kauk\u0117s etape naudojamas hialurono kremas, kuris u\u017efiksuoja pasiekt\u0105 dr\u0117kinam\u0105j\u012f poveik\u012f. Forma: veidas, kaklas [&hellip;]<\/p>\n","protected":false},"featured_media":16508,"comment_status":"open","ping_status":"closed","template":"","meta":[],"product_brand":[],"product_cat":[127,204],"product_tag":[],"class_list":{"0":"post-16510","1":"product","2":"type-product","3":"status-publish","4":"has-post-thumbnail","6":"product_cat-veidas","7":"product_cat-veido-kaukes","9":"first","10":"instock","11":"shipping-taxable","12":"purchasable","13":"product-type-simple"},"_links":{"self":[{"href":"https:\/\/beautysba.co.uk\/lt\/wp-json\/wp\/v2\/product\/16510","targetHints":{"allow":["GET"]}}],"collection":[{"href":"https:\/\/beautysba.co.uk\/lt\/wp-json\/wp\/v2\/product"}],"about":[{"href":"https:\/\/beautysba.co.uk\/lt\/wp-json\/wp\/v2\/types\/product"}],"replies":[{"embeddable":true,"href":"https:\/\/beautysba.co.uk\/lt\/wp-json\/wp\/v2\/comments?post=16510"}],"wp:featuredmedia":[{"embeddable":true,"href":"https:\/\/beautysba.co.uk\/lt\/wp-json\/wp\/v2\/media\/16508"}],"wp:attachment":[{"href":"https:\/\/beautysba.co.uk\/lt\/wp-json\/wp\/v2\/media?parent=16510"}],"wp:term":[{"taxonomy":"product_brand","embeddable":true,"href":"https:\/\/beautysba.co.uk\/lt\/wp-json\/wp\/v2\/product_brand?post=16510"},{"taxonomy":"product_cat","embeddable":true,"href":"https:\/\/beautysba.co.uk\/lt\/wp-json\/wp\/v2\/product_cat?post=16510"},{"taxonomy":"product_tag","embeddable":true,"href":"https:\/\/beautysba.co.uk\/lt\/wp-json\/wp\/v2\/product_tag?post=16510"}],"curies":[{"name":"wp","href":"https:\/\/api.w.org\/{rel}","templated":true}]}}