{"id":16516,"date":"2025-04-22T07:25:35","date_gmt":"2025-04-22T07:25:35","guid":{"rendered":"https:\/\/beautysba.co.uk\/product\/%d0%b3%d0%b0%d1%80%d1%86%d0%b8%d0%bd%d0%b8%d1%8f-%d1%84%d0%be%d1%80%d1%82%d0%b5-%d0%b4%d0%bb%d1%8f-%d0%ba%d0%be%d0%bd%d1%82%d1%80%d0%be%d0%bb%d1%8f-%d0%bc%d0%b0%d1%81%d1%81%d1%8b-%d1%82%d0%b5%d0%bb\/"},"modified":"2025-04-23T07:46:23","modified_gmt":"2025-04-23T07:46:23","slug":"%d0%b3%d0%b0%d1%80%d1%86%d0%b8%d0%bd%d0%b8%d1%8f-%d1%84%d0%be%d1%80%d1%82%d0%b5-%d0%b4%d0%bb%d1%8f-%d0%ba%d0%be%d0%bd%d1%82%d1%80%d0%be%d0%bb%d1%8f-%d0%bc%d0%b0%d1%81%d1%81%d1%8b-%d1%82%d0%b5%d0%bb","status":"publish","type":"product","link":"https:\/\/beautysba.co.uk\/lt\/produktas\/%d0%b3%d0%b0%d1%80%d1%86%d0%b8%d0%bd%d0%b8%d1%8f-%d1%84%d0%be%d1%80%d1%82%d0%b5-%d0%b4%d0%bb%d1%8f-%d0%ba%d0%be%d0%bd%d1%82%d1%80%d0%be%d0%bb%d1%8f-%d0%bc%d0%b0%d1%81%d1%81%d1%8b-%d1%82%d0%b5%d0%bb\/","title":{"rendered":"Garcinia forte svorio kontrol\u0117s N80 Evalar"},"content":{"rendered":"<p>Garcinia cambogia ekstraktas padeda suma\u017einti apetit\u0105. Prie\u017eastis ta, kad jame esanti hidroksilimono r\u016bg\u0161tis (HPA) leid\u017eia organizmui prad\u0117ti procesus, kuriais siekiama suma\u017einti vir\u0161svor\u012f, o jei suvartojama pakankamai kalorij\u0173, padeda laiku nustoti valgyti. <\/p>\n<p>Chromo pikolinatas yra biologi\u0161kai prieinamos chromo formos \u0161altinis. Chromas aktyvina riebal\u0173 oksidacij\u0105, palaiko normal\u0173 fiziologin\u012f gliukoz\u0117s kiek\u012f kraujyje, o tai savo ruo\u017etu padeda slopinti potrauk\u012f saldumynams ir nat\u016braliai numesti svorio. Chromo papildai vartojami antsvorio turin\u010di\u0173 asmen\u0173 mityboje, nes jie veiksmingai ma\u017eina riebal\u0173 mas\u0119.  <\/p>\n<p>Vitaminai B6 ir C dalyvauja lipid\u0173 ir baltym\u0173 apykaitoje, didina bendr\u0105 organizmo tonus\u0105.<\/p>\n<p>Ruduosiuose j\u016bros dumbliuose Fucus yra jodo jungini\u0173, kurie dalyvauja lipid\u0173 ir baltym\u0173 apykaitoje.<\/p>\n<p>Sud\u0117tis<br \/>\nGarcinia ekstraktas (standartizuotas pagal hidroksilimono r\u016bg\u0161t\u012f),<\/p>\n<p>mikrokristalin\u0117 celiulioz\u0117,<\/p>\n<p>maltodekstrinas ir bulvi\u0173 krakmolas (ne\u0161ikliai),<\/p>\n<p>askorbo r\u016bg\u0161tis,<\/p>\n<p>fucus ekstraktas,<\/p>\n<p>augalinis kalcio stearatas ir amorfinis silicio dioksidas (med\u017eiagos nuo sulipimo),<\/p>\n<p>piridoksino hidrochloridas,<\/p>\n<p>chromo pikolinatas.<\/p>\n","protected":false},"excerpt":{"rendered":"<p>Garcinia cambogia ekstraktas padeda suma\u017einti apetit\u0105. Prie\u017eastis ta, kad jame esanti hidroksilimono r\u016bg\u0161tis (HPA) leid\u017eia organizmui prad\u0117ti procesus, kuriais siekiama suma\u017einti vir\u0161svor\u012f, o jei suvartojama pakankamai kalorij\u0173, padeda laiku nustoti valgyti. Chromo pikolinatas yra biologi\u0161kai prieinamos chromo formos \u0161altinis. Chromas aktyvina riebal\u0173 oksidacij\u0105, palaiko normal\u0173 fiziologin\u012f gliukoz\u0117s kiek\u012f kraujyje, o tai savo ruo\u017etu padeda slopinti [&hellip;]<\/p>\n","protected":false},"featured_media":16514,"comment_status":"open","ping_status":"closed","template":"","meta":[],"product_brand":[],"product_cat":[217,220],"product_tag":[],"class_list":{"0":"post-16516","1":"product","2":"type-product","3":"status-publish","4":"has-post-thumbnail","6":"product_cat-sveikatos-prieziura","7":"product_cat-zarnyno-sveikata","9":"first","10":"instock","11":"shipping-taxable","12":"purchasable","13":"product-type-simple"},"_links":{"self":[{"href":"https:\/\/beautysba.co.uk\/lt\/wp-json\/wp\/v2\/product\/16516","targetHints":{"allow":["GET"]}}],"collection":[{"href":"https:\/\/beautysba.co.uk\/lt\/wp-json\/wp\/v2\/product"}],"about":[{"href":"https:\/\/beautysba.co.uk\/lt\/wp-json\/wp\/v2\/types\/product"}],"replies":[{"embeddable":true,"href":"https:\/\/beautysba.co.uk\/lt\/wp-json\/wp\/v2\/comments?post=16516"}],"wp:featuredmedia":[{"embeddable":true,"href":"https:\/\/beautysba.co.uk\/lt\/wp-json\/wp\/v2\/media\/16514"}],"wp:attachment":[{"href":"https:\/\/beautysba.co.uk\/lt\/wp-json\/wp\/v2\/media?parent=16516"}],"wp:term":[{"taxonomy":"product_brand","embeddable":true,"href":"https:\/\/beautysba.co.uk\/lt\/wp-json\/wp\/v2\/product_brand?post=16516"},{"taxonomy":"product_cat","embeddable":true,"href":"https:\/\/beautysba.co.uk\/lt\/wp-json\/wp\/v2\/product_cat?post=16516"},{"taxonomy":"product_tag","embeddable":true,"href":"https:\/\/beautysba.co.uk\/lt\/wp-json\/wp\/v2\/product_tag?post=16516"}],"curies":[{"name":"wp","href":"https:\/\/api.w.org\/{rel}","templated":true}]}}