{"id":16522,"date":"2025-04-23T07:26:21","date_gmt":"2025-04-23T07:26:21","guid":{"rendered":"https:\/\/beautysba.co.uk\/product\/%d0%b5%d0%b6%d0%be%d0%b2%d0%b8%d0%ba-%d0%b3%d1%80%d0%b5%d0%b1%d0%b5%d0%bd%d1%87%d0%b0%d1%82%d1%8b%d0%b9-%d1%8d%d0%ba%d1%81%d1%82%d1%80%d0%b0%d0%ba%d1%82-500%d0%bc%d0%b3-60%d0%ba%d0%b0%d0%bf-herbin\/"},"modified":"2025-04-23T07:46:54","modified_gmt":"2025-04-23T07:46:54","slug":"%d0%b5%d0%b6%d0%be%d0%b2%d0%b8%d0%ba-%d0%b3%d1%80%d0%b5%d0%b1%d0%b5%d0%bd%d1%87%d0%b0%d1%82%d1%8b%d0%b9-%d1%8d%d0%ba%d1%81%d1%82%d1%80%d0%b0%d0%ba%d1%82-500%d0%bc%d0%b3-60%d0%ba%d0%b0%d0%bf-herbin","status":"publish","type":"product","link":"https:\/\/beautysba.co.uk\/lt\/produktas\/%d0%b5%d0%b6%d0%be%d0%b2%d0%b8%d0%ba-%d0%b3%d1%80%d0%b5%d0%b1%d0%b5%d0%bd%d1%87%d0%b0%d1%82%d1%8b%d0%b9-%d1%8d%d0%ba%d1%81%d1%82%d1%80%d0%b0%d0%ba%d1%82-500%d0%bc%d0%b3-60%d0%ba%d0%b0%d0%bf-herbin\/","title":{"rendered":"E\u017eio \u0161uk\u0173 ekstraktas, 500mg, 60 kapsuli\u0173 &#8211; Herbin"},"content":{"rendered":"<p>Sud\u0117tis<br \/>\nE\u017eio \u0161ukut\u0117s (*Hericium erinaceus* \/ Lion&#8217;s Mane) vaisiak\u016bnio ekstraktas<br \/>\nKapsul\u0117s apvalkalas: Sud\u0117tis: hidroksipropilmetilceliulioz\u0117, vanduo<br \/>\nSud\u0117tis 1 kapsul\u0117je<br \/>\n500 mg e\u017eiuol\u0117s \u0161ukuotin\u0117s (*Hericium erinaceus* \/ Lion&#8217;s Mane) vaisiak\u016bnio ekstrakto<br \/>\nVartojimo instrukcija<br \/>\nSuaugusiesiems rekomenduojama vartoti po 1 kapsul\u0119 per dien\u0105.<\/p>\n<p>Nevir\u0161ykite nustatytos rekomenduojamos doz\u0117s.<br \/>\nMaisto papildas nepakei\u010dia visavert\u0117s mitybos.<br \/>\nSvarbu laikytis \u012fvairios ir subalansuotos mitybos bei sveiko gyvenimo b\u016bdo.<br \/>\nPapildoma informacija<br \/>\nTinka veganams.<br \/>\nLaikyti v\u0117sioje, sausoje vietoje, ne auk\u0161tesn\u0117je kaip +25 \u00b0C temperat\u016broje, vaikams nepasiekiamoje vietoje.<br \/>\nGrynasis svoris: 36 g<br \/>\nGamintojas<br \/>\nHarbin Yeekong Herb Inc, 17 Xinjiang East Road, Harbinas, Kinija.<\/p>\n","protected":false},"excerpt":{"rendered":"<p>Sud\u0117tis E\u017eio \u0161ukut\u0117s (*Hericium erinaceus* \/ Lion&#8217;s Mane) vaisiak\u016bnio ekstraktas Kapsul\u0117s apvalkalas: Sud\u0117tis: hidroksipropilmetilceliulioz\u0117, vanduo Sud\u0117tis 1 kapsul\u0117je 500 mg e\u017eiuol\u0117s \u0161ukuotin\u0117s (*Hericium erinaceus* \/ Lion&#8217;s Mane) vaisiak\u016bnio ekstrakto Vartojimo instrukcija Suaugusiesiems rekomenduojama vartoti po 1 kapsul\u0119 per dien\u0105. Nevir\u0161ykite nustatytos rekomenduojamos doz\u0117s. Maisto papildas nepakei\u010dia visavert\u0117s mitybos. Svarbu laikytis \u012fvairios ir subalansuotos mitybos bei [&hellip;]<\/p>\n","protected":false},"featured_media":16520,"comment_status":"open","ping_status":"closed","template":"","meta":[],"product_brand":[],"product_cat":[192,217,220],"product_tag":[],"class_list":{"0":"post-16522","1":"product","2":"type-product","3":"status-publish","4":"has-post-thumbnail","6":"product_cat-naujienos","7":"product_cat-sveikatos-prieziura","8":"product_cat-zarnyno-sveikata","10":"first","11":"instock","12":"shipping-taxable","13":"purchasable","14":"product-type-simple"},"_links":{"self":[{"href":"https:\/\/beautysba.co.uk\/lt\/wp-json\/wp\/v2\/product\/16522","targetHints":{"allow":["GET"]}}],"collection":[{"href":"https:\/\/beautysba.co.uk\/lt\/wp-json\/wp\/v2\/product"}],"about":[{"href":"https:\/\/beautysba.co.uk\/lt\/wp-json\/wp\/v2\/types\/product"}],"replies":[{"embeddable":true,"href":"https:\/\/beautysba.co.uk\/lt\/wp-json\/wp\/v2\/comments?post=16522"}],"wp:featuredmedia":[{"embeddable":true,"href":"https:\/\/beautysba.co.uk\/lt\/wp-json\/wp\/v2\/media\/16520"}],"wp:attachment":[{"href":"https:\/\/beautysba.co.uk\/lt\/wp-json\/wp\/v2\/media?parent=16522"}],"wp:term":[{"taxonomy":"product_brand","embeddable":true,"href":"https:\/\/beautysba.co.uk\/lt\/wp-json\/wp\/v2\/product_brand?post=16522"},{"taxonomy":"product_cat","embeddable":true,"href":"https:\/\/beautysba.co.uk\/lt\/wp-json\/wp\/v2\/product_cat?post=16522"},{"taxonomy":"product_tag","embeddable":true,"href":"https:\/\/beautysba.co.uk\/lt\/wp-json\/wp\/v2\/product_tag?post=16522"}],"curies":[{"name":"wp","href":"https:\/\/api.w.org\/{rel}","templated":true}]}}