{"id":16535,"date":"2025-04-23T07:29:34","date_gmt":"2025-04-23T07:29:34","guid":{"rendered":"https:\/\/beautysba.co.uk\/product\/%d0%ba%d0%b0%d0%bf%d1%81%d1%83%d0%bb%d1%8b-%d1%81-%d0%ba%d1%83%d1%80%d0%ba%d1%83%d0%bc%d0%b8%d0%bd-%d0%b8-%d0%bf%d0%b8%d0%bf%d0%b5%d1%80%d0%b8%d0%bd-60-%d1%88%d1%82-herbin\/"},"modified":"2025-04-23T07:47:43","modified_gmt":"2025-04-23T07:47:43","slug":"%d0%ba%d0%b0%d0%bf%d1%81%d1%83%d0%bb%d1%8b-%d1%81-%d0%ba%d1%83%d1%80%d0%ba%d1%83%d0%bc%d0%b8%d0%bd-%d0%b8-%d0%bf%d0%b8%d0%bf%d0%b5%d1%80%d0%b8%d0%bd-60-%d1%88%d1%82-herbin","status":"publish","type":"product","link":"https:\/\/beautysba.co.uk\/lt\/produktas\/%d0%ba%d0%b0%d0%bf%d1%81%d1%83%d0%bb%d1%8b-%d1%81-%d0%ba%d1%83%d1%80%d0%ba%d1%83%d0%bc%d0%b8%d0%bd-%d0%b8-%d0%bf%d0%b8%d0%bf%d0%b5%d1%80%d0%b8%d0%bd-60-%d1%88%d1%82-herbin\/","title":{"rendered":"Kurkumino ir piperino kapsul\u0117s, 60 vnt. &#8211; Herbin"},"content":{"rendered":"<p>Sudedamosios dalys: ciber\u017eol\u0117s \u0161akn\u0173 ekstraktas (Curcuma Longa) (sud\u0117tyje yra 95 % kurkuminoid\u0173 (kurkumino)), kapsul\u0117s apvalkalas: hidroksipropilmetilceliulioz\u0117, vanduo; juod\u0173j\u0173 pipir\u0173 ekstraktas (Piper nigrum) (sud\u0117tyje yra 95 % piperino).<\/p>\n<p>1 kapsul\u0117je yra: 480 mg da\u017ein\u0117s ciber\u017eol\u0117s (Curcuma Longa) \u0161aknies ekstrakto, kuriame yra 456 mg kurkuminoid\u0173 (kurkumino). 20 mg juod\u0173j\u0173 pipir\u0173 (Piper nigrum) ekstrakto, kuriame yra 19 mg piperino. <\/p>\n<p>Vartojimas: suaugusiesiems rekomenduojama vartoti po 1 kapsul\u0119 per dien\u0105. Nevir\u0161ykite nustatytos rekomenduojamos doz\u0117s. Maisto papildas netur\u0117t\u0173 b\u016bti vartojamas kaip maisto pakaitalas.<\/p>\n<p>Grynasis kiekis: 36 g<\/p>\n<p>Laikykite sausoje, v\u0117sioje vietoje, ne auk\u0161tesn\u0117je kaip +25 C temperat\u016broje, vaikams nepasiekiamoje vietoje.<\/p>\n","protected":false},"excerpt":{"rendered":"<p>Sudedamosios dalys: ciber\u017eol\u0117s \u0161akn\u0173 ekstraktas (Curcuma Longa) (sud\u0117tyje yra 95 % kurkuminoid\u0173 (kurkumino)), kapsul\u0117s apvalkalas: hidroksipropilmetilceliulioz\u0117, vanduo; juod\u0173j\u0173 pipir\u0173 ekstraktas (Piper nigrum) (sud\u0117tyje yra 95 % piperino). 1 kapsul\u0117je yra: 480 mg da\u017ein\u0117s ciber\u017eol\u0117s (Curcuma Longa) \u0161aknies ekstrakto, kuriame yra 456 mg kurkuminoid\u0173 (kurkumino). 20 mg juod\u0173j\u0173 pipir\u0173 (Piper nigrum) ekstrakto, kuriame yra 19 mg [&hellip;]<\/p>\n","protected":false},"featured_media":16533,"comment_status":"open","ping_status":"closed","template":"","meta":[],"product_brand":[],"product_cat":[192,217,220],"product_tag":[],"class_list":{"0":"post-16535","1":"product","2":"type-product","3":"status-publish","4":"has-post-thumbnail","6":"product_cat-naujienos","7":"product_cat-sveikatos-prieziura","8":"product_cat-zarnyno-sveikata","10":"first","11":"instock","12":"shipping-taxable","13":"purchasable","14":"product-type-simple"},"_links":{"self":[{"href":"https:\/\/beautysba.co.uk\/lt\/wp-json\/wp\/v2\/product\/16535","targetHints":{"allow":["GET"]}}],"collection":[{"href":"https:\/\/beautysba.co.uk\/lt\/wp-json\/wp\/v2\/product"}],"about":[{"href":"https:\/\/beautysba.co.uk\/lt\/wp-json\/wp\/v2\/types\/product"}],"replies":[{"embeddable":true,"href":"https:\/\/beautysba.co.uk\/lt\/wp-json\/wp\/v2\/comments?post=16535"}],"wp:featuredmedia":[{"embeddable":true,"href":"https:\/\/beautysba.co.uk\/lt\/wp-json\/wp\/v2\/media\/16533"}],"wp:attachment":[{"href":"https:\/\/beautysba.co.uk\/lt\/wp-json\/wp\/v2\/media?parent=16535"}],"wp:term":[{"taxonomy":"product_brand","embeddable":true,"href":"https:\/\/beautysba.co.uk\/lt\/wp-json\/wp\/v2\/product_brand?post=16535"},{"taxonomy":"product_cat","embeddable":true,"href":"https:\/\/beautysba.co.uk\/lt\/wp-json\/wp\/v2\/product_cat?post=16535"},{"taxonomy":"product_tag","embeddable":true,"href":"https:\/\/beautysba.co.uk\/lt\/wp-json\/wp\/v2\/product_tag?post=16535"}],"curies":[{"name":"wp","href":"https:\/\/api.w.org\/{rel}","templated":true}]}}